{"id":3140,"date":"2023-04-12T07:03:26","date_gmt":"2023-04-12T07:03:26","guid":{"rendered":"https:\/\/capmanymuntatges.cat\/projets\/"},"modified":"2023-04-13T13:38:03","modified_gmt":"2023-04-13T13:38:03","slug":"projets","status":"publish","type":"page","link":"https:\/\/capmanymuntatges.cat\/fr\/projets\/","title":{"rendered":"Projets"},"content":{"rendered":"\t\t<div data-elementor-type=\"wp-page\" data-elementor-id=\"3140\" class=\"elementor elementor-3140 elementor-3095\" data-elementor-post-type=\"page\">\n\t\t\t\t\t\t<section class=\"elementor-section elementor-top-section elementor-element elementor-element-6e3da48 elementor-section-full_width elementor-section-height-default elementor-section-height-default\" data-id=\"6e3da48\" data-element_type=\"section\" data-e-type=\"section\" data-settings=\"{&quot;background_background&quot;:&quot;classic&quot;}\">\n\t\t\t\t\t\t<div class=\"elementor-container elementor-column-gap-custom\">\n\t\t\t\t\t<div class=\"elementor-column elementor-col-33 elementor-top-column elementor-element elementor-element-769fb4f\" data-id=\"769fb4f\" data-element_type=\"column\" data-e-type=\"column\">\n\t\t\t<div class=\"elementor-widget-wrap elementor-element-populated\">\n\t\t\t\t\t\t<div class=\"elementor-element elementor-element-e6c93fc elementor-position-top elementor-widget elementor-widget-image-box\" data-id=\"e6c93fc\" data-element_type=\"widget\" data-e-type=\"widget\" data-widget_type=\"image-box.default\">\n\t\t\t\t<div class=\"elementor-widget-container\">\n\t\t\t\t\t<div class=\"elementor-image-box-wrapper\"><figure class=\"elementor-image-box-img\"><img fetchpriority=\"high\" decoding=\"async\" width=\"2560\" height=\"1920\" src=\"https:\/\/capmanymuntatges.cat\/wp-content\/uploads\/2023\/04\/CALSINA-CARRE-TRANSPORTS_ENVA-MOBIL-scaled.jpg\" class=\"attachment-full size-full wp-image-3111\" alt=\"Tabic m\u00f2bil ac\u00fastic Capmany Muntatges\" srcset=\"https:\/\/capmanymuntatges.cat\/wp-content\/uploads\/2023\/04\/CALSINA-CARRE-TRANSPORTS_ENVA-MOBIL-scaled.jpg 2560w, https:\/\/capmanymuntatges.cat\/wp-content\/uploads\/2023\/04\/CALSINA-CARRE-TRANSPORTS_ENVA-MOBIL-300x225.jpg 300w, https:\/\/capmanymuntatges.cat\/wp-content\/uploads\/2023\/04\/CALSINA-CARRE-TRANSPORTS_ENVA-MOBIL-1024x768.jpg 1024w, https:\/\/capmanymuntatges.cat\/wp-content\/uploads\/2023\/04\/CALSINA-CARRE-TRANSPORTS_ENVA-MOBIL-768x576.jpg 768w, https:\/\/capmanymuntatges.cat\/wp-content\/uploads\/2023\/04\/CALSINA-CARRE-TRANSPORTS_ENVA-MOBIL-1536x1152.jpg 1536w, https:\/\/capmanymuntatges.cat\/wp-content\/uploads\/2023\/04\/CALSINA-CARRE-TRANSPORTS_ENVA-MOBIL-2048x1536.jpg 2048w, https:\/\/capmanymuntatges.cat\/wp-content\/uploads\/2023\/04\/CALSINA-CARRE-TRANSPORTS_ENVA-MOBIL-600x450.jpg 600w\" sizes=\"(max-width: 2560px) 100vw, 2560px\" \/><\/figure><div class=\"elementor-image-box-content\"><h3 class=\"elementor-image-box-title\">Calsina Carr\u00e8 Transports<\/h3><p class=\"elementor-image-box-description\">Cloison Mobile<\/p><\/div><\/div>\t\t\t\t<\/div>\n\t\t\t\t<\/div>\n\t\t\t\t\t<\/div>\n\t\t<\/div>\n\t\t\t\t<div class=\"elementor-column elementor-col-33 elementor-top-column elementor-element elementor-element-799da3b\" data-id=\"799da3b\" data-element_type=\"column\" data-e-type=\"column\">\n\t\t\t<div class=\"elementor-widget-wrap elementor-element-populated\">\n\t\t\t\t\t\t<div class=\"elementor-element elementor-element-bce5778 elementor-position-top elementor-widget elementor-widget-image-box\" data-id=\"bce5778\" data-element_type=\"widget\" data-e-type=\"widget\" data-widget_type=\"image-box.default\">\n\t\t\t\t<div class=\"elementor-widget-container\">\n\t\t\t\t\t<div class=\"elementor-image-box-wrapper\"><figure class=\"elementor-image-box-img\"><img decoding=\"async\" width=\"2560\" height=\"1920\" src=\"https:\/\/capmanymuntatges.cat\/wp-content\/uploads\/2023\/04\/TRANSGOURMET-IBERICA_MAMPARA-WORK-scaled.jpg\" class=\"attachment-full size-full wp-image-3126\" alt=\"Mampara oficina WORK Capmany Muntatges\" srcset=\"https:\/\/capmanymuntatges.cat\/wp-content\/uploads\/2023\/04\/TRANSGOURMET-IBERICA_MAMPARA-WORK-scaled.jpg 2560w, https:\/\/capmanymuntatges.cat\/wp-content\/uploads\/2023\/04\/TRANSGOURMET-IBERICA_MAMPARA-WORK-300x225.jpg 300w, https:\/\/capmanymuntatges.cat\/wp-content\/uploads\/2023\/04\/TRANSGOURMET-IBERICA_MAMPARA-WORK-1024x768.jpg 1024w, https:\/\/capmanymuntatges.cat\/wp-content\/uploads\/2023\/04\/TRANSGOURMET-IBERICA_MAMPARA-WORK-768x576.jpg 768w, https:\/\/capmanymuntatges.cat\/wp-content\/uploads\/2023\/04\/TRANSGOURMET-IBERICA_MAMPARA-WORK-1536x1152.jpg 1536w, https:\/\/capmanymuntatges.cat\/wp-content\/uploads\/2023\/04\/TRANSGOURMET-IBERICA_MAMPARA-WORK-2048x1536.jpg 2048w, https:\/\/capmanymuntatges.cat\/wp-content\/uploads\/2023\/04\/TRANSGOURMET-IBERICA_MAMPARA-WORK-600x450.jpg 600w\" sizes=\"(max-width: 2560px) 100vw, 2560px\" \/><\/figure><div class=\"elementor-image-box-content\"><h3 class=\"elementor-image-box-title\">Transgourmet Ib\u00e9rica<\/h3><p class=\"elementor-image-box-description\">Cloison de Bureaux Work<\/p><\/div><\/div>\t\t\t\t<\/div>\n\t\t\t\t<\/div>\n\t\t\t\t\t<\/div>\n\t\t<\/div>\n\t\t\t\t<div class=\"elementor-column elementor-col-33 elementor-top-column elementor-element elementor-element-c58cd27\" data-id=\"c58cd27\" data-element_type=\"column\" data-e-type=\"column\">\n\t\t\t<div class=\"elementor-widget-wrap elementor-element-populated\">\n\t\t\t\t\t\t<div class=\"elementor-element elementor-element-36acde2 elementor-position-top elementor-widget elementor-widget-image-box\" data-id=\"36acde2\" data-element_type=\"widget\" data-e-type=\"widget\" data-widget_type=\"image-box.default\">\n\t\t\t\t<div class=\"elementor-widget-container\">\n\t\t\t\t\t<div class=\"elementor-image-box-wrapper\"><figure class=\"elementor-image-box-img\"><img decoding=\"async\" width=\"1600\" height=\"1200\" src=\"https:\/\/capmanymuntatges.cat\/wp-content\/uploads\/2023\/04\/PAVELLO-MUNICIPAL-DE-ROSES_FENOLICS.jpg\" class=\"attachment-full size-full wp-image-3120\" alt=\"Cabines fen\u00f2liques de colors Capmany Muntatges\" srcset=\"https:\/\/capmanymuntatges.cat\/wp-content\/uploads\/2023\/04\/PAVELLO-MUNICIPAL-DE-ROSES_FENOLICS.jpg 1600w, https:\/\/capmanymuntatges.cat\/wp-content\/uploads\/2023\/04\/PAVELLO-MUNICIPAL-DE-ROSES_FENOLICS-300x225.jpg 300w, https:\/\/capmanymuntatges.cat\/wp-content\/uploads\/2023\/04\/PAVELLO-MUNICIPAL-DE-ROSES_FENOLICS-1024x768.jpg 1024w, https:\/\/capmanymuntatges.cat\/wp-content\/uploads\/2023\/04\/PAVELLO-MUNICIPAL-DE-ROSES_FENOLICS-768x576.jpg 768w, https:\/\/capmanymuntatges.cat\/wp-content\/uploads\/2023\/04\/PAVELLO-MUNICIPAL-DE-ROSES_FENOLICS-1536x1152.jpg 1536w, https:\/\/capmanymuntatges.cat\/wp-content\/uploads\/2023\/04\/PAVELLO-MUNICIPAL-DE-ROSES_FENOLICS-600x450.jpg 600w\" sizes=\"(max-width: 1600px) 100vw, 1600px\" \/><\/figure><div class=\"elementor-image-box-content\"><h3 class=\"elementor-image-box-title\">Pavillon Municipal de Roses<\/h3><p class=\"elementor-image-box-description\">Ph\u00e9noliques<\/p><\/div><\/div>\t\t\t\t<\/div>\n\t\t\t\t<\/div>\n\t\t\t\t\t<\/div>\n\t\t<\/div>\n\t\t\t\t\t<\/div>\n\t\t<\/section>\n\t\t\t\t<section class=\"elementor-section elementor-top-section elementor-element elementor-element-383a515 elementor-section-full_width elementor-section-height-default elementor-section-height-default\" data-id=\"383a515\" data-element_type=\"section\" data-e-type=\"section\" data-settings=\"{&quot;background_background&quot;:&quot;classic&quot;}\">\n\t\t\t\t\t\t<div class=\"elementor-container elementor-column-gap-custom\">\n\t\t\t\t\t<div class=\"elementor-column elementor-col-33 elementor-top-column elementor-element elementor-element-f46582c\" data-id=\"f46582c\" data-element_type=\"column\" data-e-type=\"column\">\n\t\t\t<div class=\"elementor-widget-wrap elementor-element-populated\">\n\t\t\t\t\t\t<div class=\"elementor-element elementor-element-db5f966 elementor-position-top elementor-widget elementor-widget-image-box\" data-id=\"db5f966\" data-element_type=\"widget\" data-e-type=\"widget\" data-widget_type=\"image-box.default\">\n\t\t\t\t<div class=\"elementor-widget-container\">\n\t\t\t\t\t<div class=\"elementor-image-box-wrapper\"><figure class=\"elementor-image-box-img\"><img loading=\"lazy\" decoding=\"async\" width=\"1925\" height=\"867\" src=\"https:\/\/capmanymuntatges.cat\/wp-content\/uploads\/2023\/04\/METENIC_MAMPARA-GLASS-30.jpg\" class=\"attachment-full size-full wp-image-3117\" alt=\"Mampara Glass-30 amb portes de color gris antracita Capmany Muntatges\" srcset=\"https:\/\/capmanymuntatges.cat\/wp-content\/uploads\/2023\/04\/METENIC_MAMPARA-GLASS-30.jpg 1925w, https:\/\/capmanymuntatges.cat\/wp-content\/uploads\/2023\/04\/METENIC_MAMPARA-GLASS-30-300x135.jpg 300w, https:\/\/capmanymuntatges.cat\/wp-content\/uploads\/2023\/04\/METENIC_MAMPARA-GLASS-30-1024x461.jpg 1024w, https:\/\/capmanymuntatges.cat\/wp-content\/uploads\/2023\/04\/METENIC_MAMPARA-GLASS-30-768x346.jpg 768w, https:\/\/capmanymuntatges.cat\/wp-content\/uploads\/2023\/04\/METENIC_MAMPARA-GLASS-30-1536x692.jpg 1536w, https:\/\/capmanymuntatges.cat\/wp-content\/uploads\/2023\/04\/METENIC_MAMPARA-GLASS-30-600x270.jpg 600w\" sizes=\"(max-width: 1925px) 100vw, 1925px\" \/><\/figure><div class=\"elementor-image-box-content\"><h3 class=\"elementor-image-box-title\">Metenic<\/h3><p class=\"elementor-image-box-description\">Cloison de Bureaux Glass-30<\/p><\/div><\/div>\t\t\t\t<\/div>\n\t\t\t\t<\/div>\n\t\t\t\t\t<\/div>\n\t\t<\/div>\n\t\t\t\t<div class=\"elementor-column elementor-col-33 elementor-top-column elementor-element elementor-element-457e2c8\" data-id=\"457e2c8\" data-element_type=\"column\" data-e-type=\"column\">\n\t\t\t<div class=\"elementor-widget-wrap elementor-element-populated\">\n\t\t\t\t\t\t<div class=\"elementor-element elementor-element-82dfddf elementor-position-top elementor-widget elementor-widget-image-box\" data-id=\"82dfddf\" data-element_type=\"widget\" data-e-type=\"widget\" data-widget_type=\"image-box.default\">\n\t\t\t\t<div class=\"elementor-widget-container\">\n\t\t\t\t\t<div class=\"elementor-image-box-wrapper\"><figure class=\"elementor-image-box-img\"><img loading=\"lazy\" decoding=\"async\" width=\"2560\" height=\"1152\" src=\"https:\/\/capmanymuntatges.cat\/wp-content\/uploads\/2023\/04\/CIMALSA-CIM-LA-SELVA_MAMPARA-WORK-scaled.jpg\" class=\"attachment-full size-full wp-image-3114\" alt=\"Mampara oficina WORK-ONE Capmany Muntatges\" srcset=\"https:\/\/capmanymuntatges.cat\/wp-content\/uploads\/2023\/04\/CIMALSA-CIM-LA-SELVA_MAMPARA-WORK-scaled.jpg 2560w, https:\/\/capmanymuntatges.cat\/wp-content\/uploads\/2023\/04\/CIMALSA-CIM-LA-SELVA_MAMPARA-WORK-300x135.jpg 300w, https:\/\/capmanymuntatges.cat\/wp-content\/uploads\/2023\/04\/CIMALSA-CIM-LA-SELVA_MAMPARA-WORK-1024x461.jpg 1024w, https:\/\/capmanymuntatges.cat\/wp-content\/uploads\/2023\/04\/CIMALSA-CIM-LA-SELVA_MAMPARA-WORK-768x346.jpg 768w, https:\/\/capmanymuntatges.cat\/wp-content\/uploads\/2023\/04\/CIMALSA-CIM-LA-SELVA_MAMPARA-WORK-1536x691.jpg 1536w, https:\/\/capmanymuntatges.cat\/wp-content\/uploads\/2023\/04\/CIMALSA-CIM-LA-SELVA_MAMPARA-WORK-2048x922.jpg 2048w, https:\/\/capmanymuntatges.cat\/wp-content\/uploads\/2023\/04\/CIMALSA-CIM-LA-SELVA_MAMPARA-WORK-600x270.jpg 600w\" sizes=\"(max-width: 2560px) 100vw, 2560px\" \/><\/figure><div class=\"elementor-image-box-content\"><h3 class=\"elementor-image-box-title\">Cimalsa Cim La Selva<\/h3><p class=\"elementor-image-box-description\">Cloison de Bureaux Work<\/p><\/div><\/div>\t\t\t\t<\/div>\n\t\t\t\t<\/div>\n\t\t\t\t\t<\/div>\n\t\t<\/div>\n\t\t\t\t<div class=\"elementor-column elementor-col-33 elementor-top-column elementor-element elementor-element-1428a83\" data-id=\"1428a83\" data-element_type=\"column\" data-e-type=\"column\">\n\t\t\t<div class=\"elementor-widget-wrap elementor-element-populated\">\n\t\t\t\t\t\t<div class=\"elementor-element elementor-element-8a79169 elementor-position-top elementor-widget elementor-widget-image-box\" data-id=\"8a79169\" data-element_type=\"widget\" data-e-type=\"widget\" data-widget_type=\"image-box.default\">\n\t\t\t\t<div class=\"elementor-widget-container\">\n\t\t\t\t\t<div class=\"elementor-image-box-wrapper\"><figure class=\"elementor-image-box-img\"><img loading=\"lazy\" decoding=\"async\" width=\"2560\" height=\"1152\" src=\"https:\/\/capmanymuntatges.cat\/wp-content\/uploads\/2023\/04\/SCANIA-CAMIO-GRUP_OFICINES-scaled.jpg\" class=\"attachment-full size-full wp-image-3123\" alt=\"Mampara oficina GLASS-30 Capmany Muntatges\" srcset=\"https:\/\/capmanymuntatges.cat\/wp-content\/uploads\/2023\/04\/SCANIA-CAMIO-GRUP_OFICINES-scaled.jpg 2560w, https:\/\/capmanymuntatges.cat\/wp-content\/uploads\/2023\/04\/SCANIA-CAMIO-GRUP_OFICINES-300x135.jpg 300w, https:\/\/capmanymuntatges.cat\/wp-content\/uploads\/2023\/04\/SCANIA-CAMIO-GRUP_OFICINES-1024x461.jpg 1024w, https:\/\/capmanymuntatges.cat\/wp-content\/uploads\/2023\/04\/SCANIA-CAMIO-GRUP_OFICINES-768x346.jpg 768w, https:\/\/capmanymuntatges.cat\/wp-content\/uploads\/2023\/04\/SCANIA-CAMIO-GRUP_OFICINES-1536x691.jpg 1536w, https:\/\/capmanymuntatges.cat\/wp-content\/uploads\/2023\/04\/SCANIA-CAMIO-GRUP_OFICINES-2048x922.jpg 2048w, https:\/\/capmanymuntatges.cat\/wp-content\/uploads\/2023\/04\/SCANIA-CAMIO-GRUP_OFICINES-600x270.jpg 600w\" sizes=\"(max-width: 2560px) 100vw, 2560px\" \/><\/figure><div class=\"elementor-image-box-content\"><h3 class=\"elementor-image-box-title\">Scania Cami\u00f3 Grup<\/h3><p class=\"elementor-image-box-description\">Des bureaux<\/p><\/div><\/div>\t\t\t\t<\/div>\n\t\t\t\t<\/div>\n\t\t\t\t\t<\/div>\n\t\t<\/div>\n\t\t\t\t\t<\/div>\n\t\t<\/section>\n\t\t\t\t<\/div>\n\t\t","protected":false},"excerpt":{"rendered":"<p>Calsina Carr\u00e8 Transports Cloison Mobile Transgourmet Ib\u00e9rica Cloison de Bureaux Work Pavillon Municipal de Roses Ph\u00e9noliques Metenic Cloison de Bureaux Glass-30 Cimalsa Cim La Selva Cloison de Bureaux Work Scania Cami\u00f3 Grup Des bureaux<\/p>\n","protected":false},"author":1,"featured_media":0,"parent":0,"menu_order":0,"comment_status":"closed","ping_status":"closed","template":"","meta":{"_acf_changed":false,"footnotes":""},"class_list":["post-3140","page","type-page","status-publish"],"acf":[],"yoast_head":"<!-- This site is optimized with the Yoast SEO plugin v27.6 - https:\/\/yoast.com\/product\/yoast-seo-wordpress\/ -->\n<title>Projets - Capmany Muntatges<\/title>\n<meta name=\"robots\" content=\"index, follow, max-snippet:-1, max-image-preview:large, max-video-preview:-1\" \/>\n<link rel=\"canonical\" href=\"https:\/\/capmanymuntatges.cat\/fr\/projets\/\" \/>\n<meta property=\"og:locale\" content=\"fr_FR\" \/>\n<meta property=\"og:type\" content=\"article\" \/>\n<meta property=\"og:title\" content=\"Projets - Capmany Muntatges\" \/>\n<meta property=\"og:description\" content=\"Calsina Carr\u00e8 Transports Cloison Mobile Transgourmet Ib\u00e9rica Cloison de Bureaux Work Pavillon Municipal de Roses Ph\u00e9noliques Metenic Cloison de Bureaux Glass-30 Cimalsa Cim La Selva Cloison de Bureaux Work Scania Cami\u00f3 Grup Des bureaux\" \/>\n<meta property=\"og:url\" content=\"https:\/\/capmanymuntatges.cat\/fr\/projets\/\" \/>\n<meta property=\"og:site_name\" content=\"Capmany Muntatges\" \/>\n<meta property=\"article:modified_time\" content=\"2023-04-13T13:38:03+00:00\" \/>\n<meta property=\"og:image\" content=\"https:\/\/capmanymuntatges.cat\/wp-content\/uploads\/2023\/04\/CALSINA-CARRE-TRANSPORTS_ENVA-MOBIL-scaled.jpg\" \/>\n<meta name=\"twitter:card\" content=\"summary_large_image\" \/>\n<script type=\"application\/ld+json\" class=\"yoast-schema-graph\">{\"@context\":\"https:\\\/\\\/schema.org\",\"@graph\":[{\"@type\":\"WebPage\",\"@id\":\"https:\\\/\\\/capmanymuntatges.cat\\\/fr\\\/projets\\\/\",\"url\":\"https:\\\/\\\/capmanymuntatges.cat\\\/fr\\\/projets\\\/\",\"name\":\"Projets - Capmany Muntatges\",\"isPartOf\":{\"@id\":\"https:\\\/\\\/capmanymuntatges.cat\\\/fr\\\/#website\"},\"primaryImageOfPage\":{\"@id\":\"https:\\\/\\\/capmanymuntatges.cat\\\/fr\\\/projets\\\/#primaryimage\"},\"image\":{\"@id\":\"https:\\\/\\\/capmanymuntatges.cat\\\/fr\\\/projets\\\/#primaryimage\"},\"thumbnailUrl\":\"https:\\\/\\\/capmanymuntatges.cat\\\/wp-content\\\/uploads\\\/2023\\\/04\\\/CALSINA-CARRE-TRANSPORTS_ENVA-MOBIL-scaled.jpg\",\"datePublished\":\"2023-04-12T07:03:26+00:00\",\"dateModified\":\"2023-04-13T13:38:03+00:00\",\"breadcrumb\":{\"@id\":\"https:\\\/\\\/capmanymuntatges.cat\\\/fr\\\/projets\\\/#breadcrumb\"},\"inLanguage\":\"fr-FR\",\"potentialAction\":[{\"@type\":\"ReadAction\",\"target\":[\"https:\\\/\\\/capmanymuntatges.cat\\\/fr\\\/projets\\\/\"]}]},{\"@type\":\"ImageObject\",\"inLanguage\":\"fr-FR\",\"@id\":\"https:\\\/\\\/capmanymuntatges.cat\\\/fr\\\/projets\\\/#primaryimage\",\"url\":\"https:\\\/\\\/capmanymuntatges.cat\\\/wp-content\\\/uploads\\\/2023\\\/04\\\/CALSINA-CARRE-TRANSPORTS_ENVA-MOBIL-scaled.jpg\",\"contentUrl\":\"https:\\\/\\\/capmanymuntatges.cat\\\/wp-content\\\/uploads\\\/2023\\\/04\\\/CALSINA-CARRE-TRANSPORTS_ENVA-MOBIL-scaled.jpg\"},{\"@type\":\"BreadcrumbList\",\"@id\":\"https:\\\/\\\/capmanymuntatges.cat\\\/fr\\\/projets\\\/#breadcrumb\",\"itemListElement\":[{\"@type\":\"ListItem\",\"position\":1,\"name\":\"Portada\",\"item\":\"https:\\\/\\\/capmanymuntatges.cat\\\/fr\\\/\"},{\"@type\":\"ListItem\",\"position\":2,\"name\":\"Projets\"}]},{\"@type\":\"WebSite\",\"@id\":\"https:\\\/\\\/capmanymuntatges.cat\\\/fr\\\/#website\",\"url\":\"https:\\\/\\\/capmanymuntatges.cat\\\/fr\\\/\",\"name\":\"Capmany Muntatges\",\"description\":\"Mobiliari d&#039;oficina\",\"publisher\":{\"@id\":\"https:\\\/\\\/capmanymuntatges.cat\\\/fr\\\/#organization\"},\"potentialAction\":[{\"@type\":\"SearchAction\",\"target\":{\"@type\":\"EntryPoint\",\"urlTemplate\":\"https:\\\/\\\/capmanymuntatges.cat\\\/fr\\\/?s={search_term_string}\"},\"query-input\":{\"@type\":\"PropertyValueSpecification\",\"valueRequired\":true,\"valueName\":\"search_term_string\"}}],\"inLanguage\":\"fr-FR\"},{\"@type\":\"Organization\",\"@id\":\"https:\\\/\\\/capmanymuntatges.cat\\\/fr\\\/#organization\",\"name\":\"Capmany Muntatges\",\"url\":\"https:\\\/\\\/capmanymuntatges.cat\\\/fr\\\/\",\"logo\":{\"@type\":\"ImageObject\",\"inLanguage\":\"fr-FR\",\"@id\":\"https:\\\/\\\/capmanymuntatges.cat\\\/fr\\\/#\\\/schema\\\/logo\\\/image\\\/\",\"url\":\"https:\\\/\\\/capmanymuntatges.cat\\\/wp-content\\\/uploads\\\/2023\\\/03\\\/logo-capmany-muntatges.png\",\"contentUrl\":\"https:\\\/\\\/capmanymuntatges.cat\\\/wp-content\\\/uploads\\\/2023\\\/03\\\/logo-capmany-muntatges.png\",\"width\":818,\"height\":285,\"caption\":\"Capmany Muntatges\"},\"image\":{\"@id\":\"https:\\\/\\\/capmanymuntatges.cat\\\/fr\\\/#\\\/schema\\\/logo\\\/image\\\/\"}}]}<\/script>\n<!-- \/ Yoast SEO plugin. -->","yoast_head_json":{"title":"Projets - Capmany Muntatges","robots":{"index":"index","follow":"follow","max-snippet":"max-snippet:-1","max-image-preview":"max-image-preview:large","max-video-preview":"max-video-preview:-1"},"canonical":"https:\/\/capmanymuntatges.cat\/fr\/projets\/","og_locale":"fr_FR","og_type":"article","og_title":"Projets - Capmany Muntatges","og_description":"Calsina Carr\u00e8 Transports Cloison Mobile Transgourmet Ib\u00e9rica Cloison de Bureaux Work Pavillon Municipal de Roses Ph\u00e9noliques Metenic Cloison de Bureaux Glass-30 Cimalsa Cim La Selva Cloison de Bureaux Work Scania Cami\u00f3 Grup Des bureaux","og_url":"https:\/\/capmanymuntatges.cat\/fr\/projets\/","og_site_name":"Capmany Muntatges","article_modified_time":"2023-04-13T13:38:03+00:00","og_image":[{"url":"https:\/\/capmanymuntatges.cat\/wp-content\/uploads\/2023\/04\/CALSINA-CARRE-TRANSPORTS_ENVA-MOBIL-scaled.jpg","type":"","width":"","height":""}],"twitter_card":"summary_large_image","schema":{"@context":"https:\/\/schema.org","@graph":[{"@type":"WebPage","@id":"https:\/\/capmanymuntatges.cat\/fr\/projets\/","url":"https:\/\/capmanymuntatges.cat\/fr\/projets\/","name":"Projets - Capmany Muntatges","isPartOf":{"@id":"https:\/\/capmanymuntatges.cat\/fr\/#website"},"primaryImageOfPage":{"@id":"https:\/\/capmanymuntatges.cat\/fr\/projets\/#primaryimage"},"image":{"@id":"https:\/\/capmanymuntatges.cat\/fr\/projets\/#primaryimage"},"thumbnailUrl":"https:\/\/capmanymuntatges.cat\/wp-content\/uploads\/2023\/04\/CALSINA-CARRE-TRANSPORTS_ENVA-MOBIL-scaled.jpg","datePublished":"2023-04-12T07:03:26+00:00","dateModified":"2023-04-13T13:38:03+00:00","breadcrumb":{"@id":"https:\/\/capmanymuntatges.cat\/fr\/projets\/#breadcrumb"},"inLanguage":"fr-FR","potentialAction":[{"@type":"ReadAction","target":["https:\/\/capmanymuntatges.cat\/fr\/projets\/"]}]},{"@type":"ImageObject","inLanguage":"fr-FR","@id":"https:\/\/capmanymuntatges.cat\/fr\/projets\/#primaryimage","url":"https:\/\/capmanymuntatges.cat\/wp-content\/uploads\/2023\/04\/CALSINA-CARRE-TRANSPORTS_ENVA-MOBIL-scaled.jpg","contentUrl":"https:\/\/capmanymuntatges.cat\/wp-content\/uploads\/2023\/04\/CALSINA-CARRE-TRANSPORTS_ENVA-MOBIL-scaled.jpg"},{"@type":"BreadcrumbList","@id":"https:\/\/capmanymuntatges.cat\/fr\/projets\/#breadcrumb","itemListElement":[{"@type":"ListItem","position":1,"name":"Portada","item":"https:\/\/capmanymuntatges.cat\/fr\/"},{"@type":"ListItem","position":2,"name":"Projets"}]},{"@type":"WebSite","@id":"https:\/\/capmanymuntatges.cat\/fr\/#website","url":"https:\/\/capmanymuntatges.cat\/fr\/","name":"Capmany Muntatges","description":"Mobiliari d&#039;oficina","publisher":{"@id":"https:\/\/capmanymuntatges.cat\/fr\/#organization"},"potentialAction":[{"@type":"SearchAction","target":{"@type":"EntryPoint","urlTemplate":"https:\/\/capmanymuntatges.cat\/fr\/?s={search_term_string}"},"query-input":{"@type":"PropertyValueSpecification","valueRequired":true,"valueName":"search_term_string"}}],"inLanguage":"fr-FR"},{"@type":"Organization","@id":"https:\/\/capmanymuntatges.cat\/fr\/#organization","name":"Capmany Muntatges","url":"https:\/\/capmanymuntatges.cat\/fr\/","logo":{"@type":"ImageObject","inLanguage":"fr-FR","@id":"https:\/\/capmanymuntatges.cat\/fr\/#\/schema\/logo\/image\/","url":"https:\/\/capmanymuntatges.cat\/wp-content\/uploads\/2023\/03\/logo-capmany-muntatges.png","contentUrl":"https:\/\/capmanymuntatges.cat\/wp-content\/uploads\/2023\/03\/logo-capmany-muntatges.png","width":818,"height":285,"caption":"Capmany Muntatges"},"image":{"@id":"https:\/\/capmanymuntatges.cat\/fr\/#\/schema\/logo\/image\/"}}]}},"_links":{"self":[{"href":"https:\/\/capmanymuntatges.cat\/fr\/wp-json\/wp\/v2\/pages\/3140","targetHints":{"allow":["GET"]}}],"collection":[{"href":"https:\/\/capmanymuntatges.cat\/fr\/wp-json\/wp\/v2\/pages"}],"about":[{"href":"https:\/\/capmanymuntatges.cat\/fr\/wp-json\/wp\/v2\/types\/page"}],"author":[{"embeddable":true,"href":"https:\/\/capmanymuntatges.cat\/fr\/wp-json\/wp\/v2\/users\/1"}],"replies":[{"embeddable":true,"href":"https:\/\/capmanymuntatges.cat\/fr\/wp-json\/wp\/v2\/comments?post=3140"}],"version-history":[{"count":4,"href":"https:\/\/capmanymuntatges.cat\/fr\/wp-json\/wp\/v2\/pages\/3140\/revisions"}],"predecessor-version":[{"id":3150,"href":"https:\/\/capmanymuntatges.cat\/fr\/wp-json\/wp\/v2\/pages\/3140\/revisions\/3150"}],"wp:attachment":[{"href":"https:\/\/capmanymuntatges.cat\/fr\/wp-json\/wp\/v2\/media?parent=3140"}],"curies":[{"name":"wp","href":"https:\/\/api.w.org\/{rel}","templated":true}]}}