{"id":1916,"date":"2021-08-10T11:21:41","date_gmt":"2021-08-10T11:21:41","guid":{"rendered":"http:\/\/dev.capmanymuntatges.cat\/a-propos-de-nous\/"},"modified":"2023-06-15T15:35:42","modified_gmt":"2023-06-15T15:35:42","slug":"entreprise-montage-bureau-languedoc-roussillon","status":"publish","type":"page","link":"https:\/\/capmanymuntatges.cat\/fr\/entreprise-montage-bureau-languedoc-roussillon\/","title":{"rendered":"\u00c0 propos de nous"},"content":{"rendered":"\t\t<div data-elementor-type=\"wp-page\" data-elementor-id=\"1916\" class=\"elementor elementor-1916 elementor-832\" data-elementor-post-type=\"page\">\n\t\t\t\t\t\t<section class=\"elementor-section elementor-top-section elementor-element elementor-element-e96708e elementor-section-full_width elementor-section-height-default elementor-section-height-default\" data-id=\"e96708e\" data-element_type=\"section\" data-e-type=\"section\">\n\t\t\t\t\t\t<div class=\"elementor-container elementor-column-gap-no\">\n\t\t\t\t\t<div class=\"elementor-column elementor-col-100 elementor-top-column elementor-element elementor-element-6b50ee6\" data-id=\"6b50ee6\" data-element_type=\"column\" data-e-type=\"column\">\n\t\t\t<div class=\"elementor-widget-wrap elementor-element-populated\">\n\t\t\t\t\t\t<div class=\"elementor-element elementor-element-0f38271 elementor--h-position-center elementor--v-position-middle elementor-arrows-position-inside elementor-pagination-position-inside elementor-widget elementor-widget-slides\" data-id=\"0f38271\" data-element_type=\"widget\" data-e-type=\"widget\" data-settings=\"{&quot;navigation&quot;:&quot;both&quot;,&quot;autoplay&quot;:&quot;yes&quot;,&quot;pause_on_hover&quot;:&quot;yes&quot;,&quot;pause_on_interaction&quot;:&quot;yes&quot;,&quot;autoplay_speed&quot;:5000,&quot;infinite&quot;:&quot;yes&quot;,&quot;transition&quot;:&quot;slide&quot;,&quot;transition_speed&quot;:500}\" data-widget_type=\"slides.default\">\n\t\t\t\t<div class=\"elementor-widget-container\">\n\t\t\t\t\t\t\t\t\t<div class=\"elementor-swiper\">\n\t\t\t\t\t<div class=\"elementor-slides-wrapper elementor-main-swiper swiper\" role=\"region\" aria-roledescription=\"carousel\" aria-label=\"Diapositives\" dir=\"ltr\" data-animation=\"fadeInUp\">\n\t\t\t\t<div class=\"swiper-wrapper elementor-slides\">\n\t\t\t\t\t\t\t\t\t\t<div class=\"elementor-repeater-item-744f502 swiper-slide\" role=\"group\" aria-roledescription=\"slide\"><div class=\"swiper-slide-bg\" role=\"img\" aria-label=\"mobles_oficina_capmanymuntatges-1-\"><\/div><div class=\"swiper-slide-inner\" ><div class=\"swiper-slide-contents\"><div class=\"elementor-slide-heading\">\u00c0 propos de nous<\/div><\/div><\/div><\/div>\t\t\t\t<\/div>\n\t\t\t\t\t\t\t<\/div>\n\t\t\t\t<\/div>\n\t\t\t\t\t\t\t\t<\/div>\n\t\t\t\t<\/div>\n\t\t\t\t\t<\/div>\n\t\t<\/div>\n\t\t\t\t\t<\/div>\n\t\t<\/section>\n\t\t\t\t<section class=\"elementor-section elementor-top-section elementor-element elementor-element-6ddf05e elementor-section-boxed elementor-section-height-default elementor-section-height-default\" data-id=\"6ddf05e\" data-element_type=\"section\" data-e-type=\"section\">\n\t\t\t\t\t\t<div class=\"elementor-container elementor-column-gap-default\">\n\t\t\t\t\t<div class=\"elementor-column elementor-col-100 elementor-top-column elementor-element elementor-element-f73de2b\" data-id=\"f73de2b\" data-element_type=\"column\" data-e-type=\"column\">\n\t\t\t<div class=\"elementor-widget-wrap elementor-element-populated\">\n\t\t\t\t\t\t<section class=\"elementor-section elementor-inner-section elementor-element elementor-element-6057617 elementor-section-boxed elementor-section-height-default elementor-section-height-default\" data-id=\"6057617\" data-element_type=\"section\" data-e-type=\"section\">\n\t\t\t\t\t\t<div class=\"elementor-container elementor-column-gap-default\">\n\t\t\t\t\t<div class=\"elementor-column elementor-col-50 elementor-inner-column elementor-element elementor-element-2d5d944\" data-id=\"2d5d944\" data-element_type=\"column\" data-e-type=\"column\">\n\t\t\t<div class=\"elementor-widget-wrap elementor-element-populated\">\n\t\t\t\t\t\t<div class=\"elementor-element elementor-element-8f94ae2 elementor-widget elementor-widget-text-editor\" data-id=\"8f94ae2\" data-element_type=\"widget\" data-e-type=\"widget\" data-widget_type=\"text-editor.default\">\n\t\t\t\t<div class=\"elementor-widget-container\">\n\t\t\t\t\t\t\t\t\t<h2><strong>QUI SOMMES NOUS?<\/strong><\/h2>\n<p>Capmany Muntatges est une entreprise situ\u00e9e dans la province de G\u00e9rone, avec plus de 30 ans d\u2019exp\u00e9rience dans le secteur de l\u2019installation et du montage de bureaux. Notre mission et de cr\u00e9er des environnements de travail adapt\u00e9s aux besoins de nos clients. Nous proposons diff\u00e9rents services et facilitons ainsi la coordination de tous les travaux sur \u0153uvre.<\/p>\n\t\t\t\t\t\t\t\t<\/div>\n\t\t\t\t<\/div>\n\t\t\t\t\t<\/div>\n\t\t<\/div>\n\t\t\t\t<div class=\"elementor-column elementor-col-50 elementor-inner-column elementor-element elementor-element-b82b49e\" data-id=\"b82b49e\" data-element_type=\"column\" data-e-type=\"column\">\n\t\t\t<div class=\"elementor-widget-wrap elementor-element-populated\">\n\t\t\t\t\t\t<div class=\"elementor-element elementor-element-6f7b2be elementor-widget elementor-widget-image\" data-id=\"6f7b2be\" data-element_type=\"widget\" data-e-type=\"widget\" data-widget_type=\"image.default\">\n\t\t\t\t<div class=\"elementor-widget-container\">\n\t\t\t\t\t\t\t\t\t\t\t\t\t\t\t<img fetchpriority=\"high\" decoding=\"async\" width=\"1200\" height=\"636\" src=\"https:\/\/capmanymuntatges.cat\/wp-content\/uploads\/2021\/07\/qui-som_capmanymuntatges.jpg\" class=\"attachment-full size-full wp-image-2724\" alt=\"Qui som a Capmany Muntatges\" srcset=\"https:\/\/capmanymuntatges.cat\/wp-content\/uploads\/2021\/07\/qui-som_capmanymuntatges.jpg 1200w, https:\/\/capmanymuntatges.cat\/wp-content\/uploads\/2021\/07\/qui-som_capmanymuntatges-300x159.jpg 300w, https:\/\/capmanymuntatges.cat\/wp-content\/uploads\/2021\/07\/qui-som_capmanymuntatges-1024x543.jpg 1024w, https:\/\/capmanymuntatges.cat\/wp-content\/uploads\/2021\/07\/qui-som_capmanymuntatges-768x407.jpg 768w, https:\/\/capmanymuntatges.cat\/wp-content\/uploads\/2021\/07\/qui-som_capmanymuntatges-600x318.jpg 600w\" sizes=\"(max-width: 1200px) 100vw, 1200px\" \/>\t\t\t\t\t\t\t\t\t\t\t\t\t\t\t<\/div>\n\t\t\t\t<\/div>\n\t\t\t\t\t<\/div>\n\t\t<\/div>\n\t\t\t\t\t<\/div>\n\t\t<\/section>\n\t\t\t\t<section class=\"elementor-section elementor-inner-section elementor-element elementor-element-ed52d47 elementor-section-boxed elementor-section-height-default elementor-section-height-default\" data-id=\"ed52d47\" data-element_type=\"section\" data-e-type=\"section\">\n\t\t\t\t\t\t<div class=\"elementor-container elementor-column-gap-default\">\n\t\t\t\t\t<div class=\"elementor-column elementor-col-50 elementor-inner-column elementor-element elementor-element-521a1b4\" data-id=\"521a1b4\" data-element_type=\"column\" data-e-type=\"column\">\n\t\t\t<div class=\"elementor-widget-wrap elementor-element-populated\">\n\t\t\t\t\t\t<div class=\"elementor-element elementor-element-e913ade elementor-widget elementor-widget-image\" data-id=\"e913ade\" data-element_type=\"widget\" data-e-type=\"widget\" data-widget_type=\"image.default\">\n\t\t\t\t<div class=\"elementor-widget-container\">\n\t\t\t\t\t\t\t\t\t\t\t\t\t\t\t<img decoding=\"async\" width=\"1024\" height=\"768\" src=\"https:\/\/capmanymuntatges.cat\/wp-content\/uploads\/2021\/07\/sobre-nosaltres_capmanymuntatges-1024x768.jpg\" class=\"attachment-large size-large wp-image-2726\" alt=\"Tabic m\u00f2bil color blanc Capmany Muntatges\" srcset=\"https:\/\/capmanymuntatges.cat\/wp-content\/uploads\/2021\/07\/sobre-nosaltres_capmanymuntatges-1024x768.jpg 1024w, https:\/\/capmanymuntatges.cat\/wp-content\/uploads\/2021\/07\/sobre-nosaltres_capmanymuntatges-300x225.jpg 300w, https:\/\/capmanymuntatges.cat\/wp-content\/uploads\/2021\/07\/sobre-nosaltres_capmanymuntatges-768x576.jpg 768w, https:\/\/capmanymuntatges.cat\/wp-content\/uploads\/2021\/07\/sobre-nosaltres_capmanymuntatges-600x450.jpg 600w, https:\/\/capmanymuntatges.cat\/wp-content\/uploads\/2021\/07\/sobre-nosaltres_capmanymuntatges.jpg 1200w\" sizes=\"(max-width: 1024px) 100vw, 1024px\" \/>\t\t\t\t\t\t\t\t\t\t\t\t\t\t\t<\/div>\n\t\t\t\t<\/div>\n\t\t\t\t\t<\/div>\n\t\t<\/div>\n\t\t\t\t<div class=\"elementor-column elementor-col-50 elementor-inner-column elementor-element elementor-element-eefea9b\" data-id=\"eefea9b\" data-element_type=\"column\" data-e-type=\"column\">\n\t\t\t<div class=\"elementor-widget-wrap elementor-element-populated\">\n\t\t\t\t\t\t<div class=\"elementor-element elementor-element-666079b elementor-widget elementor-widget-text-editor\" data-id=\"666079b\" data-element_type=\"widget\" data-e-type=\"widget\" data-widget_type=\"text-editor.default\">\n\t\t\t\t<div class=\"elementor-widget-container\">\n\t\t\t\t\t\t\t\t\t<h2 style=\"text-align: right;\"><strong>QUE FAISONS NOUS?<\/strong><\/h2>\n<p>\u201cBuilding spaces\u201d<\/p>\n<p>Nous travaillons pour garantir le meilleur service et satisfaire les besoins d\u2019espace de nos clients.<\/p>\n<p>Notre \u00e9quipe est hautement qualifi\u00e9e et sp\u00e9cialis\u00e9e dans le conseil sur la faisabilit\u00e9 de projets et le montage de bureaux.<\/p>\n<p>Nous pensons qu\u2019il est tr\u00e8s important de cr\u00e9er un bon environnement de travail et d\u2019adapter les espaces aux besoins des personnes, pour promouvoir une bonne organisation parmi les travailleurs et la performance au travail.<\/p>\n\t\t\t\t\t\t\t\t<\/div>\n\t\t\t\t<\/div>\n\t\t\t\t\t<\/div>\n\t\t<\/div>\n\t\t\t\t\t<\/div>\n\t\t<\/section>\n\t\t\t\t\t<\/div>\n\t\t<\/div>\n\t\t\t\t\t<\/div>\n\t\t<\/section>\n\t\t\t\t<section class=\"elementor-section elementor-top-section elementor-element elementor-element-563ad2f elementor-section-boxed elementor-section-height-default elementor-section-height-default\" data-id=\"563ad2f\" data-element_type=\"section\" data-e-type=\"section\">\n\t\t\t\t\t\t<div class=\"elementor-container elementor-column-gap-default\">\n\t\t\t\t\t<div class=\"elementor-column elementor-col-100 elementor-top-column elementor-element elementor-element-a4198ec\" data-id=\"a4198ec\" data-element_type=\"column\" data-e-type=\"column\">\n\t\t\t<div class=\"elementor-widget-wrap elementor-element-populated\">\n\t\t\t\t\t\t<div class=\"elementor-element elementor-element-e4f3a0e elementor-widget elementor-widget-image\" data-id=\"e4f3a0e\" data-element_type=\"widget\" data-e-type=\"widget\" data-widget_type=\"image.default\">\n\t\t\t\t<div class=\"elementor-widget-container\">\n\t\t\t\t\t\t\t\t\t\t\t\t\t\t\t<img decoding=\"async\" width=\"1024\" height=\"724\" src=\"https:\/\/capmanymuntatges.cat\/wp-content\/uploads\/2023\/06\/placa-1024x724.jpg\" class=\"attachment-large size-large wp-image-3159\" alt=\"\" srcset=\"https:\/\/capmanymuntatges.cat\/wp-content\/uploads\/2023\/06\/placa-1024x724.jpg 1024w, https:\/\/capmanymuntatges.cat\/wp-content\/uploads\/2023\/06\/placa-300x212.jpg 300w, https:\/\/capmanymuntatges.cat\/wp-content\/uploads\/2023\/06\/placa-768x543.jpg 768w, https:\/\/capmanymuntatges.cat\/wp-content\/uploads\/2023\/06\/placa-1536x1086.jpg 1536w, https:\/\/capmanymuntatges.cat\/wp-content\/uploads\/2023\/06\/placa-600x424.jpg 600w, https:\/\/capmanymuntatges.cat\/wp-content\/uploads\/2023\/06\/placa.jpg 1800w\" sizes=\"(max-width: 1024px) 100vw, 1024px\" \/>\t\t\t\t\t\t\t\t\t\t\t\t\t\t\t<\/div>\n\t\t\t\t<\/div>\n\t\t\t\t\t<\/div>\n\t\t<\/div>\n\t\t\t\t\t<\/div>\n\t\t<\/section>\n\t\t\t\t<\/div>\n\t\t","protected":false},"excerpt":{"rendered":"<p>\u00c0 propos de nous QUI SOMMES NOUS? Capmany Muntatges est une entreprise situ\u00e9e dans la province de G\u00e9rone, avec plus de 30 ans d\u2019exp\u00e9rience dans le secteur de l\u2019installation et du montage de bureaux. Notre mission et de cr\u00e9er des environnements de travail adapt\u00e9s aux besoins de nos clients. Nous proposons diff\u00e9rents services et facilitons &#8230; <a title=\"\u00c0 propos de nous\" class=\"read-more\" href=\"https:\/\/capmanymuntatges.cat\/fr\/entreprise-montage-bureau-languedoc-roussillon\/\" aria-label=\"En savoir plus sur \u00c0 propos de nous\">Lire la suite<\/a><\/p>\n","protected":false},"author":1,"featured_media":0,"parent":0,"menu_order":0,"comment_status":"closed","ping_status":"closed","template":"","meta":{"_acf_changed":false,"footnotes":""},"class_list":["post-1916","page","type-page","status-publish"],"acf":[],"yoast_head":"<!-- This site is optimized with the Yoast SEO plugin v27.3 - https:\/\/yoast.com\/product\/yoast-seo-wordpress\/ -->\n<title>Entreprise Capmany Muntatges - Tout pour votre bureau<\/title>\n<meta name=\"description\" content=\"Entreprise de la province de G\u00e9rone d\u00e9di\u00e9e au montage de bureaux. Cloisons, cloisons amovibles, bureau et mobilier de bureau...\" \/>\n<meta name=\"robots\" content=\"index, follow, max-snippet:-1, max-image-preview:large, max-video-preview:-1\" \/>\n<link rel=\"canonical\" href=\"https:\/\/capmanymuntatges.cat\/fr\/entreprise-montage-bureau-languedoc-roussillon\/\" \/>\n<meta property=\"og:locale\" content=\"fr_FR\" \/>\n<meta property=\"og:type\" content=\"article\" \/>\n<meta property=\"og:title\" content=\"Entreprise Capmany Muntatges - Tout pour votre bureau\" \/>\n<meta property=\"og:description\" content=\"Entreprise de la province de G\u00e9rone d\u00e9di\u00e9e au montage de bureaux. Cloisons, cloisons amovibles, bureau et mobilier de bureau...\" \/>\n<meta property=\"og:url\" content=\"https:\/\/capmanymuntatges.cat\/fr\/entreprise-montage-bureau-languedoc-roussillon\/\" \/>\n<meta property=\"og:site_name\" content=\"Capmany Muntatges\" \/>\n<meta property=\"article:modified_time\" content=\"2023-06-15T15:35:42+00:00\" \/>\n<meta property=\"og:image\" content=\"https:\/\/capmanymuntatges.cat\/wp-content\/uploads\/2021\/07\/qui-som_capmanymuntatges.jpg\" \/>\n<meta name=\"twitter:card\" content=\"summary_large_image\" \/>\n<meta name=\"twitter:label1\" content=\"Dur\u00e9e de lecture estim\u00e9e\" \/>\n\t<meta name=\"twitter:data1\" content=\"1 minute\" \/>\n<script type=\"application\/ld+json\" class=\"yoast-schema-graph\">{\"@context\":\"https:\\\/\\\/schema.org\",\"@graph\":[{\"@type\":\"WebPage\",\"@id\":\"https:\\\/\\\/capmanymuntatges.cat\\\/fr\\\/entreprise-montage-bureau-languedoc-roussillon\\\/\",\"url\":\"https:\\\/\\\/capmanymuntatges.cat\\\/fr\\\/entreprise-montage-bureau-languedoc-roussillon\\\/\",\"name\":\"Entreprise Capmany Muntatges - Tout pour votre bureau\",\"isPartOf\":{\"@id\":\"https:\\\/\\\/capmanymuntatges.cat\\\/fr\\\/#website\"},\"primaryImageOfPage\":{\"@id\":\"https:\\\/\\\/capmanymuntatges.cat\\\/fr\\\/entreprise-montage-bureau-languedoc-roussillon\\\/#primaryimage\"},\"image\":{\"@id\":\"https:\\\/\\\/capmanymuntatges.cat\\\/fr\\\/entreprise-montage-bureau-languedoc-roussillon\\\/#primaryimage\"},\"thumbnailUrl\":\"https:\\\/\\\/capmanymuntatges.cat\\\/wp-content\\\/uploads\\\/2021\\\/07\\\/qui-som_capmanymuntatges.jpg\",\"datePublished\":\"2021-08-10T11:21:41+00:00\",\"dateModified\":\"2023-06-15T15:35:42+00:00\",\"description\":\"Entreprise de la province de G\u00e9rone d\u00e9di\u00e9e au montage de bureaux. Cloisons, cloisons amovibles, bureau et mobilier de bureau...\",\"breadcrumb\":{\"@id\":\"https:\\\/\\\/capmanymuntatges.cat\\\/fr\\\/entreprise-montage-bureau-languedoc-roussillon\\\/#breadcrumb\"},\"inLanguage\":\"fr-FR\",\"potentialAction\":[{\"@type\":\"ReadAction\",\"target\":[\"https:\\\/\\\/capmanymuntatges.cat\\\/fr\\\/entreprise-montage-bureau-languedoc-roussillon\\\/\"]}]},{\"@type\":\"ImageObject\",\"inLanguage\":\"fr-FR\",\"@id\":\"https:\\\/\\\/capmanymuntatges.cat\\\/fr\\\/entreprise-montage-bureau-languedoc-roussillon\\\/#primaryimage\",\"url\":\"https:\\\/\\\/capmanymuntatges.cat\\\/wp-content\\\/uploads\\\/2021\\\/07\\\/qui-som_capmanymuntatges.jpg\",\"contentUrl\":\"https:\\\/\\\/capmanymuntatges.cat\\\/wp-content\\\/uploads\\\/2021\\\/07\\\/qui-som_capmanymuntatges.jpg\"},{\"@type\":\"BreadcrumbList\",\"@id\":\"https:\\\/\\\/capmanymuntatges.cat\\\/fr\\\/entreprise-montage-bureau-languedoc-roussillon\\\/#breadcrumb\",\"itemListElement\":[{\"@type\":\"ListItem\",\"position\":1,\"name\":\"Portada\",\"item\":\"https:\\\/\\\/capmanymuntatges.cat\\\/fr\\\/\"},{\"@type\":\"ListItem\",\"position\":2,\"name\":\"\u00c0 propos de nous\"}]},{\"@type\":\"WebSite\",\"@id\":\"https:\\\/\\\/capmanymuntatges.cat\\\/fr\\\/#website\",\"url\":\"https:\\\/\\\/capmanymuntatges.cat\\\/fr\\\/\",\"name\":\"Capmany Muntatges\",\"description\":\"Mobiliari d&#039;oficina\",\"publisher\":{\"@id\":\"https:\\\/\\\/capmanymuntatges.cat\\\/fr\\\/#organization\"},\"potentialAction\":[{\"@type\":\"SearchAction\",\"target\":{\"@type\":\"EntryPoint\",\"urlTemplate\":\"https:\\\/\\\/capmanymuntatges.cat\\\/fr\\\/?s={search_term_string}\"},\"query-input\":{\"@type\":\"PropertyValueSpecification\",\"valueRequired\":true,\"valueName\":\"search_term_string\"}}],\"inLanguage\":\"fr-FR\"},{\"@type\":\"Organization\",\"@id\":\"https:\\\/\\\/capmanymuntatges.cat\\\/fr\\\/#organization\",\"name\":\"Capmany Muntatges\",\"url\":\"https:\\\/\\\/capmanymuntatges.cat\\\/fr\\\/\",\"logo\":{\"@type\":\"ImageObject\",\"inLanguage\":\"fr-FR\",\"@id\":\"https:\\\/\\\/capmanymuntatges.cat\\\/fr\\\/#\\\/schema\\\/logo\\\/image\\\/\",\"url\":\"https:\\\/\\\/capmanymuntatges.cat\\\/wp-content\\\/uploads\\\/2023\\\/03\\\/logo-capmany-muntatges.png\",\"contentUrl\":\"https:\\\/\\\/capmanymuntatges.cat\\\/wp-content\\\/uploads\\\/2023\\\/03\\\/logo-capmany-muntatges.png\",\"width\":818,\"height\":285,\"caption\":\"Capmany Muntatges\"},\"image\":{\"@id\":\"https:\\\/\\\/capmanymuntatges.cat\\\/fr\\\/#\\\/schema\\\/logo\\\/image\\\/\"}}]}<\/script>\n<!-- \/ Yoast SEO plugin. -->","yoast_head_json":{"title":"Entreprise Capmany Muntatges - Tout pour votre bureau","description":"Entreprise de la province de G\u00e9rone d\u00e9di\u00e9e au montage de bureaux. Cloisons, cloisons amovibles, bureau et mobilier de bureau...","robots":{"index":"index","follow":"follow","max-snippet":"max-snippet:-1","max-image-preview":"max-image-preview:large","max-video-preview":"max-video-preview:-1"},"canonical":"https:\/\/capmanymuntatges.cat\/fr\/entreprise-montage-bureau-languedoc-roussillon\/","og_locale":"fr_FR","og_type":"article","og_title":"Entreprise Capmany Muntatges - Tout pour votre bureau","og_description":"Entreprise de la province de G\u00e9rone d\u00e9di\u00e9e au montage de bureaux. Cloisons, cloisons amovibles, bureau et mobilier de bureau...","og_url":"https:\/\/capmanymuntatges.cat\/fr\/entreprise-montage-bureau-languedoc-roussillon\/","og_site_name":"Capmany Muntatges","article_modified_time":"2023-06-15T15:35:42+00:00","og_image":[{"url":"https:\/\/capmanymuntatges.cat\/wp-content\/uploads\/2021\/07\/qui-som_capmanymuntatges.jpg","type":"","width":"","height":""}],"twitter_card":"summary_large_image","twitter_misc":{"Dur\u00e9e de lecture estim\u00e9e":"1 minute"},"schema":{"@context":"https:\/\/schema.org","@graph":[{"@type":"WebPage","@id":"https:\/\/capmanymuntatges.cat\/fr\/entreprise-montage-bureau-languedoc-roussillon\/","url":"https:\/\/capmanymuntatges.cat\/fr\/entreprise-montage-bureau-languedoc-roussillon\/","name":"Entreprise Capmany Muntatges - Tout pour votre bureau","isPartOf":{"@id":"https:\/\/capmanymuntatges.cat\/fr\/#website"},"primaryImageOfPage":{"@id":"https:\/\/capmanymuntatges.cat\/fr\/entreprise-montage-bureau-languedoc-roussillon\/#primaryimage"},"image":{"@id":"https:\/\/capmanymuntatges.cat\/fr\/entreprise-montage-bureau-languedoc-roussillon\/#primaryimage"},"thumbnailUrl":"https:\/\/capmanymuntatges.cat\/wp-content\/uploads\/2021\/07\/qui-som_capmanymuntatges.jpg","datePublished":"2021-08-10T11:21:41+00:00","dateModified":"2023-06-15T15:35:42+00:00","description":"Entreprise de la province de G\u00e9rone d\u00e9di\u00e9e au montage de bureaux. Cloisons, cloisons amovibles, bureau et mobilier de bureau...","breadcrumb":{"@id":"https:\/\/capmanymuntatges.cat\/fr\/entreprise-montage-bureau-languedoc-roussillon\/#breadcrumb"},"inLanguage":"fr-FR","potentialAction":[{"@type":"ReadAction","target":["https:\/\/capmanymuntatges.cat\/fr\/entreprise-montage-bureau-languedoc-roussillon\/"]}]},{"@type":"ImageObject","inLanguage":"fr-FR","@id":"https:\/\/capmanymuntatges.cat\/fr\/entreprise-montage-bureau-languedoc-roussillon\/#primaryimage","url":"https:\/\/capmanymuntatges.cat\/wp-content\/uploads\/2021\/07\/qui-som_capmanymuntatges.jpg","contentUrl":"https:\/\/capmanymuntatges.cat\/wp-content\/uploads\/2021\/07\/qui-som_capmanymuntatges.jpg"},{"@type":"BreadcrumbList","@id":"https:\/\/capmanymuntatges.cat\/fr\/entreprise-montage-bureau-languedoc-roussillon\/#breadcrumb","itemListElement":[{"@type":"ListItem","position":1,"name":"Portada","item":"https:\/\/capmanymuntatges.cat\/fr\/"},{"@type":"ListItem","position":2,"name":"\u00c0 propos de nous"}]},{"@type":"WebSite","@id":"https:\/\/capmanymuntatges.cat\/fr\/#website","url":"https:\/\/capmanymuntatges.cat\/fr\/","name":"Capmany Muntatges","description":"Mobiliari d&#039;oficina","publisher":{"@id":"https:\/\/capmanymuntatges.cat\/fr\/#organization"},"potentialAction":[{"@type":"SearchAction","target":{"@type":"EntryPoint","urlTemplate":"https:\/\/capmanymuntatges.cat\/fr\/?s={search_term_string}"},"query-input":{"@type":"PropertyValueSpecification","valueRequired":true,"valueName":"search_term_string"}}],"inLanguage":"fr-FR"},{"@type":"Organization","@id":"https:\/\/capmanymuntatges.cat\/fr\/#organization","name":"Capmany Muntatges","url":"https:\/\/capmanymuntatges.cat\/fr\/","logo":{"@type":"ImageObject","inLanguage":"fr-FR","@id":"https:\/\/capmanymuntatges.cat\/fr\/#\/schema\/logo\/image\/","url":"https:\/\/capmanymuntatges.cat\/wp-content\/uploads\/2023\/03\/logo-capmany-muntatges.png","contentUrl":"https:\/\/capmanymuntatges.cat\/wp-content\/uploads\/2023\/03\/logo-capmany-muntatges.png","width":818,"height":285,"caption":"Capmany Muntatges"},"image":{"@id":"https:\/\/capmanymuntatges.cat\/fr\/#\/schema\/logo\/image\/"}}]}},"_links":{"self":[{"href":"https:\/\/capmanymuntatges.cat\/fr\/wp-json\/wp\/v2\/pages\/1916","targetHints":{"allow":["GET"]}}],"collection":[{"href":"https:\/\/capmanymuntatges.cat\/fr\/wp-json\/wp\/v2\/pages"}],"about":[{"href":"https:\/\/capmanymuntatges.cat\/fr\/wp-json\/wp\/v2\/types\/page"}],"author":[{"embeddable":true,"href":"https:\/\/capmanymuntatges.cat\/fr\/wp-json\/wp\/v2\/users\/1"}],"replies":[{"embeddable":true,"href":"https:\/\/capmanymuntatges.cat\/fr\/wp-json\/wp\/v2\/comments?post=1916"}],"version-history":[{"count":5,"href":"https:\/\/capmanymuntatges.cat\/fr\/wp-json\/wp\/v2\/pages\/1916\/revisions"}],"predecessor-version":[{"id":3172,"href":"https:\/\/capmanymuntatges.cat\/fr\/wp-json\/wp\/v2\/pages\/1916\/revisions\/3172"}],"wp:attachment":[{"href":"https:\/\/capmanymuntatges.cat\/fr\/wp-json\/wp\/v2\/media?parent=1916"}],"curies":[{"name":"wp","href":"https:\/\/api.w.org\/{rel}","templated":true}]}}