{"id":1884,"date":"2021-08-10T08:27:16","date_gmt":"2021-08-10T08:27:16","guid":{"rendered":"http:\/\/dev.capmanymuntatges.cat\/meubles-de-bureau\/receptions-et-salles-dattente\/"},"modified":"2021-08-27T10:33:08","modified_gmt":"2021-08-27T10:33:08","slug":"receptions-et-salles-dattente","status":"publish","type":"page","link":"https:\/\/capmanymuntatges.cat\/fr\/produits-et-services\/meubles-de-bureau\/receptions-et-salles-dattente\/","title":{"rendered":"R\u00e9ceptions et salles d&rsquo;attente"},"content":{"rendered":"\t\t<div data-elementor-type=\"wp-page\" data-elementor-id=\"1884\" class=\"elementor elementor-1884 elementor-1389\" data-elementor-post-type=\"page\">\n\t\t\t\t\t\t<section class=\"elementor-section elementor-top-section elementor-element elementor-element-5f16291 elementor-section-full_width elementor-section-height-default elementor-section-height-default\" data-id=\"5f16291\" data-element_type=\"section\" data-e-type=\"section\">\n\t\t\t\t\t\t<div class=\"elementor-container elementor-column-gap-no\">\n\t\t\t\t\t<div class=\"elementor-column elementor-col-100 elementor-top-column elementor-element elementor-element-b7371a4\" data-id=\"b7371a4\" data-element_type=\"column\" data-e-type=\"column\">\n\t\t\t<div class=\"elementor-widget-wrap elementor-element-populated\">\n\t\t\t\t\t\t<div class=\"elementor-element elementor-element-fa689c2 elementor--h-position-center elementor--v-position-middle elementor-arrows-position-inside elementor-pagination-position-inside elementor-widget elementor-widget-slides\" data-id=\"fa689c2\" data-element_type=\"widget\" data-e-type=\"widget\" data-settings=\"{&quot;navigation&quot;:&quot;both&quot;,&quot;autoplay&quot;:&quot;yes&quot;,&quot;pause_on_hover&quot;:&quot;yes&quot;,&quot;pause_on_interaction&quot;:&quot;yes&quot;,&quot;autoplay_speed&quot;:5000,&quot;infinite&quot;:&quot;yes&quot;,&quot;transition&quot;:&quot;slide&quot;,&quot;transition_speed&quot;:500}\" data-widget_type=\"slides.default\">\n\t\t\t\t<div class=\"elementor-widget-container\">\n\t\t\t\t\t\t\t\t\t<div class=\"elementor-swiper\">\n\t\t\t\t\t<div class=\"elementor-slides-wrapper elementor-main-swiper swiper\" role=\"region\" aria-roledescription=\"carousel\" aria-label=\"Diapositives\" dir=\"ltr\" data-animation=\"fadeInUp\">\n\t\t\t\t<div class=\"swiper-wrapper elementor-slides\">\n\t\t\t\t\t\t\t\t\t\t<div class=\"elementor-repeater-item-9a56c27 swiper-slide\" role=\"group\" aria-roledescription=\"slide\"><div class=\"swiper-slide-bg\" role=\"img\" aria-label=\"Noom 10\"><\/div><div class=\"swiper-slide-inner\" ><div class=\"swiper-slide-contents\"><div class=\"elementor-slide-heading\">R\u00e9ceptions et salles d'attente<\/div><\/div><\/div><\/div>\t\t\t\t<\/div>\n\t\t\t\t\t\t\t<\/div>\n\t\t\t\t<\/div>\n\t\t\t\t\t\t\t\t<\/div>\n\t\t\t\t<\/div>\n\t\t\t\t\t<\/div>\n\t\t<\/div>\n\t\t\t\t\t<\/div>\n\t\t<\/section>\n\t\t\t\t<section class=\"elementor-section elementor-top-section elementor-element elementor-element-364057e elementor-section-full_width elementor-section-height-default elementor-section-height-default\" data-id=\"364057e\" data-element_type=\"section\" data-e-type=\"section\">\n\t\t\t\t\t\t<div class=\"elementor-container elementor-column-gap-default\">\n\t\t\t\t\t<div class=\"elementor-column elementor-col-100 elementor-top-column elementor-element elementor-element-f6e3ee1\" data-id=\"f6e3ee1\" data-element_type=\"column\" data-e-type=\"column\">\n\t\t\t<div class=\"elementor-widget-wrap elementor-element-populated\">\n\t\t\t\t\t\t<div class=\"elementor-element elementor-element-a863aa4 elementor-icon-list--layout-traditional elementor-list-item-link-full_width elementor-widget elementor-widget-icon-list\" data-id=\"a863aa4\" data-element_type=\"widget\" data-e-type=\"widget\" data-widget_type=\"icon-list.default\">\n\t\t\t\t<div class=\"elementor-widget-container\">\n\t\t\t\t\t\t\t<ul class=\"elementor-icon-list-items\">\n\t\t\t\t\t\t\t<li class=\"elementor-icon-list-item\">\n\t\t\t\t\t\t\t\t\t\t\t<a href=\"https:\/\/capmanymuntatges.cat\/fr\/meubles-de-bureau\/\">\n\n\t\t\t\t\t\t\t\t\t\t\t\t<span class=\"elementor-icon-list-icon\">\n\t\t\t\t\t\t\t<i aria-hidden=\"true\" class=\"fas fa-arrow-left\"><\/i>\t\t\t\t\t\t<\/span>\n\t\t\t\t\t\t\t\t\t\t<span class=\"elementor-icon-list-text\">Retour \u00e0 Mobilier de bureau<\/span>\n\t\t\t\t\t\t\t\t\t\t\t<\/a>\n\t\t\t\t\t\t\t\t\t<\/li>\n\t\t\t\t\t\t<\/ul>\n\t\t\t\t\t\t<\/div>\n\t\t\t\t<\/div>\n\t\t\t\t\t<\/div>\n\t\t<\/div>\n\t\t\t\t\t<\/div>\n\t\t<\/section>\n\t\t\t\t<section class=\"elementor-section elementor-top-section elementor-element elementor-element-01fb812 elementor-section-boxed elementor-section-height-default elementor-section-height-default\" data-id=\"01fb812\" data-element_type=\"section\" data-e-type=\"section\" id=\"sillas-operativas\">\n\t\t\t\t\t\t<div class=\"elementor-container elementor-column-gap-default\">\n\t\t\t\t\t<div class=\"elementor-column elementor-col-100 elementor-top-column elementor-element elementor-element-73d1650\" data-id=\"73d1650\" data-element_type=\"column\" data-e-type=\"column\">\n\t\t\t<div class=\"elementor-widget-wrap elementor-element-populated\">\n\t\t\t\t\t\t<div class=\"elementor-element elementor-element-ec60db6 elementor-widget elementor-widget-text-editor\" data-id=\"ec60db6\" data-element_type=\"widget\" data-e-type=\"widget\" data-widget_type=\"text-editor.default\">\n\t\t\t\t<div class=\"elementor-widget-container\">\n\t\t\t\t\t\t\t\t\t<p>Fauteuils, canap\u00e9s et tables pour salles d\u2019attente, pour cr\u00e9er des espaces d\u2019accueil, de d\u00e9connexion et de repos. La g\u00e9n\u00e9ration d\u2019espaces calmes \u00e0 l\u2019ext\u00e9rieur du bureau cr\u00e9e un point de rencontre pour les travailleurs, favorisant la relation entre eux et la cr\u00e9ation d\u2019id\u00e9es.<\/p>\n\t\t\t\t\t\t\t\t<\/div>\n\t\t\t\t<\/div>\n\t\t\t\t<div class=\"elementor-element elementor-element-d955e63 elementor-widget elementor-widget-gallery\" data-id=\"d955e63\" data-element_type=\"widget\" data-e-type=\"widget\" data-settings=\"{&quot;gallery_layout&quot;:&quot;justified&quot;,&quot;ideal_row_height&quot;:{&quot;unit&quot;:&quot;px&quot;,&quot;size&quot;:270,&quot;sizes&quot;:[]},&quot;lazyload&quot;:&quot;yes&quot;,&quot;ideal_row_height_tablet&quot;:{&quot;unit&quot;:&quot;px&quot;,&quot;size&quot;:150,&quot;sizes&quot;:[]},&quot;ideal_row_height_mobile&quot;:{&quot;unit&quot;:&quot;px&quot;,&quot;size&quot;:150,&quot;sizes&quot;:[]},&quot;gap&quot;:{&quot;unit&quot;:&quot;px&quot;,&quot;size&quot;:10,&quot;sizes&quot;:[]},&quot;gap_tablet&quot;:{&quot;unit&quot;:&quot;px&quot;,&quot;size&quot;:10,&quot;sizes&quot;:[]},&quot;gap_mobile&quot;:{&quot;unit&quot;:&quot;px&quot;,&quot;size&quot;:10,&quot;sizes&quot;:[]},&quot;link_to&quot;:&quot;file&quot;,&quot;overlay_background&quot;:&quot;yes&quot;,&quot;content_hover_animation&quot;:&quot;fade-in&quot;}\" data-widget_type=\"gallery.default\">\n\t\t\t\t<div class=\"elementor-widget-container\">\n\t\t\t\t\t\t\t<div class=\"elementor-gallery__container\">\n\t\t\t\t\t\t\t<a class=\"e-gallery-item elementor-gallery-item elementor-animated-content\" href=\"https:\/\/capmanymuntatges.cat\/wp-content\/uploads\/2021\/07\/Sofas-butaques_BADMINTON.jpg\" data-elementor-open-lightbox=\"yes\" data-elementor-lightbox-slideshow=\"d955e63\" data-elementor-lightbox-title=\"Sofas-butaques_BADMINTON\" data-e-action-hash=\"#elementor-action%3Aaction%3Dlightbox%26settings%3DeyJpZCI6MTM5NiwidXJsIjoiaHR0cHM6XC9cL2NhcG1hbnltdW50YXRnZXMuY2F0XC93cC1jb250ZW50XC91cGxvYWRzXC8yMDIxXC8wN1wvU29mYXMtYnV0YXF1ZXNfQkFETUlOVE9OLmpwZyIsInNsaWRlc2hvdyI6ImQ5NTVlNjMifQ%3D%3D\">\n\t\t\t\t\t<div class=\"e-gallery-image elementor-gallery-item__image\" data-thumbnail=\"https:\/\/capmanymuntatges.cat\/wp-content\/uploads\/2021\/07\/Sofas-butaques_BADMINTON.jpg\" data-width=\"1100\" data-height=\"733\" aria-label=\"\" role=\"img\" ><\/div>\n\t\t\t\t\t\t\t\t\t\t\t<div class=\"elementor-gallery-item__overlay\"><\/div>\n\t\t\t\t\t\t\t\t\t\t\t\t\t\t<\/a>\n\t\t\t\t\t\t\t<a class=\"e-gallery-item elementor-gallery-item elementor-animated-content\" href=\"https:\/\/capmanymuntatges.cat\/wp-content\/uploads\/2021\/07\/Sofas-butaques_BADMINTON_1.jpg\" data-elementor-open-lightbox=\"yes\" data-elementor-lightbox-slideshow=\"d955e63\" data-elementor-lightbox-title=\"Sofas-butaques_BADMINTON_1\" data-e-action-hash=\"#elementor-action%3Aaction%3Dlightbox%26settings%3DeyJpZCI6MTM5NywidXJsIjoiaHR0cHM6XC9cL2NhcG1hbnltdW50YXRnZXMuY2F0XC93cC1jb250ZW50XC91cGxvYWRzXC8yMDIxXC8wN1wvU29mYXMtYnV0YXF1ZXNfQkFETUlOVE9OXzEuanBnIiwic2xpZGVzaG93IjoiZDk1NWU2MyJ9\">\n\t\t\t\t\t<div class=\"e-gallery-image elementor-gallery-item__image\" data-thumbnail=\"https:\/\/capmanymuntatges.cat\/wp-content\/uploads\/2021\/07\/Sofas-butaques_BADMINTON_1.jpg\" data-width=\"534\" data-height=\"800\" aria-label=\"\" role=\"img\" ><\/div>\n\t\t\t\t\t\t\t\t\t\t\t<div class=\"elementor-gallery-item__overlay\"><\/div>\n\t\t\t\t\t\t\t\t\t\t\t\t\t\t<\/a>\n\t\t\t\t\t\t\t<a class=\"e-gallery-item elementor-gallery-item elementor-animated-content\" href=\"https:\/\/capmanymuntatges.cat\/wp-content\/uploads\/2021\/07\/Sofas-butaques_BEND.jpg\" data-elementor-open-lightbox=\"yes\" data-elementor-lightbox-slideshow=\"d955e63\" data-elementor-lightbox-title=\"Sofas-butaques_BEND\" data-e-action-hash=\"#elementor-action%3Aaction%3Dlightbox%26settings%3DeyJpZCI6MTM5OCwidXJsIjoiaHR0cHM6XC9cL2NhcG1hbnltdW50YXRnZXMuY2F0XC93cC1jb250ZW50XC91cGxvYWRzXC8yMDIxXC8wN1wvU29mYXMtYnV0YXF1ZXNfQkVORC5qcGciLCJzbGlkZXNob3ciOiJkOTU1ZTYzIn0%3D\">\n\t\t\t\t\t<div class=\"e-gallery-image elementor-gallery-item__image\" data-thumbnail=\"https:\/\/capmanymuntatges.cat\/wp-content\/uploads\/2021\/07\/Sofas-butaques_BEND.jpg\" data-width=\"1100\" data-height=\"733\" aria-label=\"\" role=\"img\" ><\/div>\n\t\t\t\t\t\t\t\t\t\t\t<div class=\"elementor-gallery-item__overlay\"><\/div>\n\t\t\t\t\t\t\t\t\t\t\t\t\t\t<\/a>\n\t\t\t\t\t\t\t<a class=\"e-gallery-item elementor-gallery-item elementor-animated-content\" href=\"https:\/\/capmanymuntatges.cat\/wp-content\/uploads\/2021\/07\/Sofas-butaques_BEND_1.jpg\" data-elementor-open-lightbox=\"yes\" data-elementor-lightbox-slideshow=\"d955e63\" data-elementor-lightbox-title=\"Sofas-butaques_BEND_1\" data-e-action-hash=\"#elementor-action%3Aaction%3Dlightbox%26settings%3DeyJpZCI6MTM5OSwidXJsIjoiaHR0cHM6XC9cL2NhcG1hbnltdW50YXRnZXMuY2F0XC93cC1jb250ZW50XC91cGxvYWRzXC8yMDIxXC8wN1wvU29mYXMtYnV0YXF1ZXNfQkVORF8xLmpwZyIsInNsaWRlc2hvdyI6ImQ5NTVlNjMifQ%3D%3D\">\n\t\t\t\t\t<div class=\"e-gallery-image elementor-gallery-item__image\" data-thumbnail=\"https:\/\/capmanymuntatges.cat\/wp-content\/uploads\/2021\/07\/Sofas-butaques_BEND_1.jpg\" data-width=\"534\" data-height=\"800\" aria-label=\"\" role=\"img\" ><\/div>\n\t\t\t\t\t\t\t\t\t\t\t<div class=\"elementor-gallery-item__overlay\"><\/div>\n\t\t\t\t\t\t\t\t\t\t\t\t\t\t<\/a>\n\t\t\t\t\t\t\t<a class=\"e-gallery-item elementor-gallery-item elementor-animated-content\" href=\"https:\/\/capmanymuntatges.cat\/wp-content\/uploads\/2021\/07\/Sofas-butaques_MIRANDA.jpg\" data-elementor-open-lightbox=\"yes\" data-elementor-lightbox-slideshow=\"d955e63\" data-elementor-lightbox-title=\"Sofas-butaques_MIRANDA\" data-e-action-hash=\"#elementor-action%3Aaction%3Dlightbox%26settings%3DeyJpZCI6MTQwMCwidXJsIjoiaHR0cHM6XC9cL2NhcG1hbnltdW50YXRnZXMuY2F0XC93cC1jb250ZW50XC91cGxvYWRzXC8yMDIxXC8wN1wvU29mYXMtYnV0YXF1ZXNfTUlSQU5EQS5qcGciLCJzbGlkZXNob3ciOiJkOTU1ZTYzIn0%3D\">\n\t\t\t\t\t<div class=\"e-gallery-image elementor-gallery-item__image\" data-thumbnail=\"https:\/\/capmanymuntatges.cat\/wp-content\/uploads\/2021\/07\/Sofas-butaques_MIRANDA.jpg\" data-width=\"1100\" data-height=\"778\" aria-label=\"\" role=\"img\" ><\/div>\n\t\t\t\t\t\t\t\t\t\t\t<div class=\"elementor-gallery-item__overlay\"><\/div>\n\t\t\t\t\t\t\t\t\t\t\t\t\t\t<\/a>\n\t\t\t\t\t\t\t<a class=\"e-gallery-item elementor-gallery-item elementor-animated-content\" href=\"https:\/\/capmanymuntatges.cat\/wp-content\/uploads\/2021\/07\/Sofas-butaques_MIRANDA_1.jpg\" data-elementor-open-lightbox=\"yes\" data-elementor-lightbox-slideshow=\"d955e63\" data-elementor-lightbox-title=\"Sofas-butaques_MIRANDA_1\" data-e-action-hash=\"#elementor-action%3Aaction%3Dlightbox%26settings%3DeyJpZCI6MTQwMSwidXJsIjoiaHR0cHM6XC9cL2NhcG1hbnltdW50YXRnZXMuY2F0XC93cC1jb250ZW50XC91cGxvYWRzXC8yMDIxXC8wN1wvU29mYXMtYnV0YXF1ZXNfTUlSQU5EQV8xLmpwZyIsInNsaWRlc2hvdyI6ImQ5NTVlNjMifQ%3D%3D\">\n\t\t\t\t\t<div class=\"e-gallery-image elementor-gallery-item__image\" data-thumbnail=\"https:\/\/capmanymuntatges.cat\/wp-content\/uploads\/2021\/07\/Sofas-butaques_MIRANDA_1.jpg\" data-width=\"1100\" data-height=\"778\" aria-label=\"\" role=\"img\" ><\/div>\n\t\t\t\t\t\t\t\t\t\t\t<div class=\"elementor-gallery-item__overlay\"><\/div>\n\t\t\t\t\t\t\t\t\t\t\t\t\t\t<\/a>\n\t\t\t\t\t\t\t<a class=\"e-gallery-item elementor-gallery-item elementor-animated-content\" href=\"https:\/\/capmanymuntatges.cat\/wp-content\/uploads\/2021\/07\/Sofas-butaques_NOOM.jpg\" data-elementor-open-lightbox=\"yes\" data-elementor-lightbox-slideshow=\"d955e63\" data-elementor-lightbox-title=\"Sofas-butaques_NOOM\" data-e-action-hash=\"#elementor-action%3Aaction%3Dlightbox%26settings%3DeyJpZCI6MTQwMiwidXJsIjoiaHR0cHM6XC9cL2NhcG1hbnltdW50YXRnZXMuY2F0XC93cC1jb250ZW50XC91cGxvYWRzXC8yMDIxXC8wN1wvU29mYXMtYnV0YXF1ZXNfTk9PTS5qcGciLCJzbGlkZXNob3ciOiJkOTU1ZTYzIn0%3D\">\n\t\t\t\t\t<div class=\"e-gallery-image elementor-gallery-item__image\" data-thumbnail=\"https:\/\/capmanymuntatges.cat\/wp-content\/uploads\/2021\/07\/Sofas-butaques_NOOM.jpg\" data-width=\"534\" data-height=\"800\" aria-label=\"\" role=\"img\" ><\/div>\n\t\t\t\t\t\t\t\t\t\t\t<div class=\"elementor-gallery-item__overlay\"><\/div>\n\t\t\t\t\t\t\t\t\t\t\t\t\t\t<\/a>\n\t\t\t\t\t\t\t<a class=\"e-gallery-item elementor-gallery-item elementor-animated-content\" href=\"https:\/\/capmanymuntatges.cat\/wp-content\/uploads\/2021\/07\/Sofas-butaques_NOOM_1.jpg\" data-elementor-open-lightbox=\"yes\" data-elementor-lightbox-slideshow=\"d955e63\" data-elementor-lightbox-title=\"Sofas-butaques_NOOM_1\" data-e-action-hash=\"#elementor-action%3Aaction%3Dlightbox%26settings%3DeyJpZCI6MTQwMywidXJsIjoiaHR0cHM6XC9cL2NhcG1hbnltdW50YXRnZXMuY2F0XC93cC1jb250ZW50XC91cGxvYWRzXC8yMDIxXC8wN1wvU29mYXMtYnV0YXF1ZXNfTk9PTV8xLmpwZyIsInNsaWRlc2hvdyI6ImQ5NTVlNjMifQ%3D%3D\">\n\t\t\t\t\t<div class=\"e-gallery-image elementor-gallery-item__image\" data-thumbnail=\"https:\/\/capmanymuntatges.cat\/wp-content\/uploads\/2021\/07\/Sofas-butaques_NOOM_1.jpg\" data-width=\"1100\" data-height=\"733\" aria-label=\"\" role=\"img\" ><\/div>\n\t\t\t\t\t\t\t\t\t\t\t<div class=\"elementor-gallery-item__overlay\"><\/div>\n\t\t\t\t\t\t\t\t\t\t\t\t\t\t<\/a>\n\t\t\t\t\t\t\t<a class=\"e-gallery-item elementor-gallery-item elementor-animated-content\" href=\"https:\/\/capmanymuntatges.cat\/wp-content\/uploads\/2021\/07\/Sofas-butaques_NOOM_2.jpg\" data-elementor-open-lightbox=\"yes\" data-elementor-lightbox-slideshow=\"d955e63\" data-elementor-lightbox-title=\"Sofas-butaques_NOOM_2\" data-e-action-hash=\"#elementor-action%3Aaction%3Dlightbox%26settings%3DeyJpZCI6MTQwNCwidXJsIjoiaHR0cHM6XC9cL2NhcG1hbnltdW50YXRnZXMuY2F0XC93cC1jb250ZW50XC91cGxvYWRzXC8yMDIxXC8wN1wvU29mYXMtYnV0YXF1ZXNfTk9PTV8yLmpwZyIsInNsaWRlc2hvdyI6ImQ5NTVlNjMifQ%3D%3D\">\n\t\t\t\t\t<div class=\"e-gallery-image elementor-gallery-item__image\" data-thumbnail=\"https:\/\/capmanymuntatges.cat\/wp-content\/uploads\/2021\/07\/Sofas-butaques_NOOM_2.jpg\" data-width=\"534\" data-height=\"800\" aria-label=\"\" role=\"img\" ><\/div>\n\t\t\t\t\t\t\t\t\t\t\t<div class=\"elementor-gallery-item__overlay\"><\/div>\n\t\t\t\t\t\t\t\t\t\t\t\t\t\t<\/a>\n\t\t\t\t\t\t\t<a class=\"e-gallery-item elementor-gallery-item elementor-animated-content\" href=\"https:\/\/capmanymuntatges.cat\/wp-content\/uploads\/2021\/07\/Sofas-butaques_ROSS.jpg\" data-elementor-open-lightbox=\"yes\" data-elementor-lightbox-slideshow=\"d955e63\" data-elementor-lightbox-title=\"Sofas-butaques_ROSS\" data-e-action-hash=\"#elementor-action%3Aaction%3Dlightbox%26settings%3DeyJpZCI6MTQwNSwidXJsIjoiaHR0cHM6XC9cL2NhcG1hbnltdW50YXRnZXMuY2F0XC93cC1jb250ZW50XC91cGxvYWRzXC8yMDIxXC8wN1wvU29mYXMtYnV0YXF1ZXNfUk9TUy5qcGciLCJzbGlkZXNob3ciOiJkOTU1ZTYzIn0%3D\">\n\t\t\t\t\t<div class=\"e-gallery-image elementor-gallery-item__image\" data-thumbnail=\"https:\/\/capmanymuntatges.cat\/wp-content\/uploads\/2021\/07\/Sofas-butaques_ROSS.jpg\" data-width=\"1100\" data-height=\"746\" aria-label=\"\" role=\"img\" ><\/div>\n\t\t\t\t\t\t\t\t\t\t\t<div class=\"elementor-gallery-item__overlay\"><\/div>\n\t\t\t\t\t\t\t\t\t\t\t\t\t\t<\/a>\n\t\t\t\t\t<\/div>\n\t\t\t\t\t<\/div>\n\t\t\t\t<\/div>\n\t\t\t\t\t<\/div>\n\t\t<\/div>\n\t\t\t\t\t<\/div>\n\t\t<\/section>\n\t\t\t\t<\/div>\n\t\t","protected":false},"excerpt":{"rendered":"<p>R\u00e9ceptions et salles d&rsquo;attente Retour \u00e0 Mobilier de bureau Fauteuils, canap\u00e9s et tables pour salles d\u2019attente, pour cr\u00e9er des espaces d\u2019accueil, de d\u00e9connexion et de repos. La g\u00e9n\u00e9ration d\u2019espaces calmes \u00e0 l\u2019ext\u00e9rieur du bureau cr\u00e9e un point de rencontre pour les travailleurs, favorisant la relation entre eux et la cr\u00e9ation d\u2019id\u00e9es.<\/p>\n","protected":false},"author":1,"featured_media":0,"parent":1850,"menu_order":0,"comment_status":"closed","ping_status":"closed","template":"","meta":{"_acf_changed":false,"footnotes":""},"class_list":["post-1884","page","type-page","status-publish"],"acf":[],"yoast_head":"<!-- This site is optimized with the Yoast SEO plugin v27.3 - https:\/\/yoast.com\/product\/yoast-seo-wordpress\/ -->\n<title>R\u00e9ceptions et salles d&#039;attente - Capmany Muntatges<\/title>\n<meta name=\"description\" content=\"Fauteuils, canap\u00e9s et tables pour salles d\u2019attente, pour cr\u00e9er des espaces d\u2019accueil, de d\u00e9connexion et de repos.\" \/>\n<meta name=\"robots\" content=\"index, follow, max-snippet:-1, max-image-preview:large, max-video-preview:-1\" \/>\n<link rel=\"canonical\" href=\"https:\/\/capmanymuntatges.cat\/fr\/produits-et-services\/meubles-de-bureau\/receptions-et-salles-dattente\/\" \/>\n<meta property=\"og:locale\" content=\"fr_FR\" \/>\n<meta property=\"og:type\" content=\"article\" \/>\n<meta property=\"og:title\" content=\"R\u00e9ceptions et salles d&#039;attente - Capmany Muntatges\" \/>\n<meta property=\"og:description\" content=\"Fauteuils, canap\u00e9s et tables pour salles d\u2019attente, pour cr\u00e9er des espaces d\u2019accueil, de d\u00e9connexion et de repos.\" \/>\n<meta property=\"og:url\" content=\"https:\/\/capmanymuntatges.cat\/fr\/produits-et-services\/meubles-de-bureau\/receptions-et-salles-dattente\/\" \/>\n<meta property=\"og:site_name\" content=\"Capmany Muntatges\" \/>\n<meta property=\"article:modified_time\" content=\"2021-08-27T10:33:08+00:00\" \/>\n<meta name=\"twitter:card\" content=\"summary_large_image\" \/>\n<script type=\"application\/ld+json\" class=\"yoast-schema-graph\">{\"@context\":\"https:\\\/\\\/schema.org\",\"@graph\":[{\"@type\":\"WebPage\",\"@id\":\"https:\\\/\\\/capmanymuntatges.cat\\\/fr\\\/produits-et-services\\\/meubles-de-bureau\\\/receptions-et-salles-dattente\\\/\",\"url\":\"https:\\\/\\\/capmanymuntatges.cat\\\/fr\\\/produits-et-services\\\/meubles-de-bureau\\\/receptions-et-salles-dattente\\\/\",\"name\":\"R\u00e9ceptions et salles d'attente - Capmany Muntatges\",\"isPartOf\":{\"@id\":\"https:\\\/\\\/capmanymuntatges.cat\\\/fr\\\/#website\"},\"datePublished\":\"2021-08-10T08:27:16+00:00\",\"dateModified\":\"2021-08-27T10:33:08+00:00\",\"description\":\"Fauteuils, canap\u00e9s et tables pour salles d\u2019attente, pour cr\u00e9er des espaces d\u2019accueil, de d\u00e9connexion et de repos.\",\"breadcrumb\":{\"@id\":\"https:\\\/\\\/capmanymuntatges.cat\\\/fr\\\/produits-et-services\\\/meubles-de-bureau\\\/receptions-et-salles-dattente\\\/#breadcrumb\"},\"inLanguage\":\"fr-FR\",\"potentialAction\":[{\"@type\":\"ReadAction\",\"target\":[\"https:\\\/\\\/capmanymuntatges.cat\\\/fr\\\/produits-et-services\\\/meubles-de-bureau\\\/receptions-et-salles-dattente\\\/\"]}]},{\"@type\":\"BreadcrumbList\",\"@id\":\"https:\\\/\\\/capmanymuntatges.cat\\\/fr\\\/produits-et-services\\\/meubles-de-bureau\\\/receptions-et-salles-dattente\\\/#breadcrumb\",\"itemListElement\":[{\"@type\":\"ListItem\",\"position\":1,\"name\":\"Portada\",\"item\":\"https:\\\/\\\/capmanymuntatges.cat\\\/fr\\\/\"},{\"@type\":\"ListItem\",\"position\":2,\"name\":\"Produits et services\",\"item\":\"https:\\\/\\\/capmanymuntatges.cat\\\/fr\\\/produits-et-services\\\/\"},{\"@type\":\"ListItem\",\"position\":3,\"name\":\"Meubles de bureau\",\"item\":\"https:\\\/\\\/capmanymuntatges.cat\\\/fr\\\/produits-et-services\\\/meubles-de-bureau\\\/\"},{\"@type\":\"ListItem\",\"position\":4,\"name\":\"R\u00e9ceptions et salles d&rsquo;attente\"}]},{\"@type\":\"WebSite\",\"@id\":\"https:\\\/\\\/capmanymuntatges.cat\\\/fr\\\/#website\",\"url\":\"https:\\\/\\\/capmanymuntatges.cat\\\/fr\\\/\",\"name\":\"Capmany Muntatges\",\"description\":\"Mobiliari d&#039;oficina\",\"publisher\":{\"@id\":\"https:\\\/\\\/capmanymuntatges.cat\\\/fr\\\/#organization\"},\"potentialAction\":[{\"@type\":\"SearchAction\",\"target\":{\"@type\":\"EntryPoint\",\"urlTemplate\":\"https:\\\/\\\/capmanymuntatges.cat\\\/fr\\\/?s={search_term_string}\"},\"query-input\":{\"@type\":\"PropertyValueSpecification\",\"valueRequired\":true,\"valueName\":\"search_term_string\"}}],\"inLanguage\":\"fr-FR\"},{\"@type\":\"Organization\",\"@id\":\"https:\\\/\\\/capmanymuntatges.cat\\\/fr\\\/#organization\",\"name\":\"Capmany Muntatges\",\"url\":\"https:\\\/\\\/capmanymuntatges.cat\\\/fr\\\/\",\"logo\":{\"@type\":\"ImageObject\",\"inLanguage\":\"fr-FR\",\"@id\":\"https:\\\/\\\/capmanymuntatges.cat\\\/fr\\\/#\\\/schema\\\/logo\\\/image\\\/\",\"url\":\"https:\\\/\\\/capmanymuntatges.cat\\\/wp-content\\\/uploads\\\/2023\\\/03\\\/logo-capmany-muntatges.png\",\"contentUrl\":\"https:\\\/\\\/capmanymuntatges.cat\\\/wp-content\\\/uploads\\\/2023\\\/03\\\/logo-capmany-muntatges.png\",\"width\":818,\"height\":285,\"caption\":\"Capmany Muntatges\"},\"image\":{\"@id\":\"https:\\\/\\\/capmanymuntatges.cat\\\/fr\\\/#\\\/schema\\\/logo\\\/image\\\/\"}}]}<\/script>\n<!-- \/ Yoast SEO plugin. -->","yoast_head_json":{"title":"R\u00e9ceptions et salles d'attente - Capmany Muntatges","description":"Fauteuils, canap\u00e9s et tables pour salles d\u2019attente, pour cr\u00e9er des espaces d\u2019accueil, de d\u00e9connexion et de repos.","robots":{"index":"index","follow":"follow","max-snippet":"max-snippet:-1","max-image-preview":"max-image-preview:large","max-video-preview":"max-video-preview:-1"},"canonical":"https:\/\/capmanymuntatges.cat\/fr\/produits-et-services\/meubles-de-bureau\/receptions-et-salles-dattente\/","og_locale":"fr_FR","og_type":"article","og_title":"R\u00e9ceptions et salles d'attente - Capmany Muntatges","og_description":"Fauteuils, canap\u00e9s et tables pour salles d\u2019attente, pour cr\u00e9er des espaces d\u2019accueil, de d\u00e9connexion et de repos.","og_url":"https:\/\/capmanymuntatges.cat\/fr\/produits-et-services\/meubles-de-bureau\/receptions-et-salles-dattente\/","og_site_name":"Capmany Muntatges","article_modified_time":"2021-08-27T10:33:08+00:00","twitter_card":"summary_large_image","schema":{"@context":"https:\/\/schema.org","@graph":[{"@type":"WebPage","@id":"https:\/\/capmanymuntatges.cat\/fr\/produits-et-services\/meubles-de-bureau\/receptions-et-salles-dattente\/","url":"https:\/\/capmanymuntatges.cat\/fr\/produits-et-services\/meubles-de-bureau\/receptions-et-salles-dattente\/","name":"R\u00e9ceptions et salles d'attente - Capmany Muntatges","isPartOf":{"@id":"https:\/\/capmanymuntatges.cat\/fr\/#website"},"datePublished":"2021-08-10T08:27:16+00:00","dateModified":"2021-08-27T10:33:08+00:00","description":"Fauteuils, canap\u00e9s et tables pour salles d\u2019attente, pour cr\u00e9er des espaces d\u2019accueil, de d\u00e9connexion et de repos.","breadcrumb":{"@id":"https:\/\/capmanymuntatges.cat\/fr\/produits-et-services\/meubles-de-bureau\/receptions-et-salles-dattente\/#breadcrumb"},"inLanguage":"fr-FR","potentialAction":[{"@type":"ReadAction","target":["https:\/\/capmanymuntatges.cat\/fr\/produits-et-services\/meubles-de-bureau\/receptions-et-salles-dattente\/"]}]},{"@type":"BreadcrumbList","@id":"https:\/\/capmanymuntatges.cat\/fr\/produits-et-services\/meubles-de-bureau\/receptions-et-salles-dattente\/#breadcrumb","itemListElement":[{"@type":"ListItem","position":1,"name":"Portada","item":"https:\/\/capmanymuntatges.cat\/fr\/"},{"@type":"ListItem","position":2,"name":"Produits et services","item":"https:\/\/capmanymuntatges.cat\/fr\/produits-et-services\/"},{"@type":"ListItem","position":3,"name":"Meubles de bureau","item":"https:\/\/capmanymuntatges.cat\/fr\/produits-et-services\/meubles-de-bureau\/"},{"@type":"ListItem","position":4,"name":"R\u00e9ceptions et salles d&rsquo;attente"}]},{"@type":"WebSite","@id":"https:\/\/capmanymuntatges.cat\/fr\/#website","url":"https:\/\/capmanymuntatges.cat\/fr\/","name":"Capmany Muntatges","description":"Mobiliari d&#039;oficina","publisher":{"@id":"https:\/\/capmanymuntatges.cat\/fr\/#organization"},"potentialAction":[{"@type":"SearchAction","target":{"@type":"EntryPoint","urlTemplate":"https:\/\/capmanymuntatges.cat\/fr\/?s={search_term_string}"},"query-input":{"@type":"PropertyValueSpecification","valueRequired":true,"valueName":"search_term_string"}}],"inLanguage":"fr-FR"},{"@type":"Organization","@id":"https:\/\/capmanymuntatges.cat\/fr\/#organization","name":"Capmany Muntatges","url":"https:\/\/capmanymuntatges.cat\/fr\/","logo":{"@type":"ImageObject","inLanguage":"fr-FR","@id":"https:\/\/capmanymuntatges.cat\/fr\/#\/schema\/logo\/image\/","url":"https:\/\/capmanymuntatges.cat\/wp-content\/uploads\/2023\/03\/logo-capmany-muntatges.png","contentUrl":"https:\/\/capmanymuntatges.cat\/wp-content\/uploads\/2023\/03\/logo-capmany-muntatges.png","width":818,"height":285,"caption":"Capmany Muntatges"},"image":{"@id":"https:\/\/capmanymuntatges.cat\/fr\/#\/schema\/logo\/image\/"}}]}},"_links":{"self":[{"href":"https:\/\/capmanymuntatges.cat\/fr\/wp-json\/wp\/v2\/pages\/1884","targetHints":{"allow":["GET"]}}],"collection":[{"href":"https:\/\/capmanymuntatges.cat\/fr\/wp-json\/wp\/v2\/pages"}],"about":[{"href":"https:\/\/capmanymuntatges.cat\/fr\/wp-json\/wp\/v2\/types\/page"}],"author":[{"embeddable":true,"href":"https:\/\/capmanymuntatges.cat\/fr\/wp-json\/wp\/v2\/users\/1"}],"replies":[{"embeddable":true,"href":"https:\/\/capmanymuntatges.cat\/fr\/wp-json\/wp\/v2\/comments?post=1884"}],"version-history":[{"count":5,"href":"https:\/\/capmanymuntatges.cat\/fr\/wp-json\/wp\/v2\/pages\/1884\/revisions"}],"predecessor-version":[{"id":2193,"href":"https:\/\/capmanymuntatges.cat\/fr\/wp-json\/wp\/v2\/pages\/1884\/revisions\/2193"}],"up":[{"embeddable":true,"href":"https:\/\/capmanymuntatges.cat\/fr\/wp-json\/wp\/v2\/pages\/1850"}],"wp:attachment":[{"href":"https:\/\/capmanymuntatges.cat\/fr\/wp-json\/wp\/v2\/media?parent=1884"}],"curies":[{"name":"wp","href":"https:\/\/api.w.org\/{rel}","templated":true}]}}