{"id":1880,"date":"2021-08-10T08:26:24","date_gmt":"2021-08-10T08:26:24","guid":{"rendered":"http:\/\/dev.capmanymuntatges.cat\/meubles-de-bureau\/tables-de-bureau\/"},"modified":"2021-08-27T10:22:14","modified_gmt":"2021-08-27T10:22:14","slug":"tables-de-bureau","status":"publish","type":"page","link":"https:\/\/capmanymuntatges.cat\/fr\/produits-et-services\/meubles-de-bureau\/tables-de-bureau\/","title":{"rendered":"Tables de bureau"},"content":{"rendered":"\t\t<div data-elementor-type=\"wp-page\" data-elementor-id=\"1880\" class=\"elementor elementor-1880 elementor-1320\" data-elementor-post-type=\"page\">\n\t\t\t\t\t\t<section class=\"elementor-section elementor-top-section elementor-element elementor-element-5f16291 elementor-section-full_width elementor-section-height-default elementor-section-height-default\" data-id=\"5f16291\" data-element_type=\"section\" data-e-type=\"section\">\n\t\t\t\t\t\t<div class=\"elementor-container elementor-column-gap-no\">\n\t\t\t\t\t<div class=\"elementor-column elementor-col-100 elementor-top-column elementor-element elementor-element-b7371a4\" data-id=\"b7371a4\" data-element_type=\"column\" data-e-type=\"column\">\n\t\t\t<div class=\"elementor-widget-wrap elementor-element-populated\">\n\t\t\t\t\t\t<div class=\"elementor-element elementor-element-fa689c2 elementor--h-position-center elementor--v-position-middle elementor-arrows-position-inside elementor-pagination-position-inside elementor-widget elementor-widget-slides\" data-id=\"fa689c2\" data-element_type=\"widget\" data-e-type=\"widget\" data-settings=\"{&quot;navigation&quot;:&quot;both&quot;,&quot;autoplay&quot;:&quot;yes&quot;,&quot;pause_on_hover&quot;:&quot;yes&quot;,&quot;pause_on_interaction&quot;:&quot;yes&quot;,&quot;autoplay_speed&quot;:5000,&quot;infinite&quot;:&quot;yes&quot;,&quot;transition&quot;:&quot;slide&quot;,&quot;transition_speed&quot;:500}\" data-widget_type=\"slides.default\">\n\t\t\t\t<div class=\"elementor-widget-container\">\n\t\t\t\t\t\t\t\t\t<div class=\"elementor-swiper\">\n\t\t\t\t\t<div class=\"elementor-slides-wrapper elementor-main-swiper swiper\" role=\"region\" aria-roledescription=\"carousel\" aria-label=\"Diapositives\" dir=\"ltr\" data-animation=\"fadeInUp\">\n\t\t\t\t<div class=\"swiper-wrapper elementor-slides\">\n\t\t\t\t\t\t\t\t\t\t<div class=\"elementor-repeater-item-9a56c27 swiper-slide\" role=\"group\" aria-roledescription=\"slide\"><div class=\"swiper-slide-bg\" role=\"img\" aria-label=\"Mesas-oficina_TWORK\"><\/div><div class=\"swiper-slide-inner\" ><div class=\"swiper-slide-contents\"><div class=\"elementor-slide-heading\">Tables de bureau<\/div><\/div><\/div><\/div>\t\t\t\t<\/div>\n\t\t\t\t\t\t\t<\/div>\n\t\t\t\t<\/div>\n\t\t\t\t\t\t\t\t<\/div>\n\t\t\t\t<\/div>\n\t\t\t\t\t<\/div>\n\t\t<\/div>\n\t\t\t\t\t<\/div>\n\t\t<\/section>\n\t\t\t\t<section class=\"elementor-section elementor-top-section elementor-element elementor-element-364057e elementor-section-full_width elementor-section-height-default elementor-section-height-default\" data-id=\"364057e\" data-element_type=\"section\" data-e-type=\"section\">\n\t\t\t\t\t\t<div class=\"elementor-container elementor-column-gap-default\">\n\t\t\t\t\t<div class=\"elementor-column elementor-col-100 elementor-top-column elementor-element elementor-element-f6e3ee1\" data-id=\"f6e3ee1\" data-element_type=\"column\" data-e-type=\"column\">\n\t\t\t<div class=\"elementor-widget-wrap elementor-element-populated\">\n\t\t\t\t\t\t<div class=\"elementor-element elementor-element-8ad6606 elementor-icon-list--layout-traditional elementor-list-item-link-full_width elementor-widget elementor-widget-icon-list\" data-id=\"8ad6606\" data-element_type=\"widget\" data-e-type=\"widget\" data-widget_type=\"icon-list.default\">\n\t\t\t\t<div class=\"elementor-widget-container\">\n\t\t\t\t\t\t\t<ul class=\"elementor-icon-list-items\">\n\t\t\t\t\t\t\t<li class=\"elementor-icon-list-item\">\n\t\t\t\t\t\t\t\t\t\t\t<a href=\"https:\/\/capmanymuntatges.cat\/fr\/meubles-de-bureau\/\">\n\n\t\t\t\t\t\t\t\t\t\t\t\t<span class=\"elementor-icon-list-icon\">\n\t\t\t\t\t\t\t<i aria-hidden=\"true\" class=\"fas fa-arrow-left\"><\/i>\t\t\t\t\t\t<\/span>\n\t\t\t\t\t\t\t\t\t\t<span class=\"elementor-icon-list-text\">Retour \u00e0 Mobilier de bureau<\/span>\n\t\t\t\t\t\t\t\t\t\t\t<\/a>\n\t\t\t\t\t\t\t\t\t<\/li>\n\t\t\t\t\t\t<\/ul>\n\t\t\t\t\t\t<\/div>\n\t\t\t\t<\/div>\n\t\t\t\t\t<\/div>\n\t\t<\/div>\n\t\t\t\t\t<\/div>\n\t\t<\/section>\n\t\t\t\t<section class=\"elementor-section elementor-top-section elementor-element elementor-element-01fb812 elementor-section-boxed elementor-section-height-default elementor-section-height-default\" data-id=\"01fb812\" data-element_type=\"section\" data-e-type=\"section\" id=\"sillas-operativas\">\n\t\t\t\t\t\t<div class=\"elementor-container elementor-column-gap-default\">\n\t\t\t\t\t<div class=\"elementor-column elementor-col-100 elementor-top-column elementor-element elementor-element-73d1650\" data-id=\"73d1650\" data-element_type=\"column\" data-e-type=\"column\">\n\t\t\t<div class=\"elementor-widget-wrap elementor-element-populated\">\n\t\t\t\t\t\t<div class=\"elementor-element elementor-element-ec60db6 elementor-widget elementor-widget-text-editor\" data-id=\"ec60db6\" data-element_type=\"widget\" data-e-type=\"widget\" data-widget_type=\"text-editor.default\">\n\t\t\t\t<div class=\"elementor-widget-container\">\n\t\t\t\t\t\t\t\t\t<p>Des tables de bureau fonctionnelles qui s\u2019adaptent aux exigences et aux besoins de l\u2019espace et des travailleurs. Grande vari\u00e9t\u00e9 de mod\u00e8les, avec diff\u00e9rentes possibilit\u00e9s de configuration et accessoires, qui permettent un plus grand confort et adaptabilit\u00e9.<\/p>\n\t\t\t\t\t\t\t\t<\/div>\n\t\t\t\t<\/div>\n\t\t\t\t<div class=\"elementor-element elementor-element-d955e63 elementor-widget elementor-widget-gallery\" data-id=\"d955e63\" data-element_type=\"widget\" data-e-type=\"widget\" data-settings=\"{&quot;gallery_layout&quot;:&quot;justified&quot;,&quot;lazyload&quot;:&quot;yes&quot;,&quot;ideal_row_height&quot;:{&quot;unit&quot;:&quot;px&quot;,&quot;size&quot;:200,&quot;sizes&quot;:[]},&quot;ideal_row_height_tablet&quot;:{&quot;unit&quot;:&quot;px&quot;,&quot;size&quot;:150,&quot;sizes&quot;:[]},&quot;ideal_row_height_mobile&quot;:{&quot;unit&quot;:&quot;px&quot;,&quot;size&quot;:150,&quot;sizes&quot;:[]},&quot;gap&quot;:{&quot;unit&quot;:&quot;px&quot;,&quot;size&quot;:10,&quot;sizes&quot;:[]},&quot;gap_tablet&quot;:{&quot;unit&quot;:&quot;px&quot;,&quot;size&quot;:10,&quot;sizes&quot;:[]},&quot;gap_mobile&quot;:{&quot;unit&quot;:&quot;px&quot;,&quot;size&quot;:10,&quot;sizes&quot;:[]},&quot;link_to&quot;:&quot;file&quot;,&quot;overlay_background&quot;:&quot;yes&quot;,&quot;content_hover_animation&quot;:&quot;fade-in&quot;}\" data-widget_type=\"gallery.default\">\n\t\t\t\t<div class=\"elementor-widget-container\">\n\t\t\t\t\t\t\t<div class=\"elementor-gallery__container\">\n\t\t\t\t\t\t\t<a class=\"e-gallery-item elementor-gallery-item elementor-animated-content\" href=\"https:\/\/capmanymuntatges.cat\/wp-content\/uploads\/2021\/07\/Mesas-oficina_ARKITEK.jpg\" data-elementor-open-lightbox=\"yes\" data-elementor-lightbox-slideshow=\"d955e63\" data-elementor-lightbox-title=\"Mesas-oficina_ARKITEK\" data-e-action-hash=\"#elementor-action%3Aaction%3Dlightbox%26settings%3DeyJpZCI6MTMyNiwidXJsIjoiaHR0cHM6XC9cL2NhcG1hbnltdW50YXRnZXMuY2F0XC93cC1jb250ZW50XC91cGxvYWRzXC8yMDIxXC8wN1wvTWVzYXMtb2ZpY2luYV9BUktJVEVLLmpwZyIsInNsaWRlc2hvdyI6ImQ5NTVlNjMifQ%3D%3D\">\n\t\t\t\t\t<div class=\"e-gallery-image elementor-gallery-item__image\" data-thumbnail=\"https:\/\/capmanymuntatges.cat\/wp-content\/uploads\/2021\/07\/Mesas-oficina_ARKITEK.jpg\" data-width=\"800\" data-height=\"800\" aria-label=\"\" role=\"img\" ><\/div>\n\t\t\t\t\t\t\t\t\t\t\t<div class=\"elementor-gallery-item__overlay\"><\/div>\n\t\t\t\t\t\t\t\t\t\t\t\t\t\t<\/a>\n\t\t\t\t\t\t\t<a class=\"e-gallery-item elementor-gallery-item elementor-animated-content\" href=\"https:\/\/capmanymuntatges.cat\/wp-content\/uploads\/2021\/07\/Mesas-oficina_POWER_CONFERENCIES.jpg\" data-elementor-open-lightbox=\"yes\" data-elementor-lightbox-slideshow=\"d955e63\" data-elementor-lightbox-title=\"Mesas-oficina_POWER_CONFERENCIES\" data-e-action-hash=\"#elementor-action%3Aaction%3Dlightbox%26settings%3DeyJpZCI6MTMyNywidXJsIjoiaHR0cHM6XC9cL2NhcG1hbnltdW50YXRnZXMuY2F0XC93cC1jb250ZW50XC91cGxvYWRzXC8yMDIxXC8wN1wvTWVzYXMtb2ZpY2luYV9QT1dFUl9DT05GRVJFTkNJRVMuanBnIiwic2xpZGVzaG93IjoiZDk1NWU2MyJ9\">\n\t\t\t\t\t<div class=\"e-gallery-image elementor-gallery-item__image\" data-thumbnail=\"https:\/\/capmanymuntatges.cat\/wp-content\/uploads\/2021\/07\/Mesas-oficina_POWER_CONFERENCIES.jpg\" data-width=\"1100\" data-height=\"733\" aria-label=\"\" role=\"img\" ><\/div>\n\t\t\t\t\t\t\t\t\t\t\t<div class=\"elementor-gallery-item__overlay\"><\/div>\n\t\t\t\t\t\t\t\t\t\t\t\t\t\t<\/a>\n\t\t\t\t\t\t\t<a class=\"e-gallery-item elementor-gallery-item elementor-animated-content\" href=\"https:\/\/capmanymuntatges.cat\/wp-content\/uploads\/2021\/07\/Mesas-oficina_POWER_REUNIONS.jpg\" data-elementor-open-lightbox=\"yes\" data-elementor-lightbox-slideshow=\"d955e63\" data-elementor-lightbox-title=\"Mesas-oficina_POWER_REUNIONS\" data-e-action-hash=\"#elementor-action%3Aaction%3Dlightbox%26settings%3DeyJpZCI6MTMyOCwidXJsIjoiaHR0cHM6XC9cL2NhcG1hbnltdW50YXRnZXMuY2F0XC93cC1jb250ZW50XC91cGxvYWRzXC8yMDIxXC8wN1wvTWVzYXMtb2ZpY2luYV9QT1dFUl9SRVVOSU9OUy5qcGciLCJzbGlkZXNob3ciOiJkOTU1ZTYzIn0%3D\">\n\t\t\t\t\t<div class=\"e-gallery-image elementor-gallery-item__image\" data-thumbnail=\"https:\/\/capmanymuntatges.cat\/wp-content\/uploads\/2021\/07\/Mesas-oficina_POWER_REUNIONS.jpg\" data-width=\"1100\" data-height=\"733\" aria-label=\"\" role=\"img\" ><\/div>\n\t\t\t\t\t\t\t\t\t\t\t<div class=\"elementor-gallery-item__overlay\"><\/div>\n\t\t\t\t\t\t\t\t\t\t\t\t\t\t<\/a>\n\t\t\t\t\t\t\t<a class=\"e-gallery-item elementor-gallery-item elementor-animated-content\" href=\"https:\/\/capmanymuntatges.cat\/wp-content\/uploads\/2021\/07\/Mesas-oficina_PRISMA.jpg\" data-elementor-open-lightbox=\"yes\" data-elementor-lightbox-slideshow=\"d955e63\" data-elementor-lightbox-title=\"Mesas-oficina_PRISMA\" data-e-action-hash=\"#elementor-action%3Aaction%3Dlightbox%26settings%3DeyJpZCI6MTMyOSwidXJsIjoiaHR0cHM6XC9cL2NhcG1hbnltdW50YXRnZXMuY2F0XC93cC1jb250ZW50XC91cGxvYWRzXC8yMDIxXC8wN1wvTWVzYXMtb2ZpY2luYV9QUklTTUEuanBnIiwic2xpZGVzaG93IjoiZDk1NWU2MyJ9\">\n\t\t\t\t\t<div class=\"e-gallery-image elementor-gallery-item__image\" data-thumbnail=\"https:\/\/capmanymuntatges.cat\/wp-content\/uploads\/2021\/07\/Mesas-oficina_PRISMA.jpg\" data-width=\"1100\" data-height=\"592\" aria-label=\"\" role=\"img\" ><\/div>\n\t\t\t\t\t\t\t\t\t\t\t<div class=\"elementor-gallery-item__overlay\"><\/div>\n\t\t\t\t\t\t\t\t\t\t\t\t\t\t<\/a>\n\t\t\t\t\t\t\t<a class=\"e-gallery-item elementor-gallery-item elementor-animated-content\" href=\"https:\/\/capmanymuntatges.cat\/wp-content\/uploads\/2021\/07\/Mesas-oficina_TABULA.jpg\" data-elementor-open-lightbox=\"yes\" data-elementor-lightbox-slideshow=\"d955e63\" data-elementor-lightbox-title=\"Mesas-oficina_TABULA\" data-e-action-hash=\"#elementor-action%3Aaction%3Dlightbox%26settings%3DeyJpZCI6MTMzMCwidXJsIjoiaHR0cHM6XC9cL2NhcG1hbnltdW50YXRnZXMuY2F0XC93cC1jb250ZW50XC91cGxvYWRzXC8yMDIxXC8wN1wvTWVzYXMtb2ZpY2luYV9UQUJVTEEuanBnIiwic2xpZGVzaG93IjoiZDk1NWU2MyJ9\">\n\t\t\t\t\t<div class=\"e-gallery-image elementor-gallery-item__image\" data-thumbnail=\"https:\/\/capmanymuntatges.cat\/wp-content\/uploads\/2021\/07\/Mesas-oficina_TABULA.jpg\" data-width=\"534\" data-height=\"800\" aria-label=\"\" role=\"img\" ><\/div>\n\t\t\t\t\t\t\t\t\t\t\t<div class=\"elementor-gallery-item__overlay\"><\/div>\n\t\t\t\t\t\t\t\t\t\t\t\t\t\t<\/a>\n\t\t\t\t\t\t\t<a class=\"e-gallery-item elementor-gallery-item elementor-animated-content\" href=\"https:\/\/capmanymuntatges.cat\/wp-content\/uploads\/2021\/07\/Mesas-oficina_TALENT.jpg\" data-elementor-open-lightbox=\"yes\" data-elementor-lightbox-slideshow=\"d955e63\" data-elementor-lightbox-title=\"Mesas-oficina_TALENT\" data-e-action-hash=\"#elementor-action%3Aaction%3Dlightbox%26settings%3DeyJpZCI6MTMzMSwidXJsIjoiaHR0cHM6XC9cL2NhcG1hbnltdW50YXRnZXMuY2F0XC93cC1jb250ZW50XC91cGxvYWRzXC8yMDIxXC8wN1wvTWVzYXMtb2ZpY2luYV9UQUxFTlQuanBnIiwic2xpZGVzaG93IjoiZDk1NWU2MyJ9\">\n\t\t\t\t\t<div class=\"e-gallery-image elementor-gallery-item__image\" data-thumbnail=\"https:\/\/capmanymuntatges.cat\/wp-content\/uploads\/2021\/07\/Mesas-oficina_TALENT.jpg\" data-width=\"1100\" data-height=\"733\" aria-label=\"\" role=\"img\" ><\/div>\n\t\t\t\t\t\t\t\t\t\t\t<div class=\"elementor-gallery-item__overlay\"><\/div>\n\t\t\t\t\t\t\t\t\t\t\t\t\t\t<\/a>\n\t\t\t\t\t\t\t<a class=\"e-gallery-item elementor-gallery-item elementor-animated-content\" href=\"https:\/\/capmanymuntatges.cat\/wp-content\/uploads\/2021\/07\/Mesas-oficina_TCARE.jpg\" data-elementor-open-lightbox=\"yes\" data-elementor-lightbox-slideshow=\"d955e63\" data-elementor-lightbox-title=\"Mesas-oficina_TCARE\" data-e-action-hash=\"#elementor-action%3Aaction%3Dlightbox%26settings%3DeyJpZCI6MTMzMiwidXJsIjoiaHR0cHM6XC9cL2NhcG1hbnltdW50YXRnZXMuY2F0XC93cC1jb250ZW50XC91cGxvYWRzXC8yMDIxXC8wN1wvTWVzYXMtb2ZpY2luYV9UQ0FSRS5qcGciLCJzbGlkZXNob3ciOiJkOTU1ZTYzIn0%3D\">\n\t\t\t\t\t<div class=\"e-gallery-image elementor-gallery-item__image\" data-thumbnail=\"https:\/\/capmanymuntatges.cat\/wp-content\/uploads\/2021\/07\/Mesas-oficina_TCARE.jpg\" data-width=\"1100\" data-height=\"721\" aria-label=\"\" role=\"img\" ><\/div>\n\t\t\t\t\t\t\t\t\t\t\t<div class=\"elementor-gallery-item__overlay\"><\/div>\n\t\t\t\t\t\t\t\t\t\t\t\t\t\t<\/a>\n\t\t\t\t\t\t\t<a class=\"e-gallery-item elementor-gallery-item elementor-animated-content\" href=\"https:\/\/capmanymuntatges.cat\/wp-content\/uploads\/2021\/07\/Mesas-oficina_TWIST.jpg\" data-elementor-open-lightbox=\"yes\" data-elementor-lightbox-slideshow=\"d955e63\" data-elementor-lightbox-title=\"Mesas-oficina_TWIST\" data-e-action-hash=\"#elementor-action%3Aaction%3Dlightbox%26settings%3DeyJpZCI6MTMzMywidXJsIjoiaHR0cHM6XC9cL2NhcG1hbnltdW50YXRnZXMuY2F0XC93cC1jb250ZW50XC91cGxvYWRzXC8yMDIxXC8wN1wvTWVzYXMtb2ZpY2luYV9UV0lTVC5qcGciLCJzbGlkZXNob3ciOiJkOTU1ZTYzIn0%3D\">\n\t\t\t\t\t<div class=\"e-gallery-image elementor-gallery-item__image\" data-thumbnail=\"https:\/\/capmanymuntatges.cat\/wp-content\/uploads\/2021\/07\/Mesas-oficina_TWIST.jpg\" data-width=\"1068\" data-height=\"800\" aria-label=\"\" role=\"img\" ><\/div>\n\t\t\t\t\t\t\t\t\t\t\t<div class=\"elementor-gallery-item__overlay\"><\/div>\n\t\t\t\t\t\t\t\t\t\t\t\t\t\t<\/a>\n\t\t\t\t\t\t\t<a class=\"e-gallery-item elementor-gallery-item elementor-animated-content\" href=\"https:\/\/capmanymuntatges.cat\/wp-content\/uploads\/2021\/07\/Mesas-oficina_TWORK.jpg\" data-elementor-open-lightbox=\"yes\" data-elementor-lightbox-slideshow=\"d955e63\" data-elementor-lightbox-title=\"Mesas-oficina_TWORK\" data-e-action-hash=\"#elementor-action%3Aaction%3Dlightbox%26settings%3DeyJpZCI6MTMzNCwidXJsIjoiaHR0cHM6XC9cL2NhcG1hbnltdW50YXRnZXMuY2F0XC93cC1jb250ZW50XC91cGxvYWRzXC8yMDIxXC8wN1wvTWVzYXMtb2ZpY2luYV9UV09SSy5qcGciLCJzbGlkZXNob3ciOiJkOTU1ZTYzIn0%3D\">\n\t\t\t\t\t<div class=\"e-gallery-image elementor-gallery-item__image\" data-thumbnail=\"https:\/\/capmanymuntatges.cat\/wp-content\/uploads\/2021\/07\/Mesas-oficina_TWORK.jpg\" data-width=\"1100\" data-height=\"689\" aria-label=\"\" role=\"img\" ><\/div>\n\t\t\t\t\t\t\t\t\t\t\t<div class=\"elementor-gallery-item__overlay\"><\/div>\n\t\t\t\t\t\t\t\t\t\t\t\t\t\t<\/a>\n\t\t\t\t\t\t\t<a class=\"e-gallery-item elementor-gallery-item elementor-animated-content\" href=\"https:\/\/capmanymuntatges.cat\/wp-content\/uploads\/2021\/07\/Mesas-oficina_VITAL-PLUS.jpg\" data-elementor-open-lightbox=\"yes\" data-elementor-lightbox-slideshow=\"d955e63\" data-elementor-lightbox-title=\"Mesas-oficina_VITAL PLUS\" data-e-action-hash=\"#elementor-action%3Aaction%3Dlightbox%26settings%3DeyJpZCI6MTMzNSwidXJsIjoiaHR0cHM6XC9cL2NhcG1hbnltdW50YXRnZXMuY2F0XC93cC1jb250ZW50XC91cGxvYWRzXC8yMDIxXC8wN1wvTWVzYXMtb2ZpY2luYV9WSVRBTC1QTFVTLmpwZyIsInNsaWRlc2hvdyI6ImQ5NTVlNjMifQ%3D%3D\">\n\t\t\t\t\t<div class=\"e-gallery-image elementor-gallery-item__image\" data-thumbnail=\"https:\/\/capmanymuntatges.cat\/wp-content\/uploads\/2021\/07\/Mesas-oficina_VITAL-PLUS.jpg\" data-width=\"1100\" data-height=\"660\" aria-label=\"\" role=\"img\" ><\/div>\n\t\t\t\t\t\t\t\t\t\t\t<div class=\"elementor-gallery-item__overlay\"><\/div>\n\t\t\t\t\t\t\t\t\t\t\t\t\t\t<\/a>\n\t\t\t\t\t\t\t<a class=\"e-gallery-item elementor-gallery-item elementor-animated-content\" href=\"https:\/\/capmanymuntatges.cat\/wp-content\/uploads\/2021\/07\/Mesas-oficina_VITAL.jpg\" data-elementor-open-lightbox=\"yes\" data-elementor-lightbox-slideshow=\"d955e63\" data-elementor-lightbox-title=\"Mesas-oficina_VITAL\" data-e-action-hash=\"#elementor-action%3Aaction%3Dlightbox%26settings%3DeyJpZCI6MTMzNiwidXJsIjoiaHR0cHM6XC9cL2NhcG1hbnltdW50YXRnZXMuY2F0XC93cC1jb250ZW50XC91cGxvYWRzXC8yMDIxXC8wN1wvTWVzYXMtb2ZpY2luYV9WSVRBTC5qcGciLCJzbGlkZXNob3ciOiJkOTU1ZTYzIn0%3D\">\n\t\t\t\t\t<div class=\"e-gallery-image elementor-gallery-item__image\" data-thumbnail=\"https:\/\/capmanymuntatges.cat\/wp-content\/uploads\/2021\/07\/Mesas-oficina_VITAL.jpg\" data-width=\"1100\" data-height=\"660\" aria-label=\"\" role=\"img\" ><\/div>\n\t\t\t\t\t\t\t\t\t\t\t<div class=\"elementor-gallery-item__overlay\"><\/div>\n\t\t\t\t\t\t\t\t\t\t\t\t\t\t<\/a>\n\t\t\t\t\t<\/div>\n\t\t\t\t\t<\/div>\n\t\t\t\t<\/div>\n\t\t\t\t\t<\/div>\n\t\t<\/div>\n\t\t\t\t\t<\/div>\n\t\t<\/section>\n\t\t\t\t<\/div>\n\t\t","protected":false},"excerpt":{"rendered":"<p>Tables de bureau Retour \u00e0 Mobilier de bureau Des tables de bureau fonctionnelles qui s\u2019adaptent aux exigences et aux besoins de l\u2019espace et des travailleurs. Grande vari\u00e9t\u00e9 de mod\u00e8les, avec diff\u00e9rentes possibilit\u00e9s de configuration et accessoires, qui permettent un plus grand confort et adaptabilit\u00e9.<\/p>\n","protected":false},"author":1,"featured_media":0,"parent":1850,"menu_order":0,"comment_status":"closed","ping_status":"closed","template":"","meta":{"_acf_changed":false,"footnotes":""},"class_list":["post-1880","page","type-page","status-publish"],"acf":[],"yoast_head":"<!-- This site is optimized with the Yoast SEO plugin v27.3 - https:\/\/yoast.com\/product\/yoast-seo-wordpress\/ -->\n<title>Tables de bureau - Capmany Muntatges<\/title>\n<meta name=\"description\" content=\"Des tables de bureau fonctionnelles qui s\u2019adaptent aux exigences et aux besoins de l\u2019espace et des travailleurs.\" \/>\n<meta name=\"robots\" content=\"index, follow, max-snippet:-1, max-image-preview:large, max-video-preview:-1\" \/>\n<link rel=\"canonical\" href=\"https:\/\/capmanymuntatges.cat\/fr\/produits-et-services\/meubles-de-bureau\/tables-de-bureau\/\" \/>\n<meta property=\"og:locale\" content=\"fr_FR\" \/>\n<meta property=\"og:type\" content=\"article\" \/>\n<meta property=\"og:title\" content=\"Tables de bureau - Capmany Muntatges\" \/>\n<meta property=\"og:description\" content=\"Des tables de bureau fonctionnelles qui s\u2019adaptent aux exigences et aux besoins de l\u2019espace et des travailleurs.\" \/>\n<meta property=\"og:url\" content=\"https:\/\/capmanymuntatges.cat\/fr\/produits-et-services\/meubles-de-bureau\/tables-de-bureau\/\" \/>\n<meta property=\"og:site_name\" content=\"Capmany Muntatges\" \/>\n<meta property=\"article:modified_time\" content=\"2021-08-27T10:22:14+00:00\" \/>\n<meta name=\"twitter:card\" content=\"summary_large_image\" \/>\n<script type=\"application\/ld+json\" class=\"yoast-schema-graph\">{\"@context\":\"https:\\\/\\\/schema.org\",\"@graph\":[{\"@type\":\"WebPage\",\"@id\":\"https:\\\/\\\/capmanymuntatges.cat\\\/fr\\\/produits-et-services\\\/meubles-de-bureau\\\/tables-de-bureau\\\/\",\"url\":\"https:\\\/\\\/capmanymuntatges.cat\\\/fr\\\/produits-et-services\\\/meubles-de-bureau\\\/tables-de-bureau\\\/\",\"name\":\"Tables de bureau - Capmany Muntatges\",\"isPartOf\":{\"@id\":\"https:\\\/\\\/capmanymuntatges.cat\\\/fr\\\/#website\"},\"datePublished\":\"2021-08-10T08:26:24+00:00\",\"dateModified\":\"2021-08-27T10:22:14+00:00\",\"description\":\"Des tables de bureau fonctionnelles qui s\u2019adaptent aux exigences et aux besoins de l\u2019espace et des travailleurs.\",\"breadcrumb\":{\"@id\":\"https:\\\/\\\/capmanymuntatges.cat\\\/fr\\\/produits-et-services\\\/meubles-de-bureau\\\/tables-de-bureau\\\/#breadcrumb\"},\"inLanguage\":\"fr-FR\",\"potentialAction\":[{\"@type\":\"ReadAction\",\"target\":[\"https:\\\/\\\/capmanymuntatges.cat\\\/fr\\\/produits-et-services\\\/meubles-de-bureau\\\/tables-de-bureau\\\/\"]}]},{\"@type\":\"BreadcrumbList\",\"@id\":\"https:\\\/\\\/capmanymuntatges.cat\\\/fr\\\/produits-et-services\\\/meubles-de-bureau\\\/tables-de-bureau\\\/#breadcrumb\",\"itemListElement\":[{\"@type\":\"ListItem\",\"position\":1,\"name\":\"Portada\",\"item\":\"https:\\\/\\\/capmanymuntatges.cat\\\/fr\\\/\"},{\"@type\":\"ListItem\",\"position\":2,\"name\":\"Produits et services\",\"item\":\"https:\\\/\\\/capmanymuntatges.cat\\\/fr\\\/produits-et-services\\\/\"},{\"@type\":\"ListItem\",\"position\":3,\"name\":\"Meubles de bureau\",\"item\":\"https:\\\/\\\/capmanymuntatges.cat\\\/fr\\\/produits-et-services\\\/meubles-de-bureau\\\/\"},{\"@type\":\"ListItem\",\"position\":4,\"name\":\"Tables de bureau\"}]},{\"@type\":\"WebSite\",\"@id\":\"https:\\\/\\\/capmanymuntatges.cat\\\/fr\\\/#website\",\"url\":\"https:\\\/\\\/capmanymuntatges.cat\\\/fr\\\/\",\"name\":\"Capmany Muntatges\",\"description\":\"Mobiliari d&#039;oficina\",\"publisher\":{\"@id\":\"https:\\\/\\\/capmanymuntatges.cat\\\/fr\\\/#organization\"},\"potentialAction\":[{\"@type\":\"SearchAction\",\"target\":{\"@type\":\"EntryPoint\",\"urlTemplate\":\"https:\\\/\\\/capmanymuntatges.cat\\\/fr\\\/?s={search_term_string}\"},\"query-input\":{\"@type\":\"PropertyValueSpecification\",\"valueRequired\":true,\"valueName\":\"search_term_string\"}}],\"inLanguage\":\"fr-FR\"},{\"@type\":\"Organization\",\"@id\":\"https:\\\/\\\/capmanymuntatges.cat\\\/fr\\\/#organization\",\"name\":\"Capmany Muntatges\",\"url\":\"https:\\\/\\\/capmanymuntatges.cat\\\/fr\\\/\",\"logo\":{\"@type\":\"ImageObject\",\"inLanguage\":\"fr-FR\",\"@id\":\"https:\\\/\\\/capmanymuntatges.cat\\\/fr\\\/#\\\/schema\\\/logo\\\/image\\\/\",\"url\":\"https:\\\/\\\/capmanymuntatges.cat\\\/wp-content\\\/uploads\\\/2023\\\/03\\\/logo-capmany-muntatges.png\",\"contentUrl\":\"https:\\\/\\\/capmanymuntatges.cat\\\/wp-content\\\/uploads\\\/2023\\\/03\\\/logo-capmany-muntatges.png\",\"width\":818,\"height\":285,\"caption\":\"Capmany Muntatges\"},\"image\":{\"@id\":\"https:\\\/\\\/capmanymuntatges.cat\\\/fr\\\/#\\\/schema\\\/logo\\\/image\\\/\"}}]}<\/script>\n<!-- \/ Yoast SEO plugin. -->","yoast_head_json":{"title":"Tables de bureau - Capmany Muntatges","description":"Des tables de bureau fonctionnelles qui s\u2019adaptent aux exigences et aux besoins de l\u2019espace et des travailleurs.","robots":{"index":"index","follow":"follow","max-snippet":"max-snippet:-1","max-image-preview":"max-image-preview:large","max-video-preview":"max-video-preview:-1"},"canonical":"https:\/\/capmanymuntatges.cat\/fr\/produits-et-services\/meubles-de-bureau\/tables-de-bureau\/","og_locale":"fr_FR","og_type":"article","og_title":"Tables de bureau - Capmany Muntatges","og_description":"Des tables de bureau fonctionnelles qui s\u2019adaptent aux exigences et aux besoins de l\u2019espace et des travailleurs.","og_url":"https:\/\/capmanymuntatges.cat\/fr\/produits-et-services\/meubles-de-bureau\/tables-de-bureau\/","og_site_name":"Capmany Muntatges","article_modified_time":"2021-08-27T10:22:14+00:00","twitter_card":"summary_large_image","schema":{"@context":"https:\/\/schema.org","@graph":[{"@type":"WebPage","@id":"https:\/\/capmanymuntatges.cat\/fr\/produits-et-services\/meubles-de-bureau\/tables-de-bureau\/","url":"https:\/\/capmanymuntatges.cat\/fr\/produits-et-services\/meubles-de-bureau\/tables-de-bureau\/","name":"Tables de bureau - Capmany Muntatges","isPartOf":{"@id":"https:\/\/capmanymuntatges.cat\/fr\/#website"},"datePublished":"2021-08-10T08:26:24+00:00","dateModified":"2021-08-27T10:22:14+00:00","description":"Des tables de bureau fonctionnelles qui s\u2019adaptent aux exigences et aux besoins de l\u2019espace et des travailleurs.","breadcrumb":{"@id":"https:\/\/capmanymuntatges.cat\/fr\/produits-et-services\/meubles-de-bureau\/tables-de-bureau\/#breadcrumb"},"inLanguage":"fr-FR","potentialAction":[{"@type":"ReadAction","target":["https:\/\/capmanymuntatges.cat\/fr\/produits-et-services\/meubles-de-bureau\/tables-de-bureau\/"]}]},{"@type":"BreadcrumbList","@id":"https:\/\/capmanymuntatges.cat\/fr\/produits-et-services\/meubles-de-bureau\/tables-de-bureau\/#breadcrumb","itemListElement":[{"@type":"ListItem","position":1,"name":"Portada","item":"https:\/\/capmanymuntatges.cat\/fr\/"},{"@type":"ListItem","position":2,"name":"Produits et services","item":"https:\/\/capmanymuntatges.cat\/fr\/produits-et-services\/"},{"@type":"ListItem","position":3,"name":"Meubles de bureau","item":"https:\/\/capmanymuntatges.cat\/fr\/produits-et-services\/meubles-de-bureau\/"},{"@type":"ListItem","position":4,"name":"Tables de bureau"}]},{"@type":"WebSite","@id":"https:\/\/capmanymuntatges.cat\/fr\/#website","url":"https:\/\/capmanymuntatges.cat\/fr\/","name":"Capmany Muntatges","description":"Mobiliari d&#039;oficina","publisher":{"@id":"https:\/\/capmanymuntatges.cat\/fr\/#organization"},"potentialAction":[{"@type":"SearchAction","target":{"@type":"EntryPoint","urlTemplate":"https:\/\/capmanymuntatges.cat\/fr\/?s={search_term_string}"},"query-input":{"@type":"PropertyValueSpecification","valueRequired":true,"valueName":"search_term_string"}}],"inLanguage":"fr-FR"},{"@type":"Organization","@id":"https:\/\/capmanymuntatges.cat\/fr\/#organization","name":"Capmany Muntatges","url":"https:\/\/capmanymuntatges.cat\/fr\/","logo":{"@type":"ImageObject","inLanguage":"fr-FR","@id":"https:\/\/capmanymuntatges.cat\/fr\/#\/schema\/logo\/image\/","url":"https:\/\/capmanymuntatges.cat\/wp-content\/uploads\/2023\/03\/logo-capmany-muntatges.png","contentUrl":"https:\/\/capmanymuntatges.cat\/wp-content\/uploads\/2023\/03\/logo-capmany-muntatges.png","width":818,"height":285,"caption":"Capmany Muntatges"},"image":{"@id":"https:\/\/capmanymuntatges.cat\/fr\/#\/schema\/logo\/image\/"}}]}},"_links":{"self":[{"href":"https:\/\/capmanymuntatges.cat\/fr\/wp-json\/wp\/v2\/pages\/1880","targetHints":{"allow":["GET"]}}],"collection":[{"href":"https:\/\/capmanymuntatges.cat\/fr\/wp-json\/wp\/v2\/pages"}],"about":[{"href":"https:\/\/capmanymuntatges.cat\/fr\/wp-json\/wp\/v2\/types\/page"}],"author":[{"embeddable":true,"href":"https:\/\/capmanymuntatges.cat\/fr\/wp-json\/wp\/v2\/users\/1"}],"replies":[{"embeddable":true,"href":"https:\/\/capmanymuntatges.cat\/fr\/wp-json\/wp\/v2\/comments?post=1880"}],"version-history":[{"count":5,"href":"https:\/\/capmanymuntatges.cat\/fr\/wp-json\/wp\/v2\/pages\/1880\/revisions"}],"predecessor-version":[{"id":2154,"href":"https:\/\/capmanymuntatges.cat\/fr\/wp-json\/wp\/v2\/pages\/1880\/revisions\/2154"}],"up":[{"embeddable":true,"href":"https:\/\/capmanymuntatges.cat\/fr\/wp-json\/wp\/v2\/pages\/1850"}],"wp:attachment":[{"href":"https:\/\/capmanymuntatges.cat\/fr\/wp-json\/wp\/v2\/media?parent=1880"}],"curies":[{"name":"wp","href":"https:\/\/api.w.org\/{rel}","templated":true}]}}