{"id":3026,"date":"2022-03-22T10:53:17","date_gmt":"2022-03-22T10:53:17","guid":{"rendered":"https:\/\/capmanymuntatges.cat\/?post_type=product&#038;p=3026"},"modified":"2022-03-22T11:03:23","modified_gmt":"2022-03-22T11:03:23","slug":"trim-serie-50","status":"publish","type":"product","link":"https:\/\/capmanymuntatges.cat\/es\/tienda\/sin-categorizar\/trim-serie-50\/","title":{"rendered":"TRIM SERIE 50"},"content":{"rendered":"<p>Soluci\u00f3n operativa v\u00e1lida para un uso continuado, con prestaciones t\u00e9cnicas, funcionales, de confortabilidad y de materiales que facilitan una postura id\u00f3nea. Estas prestaciones incluyen una sincronizaci\u00f3n avanzada, reguladores de tensi\u00f3n, curvas ergon\u00f3micas y regulaci\u00f3n de respaldo y de zona lumbar.<\/p>\n<p>&nbsp;<\/p>\n","protected":false},"excerpt":{"rendered":"<p>Soluci\u00f3n operativa v\u00e1lida para un uso continuado, con prestaciones t\u00e9cnicas, funcionales, de confortabilidad y de materiales que facilitan una postura id\u00f3nea. Estas prestaciones incluyen una sincronizaci\u00f3n avanzada, reguladores de tensi\u00f3n, curvas ergon\u00f3micas y regulaci\u00f3n de respaldo y de zona lumbar. &nbsp;<\/p>\n","protected":false},"featured_media":3042,"template":"","meta":{"_acf_changed":false},"product_brand":[],"product_cat":[25],"product_tag":[],"class_list":{"0":"post-3026","1":"product","2":"type-product","3":"status-publish","4":"has-post-thumbnail","6":"product_cat-sin-categorizar","7":"","8":"woocommerce-text-align-center","9":"woocommerce-image-align-center","10":"do-quantity-buttons","11":"wc-has-gallery","13":"first","14":"instock","15":"taxable","16":"shipping-taxable","17":"purchasable","18":"product-type-variable"},"acf":[],"yoast_head":"<!-- This site is optimized with the Yoast SEO plugin v27.3 - https:\/\/yoast.com\/product\/yoast-seo-wordpress\/ -->\n<title>TRIM SERIE 50 - Capmany Muntatges<\/title>\n<meta name=\"robots\" content=\"index, follow, max-snippet:-1, max-image-preview:large, max-video-preview:-1\" \/>\n<link rel=\"canonical\" href=\"https:\/\/capmanymuntatges.cat\/es\/tienda\/sin-categorizar\/trim-serie-50\/\" \/>\n<meta property=\"og:locale\" content=\"es_ES\" \/>\n<meta property=\"og:type\" content=\"article\" \/>\n<meta property=\"og:title\" content=\"TRIM SERIE 50 - Capmany Muntatges\" \/>\n<meta property=\"og:description\" content=\"Soluci\u00f3n operativa v\u00e1lida para un uso continuado, con prestaciones t\u00e9cnicas, funcionales, de confortabilidad y de materiales que facilitan una postura id\u00f3nea. Estas prestaciones incluyen una sincronizaci\u00f3n avanzada, reguladores de tensi\u00f3n, curvas ergon\u00f3micas y regulaci\u00f3n de respaldo y de zona lumbar. &nbsp;\" \/>\n<meta property=\"og:url\" content=\"https:\/\/capmanymuntatges.cat\/es\/tienda\/sin-categorizar\/trim-serie-50\/\" \/>\n<meta property=\"og:site_name\" content=\"Capmany Muntatges\" \/>\n<meta property=\"article:modified_time\" content=\"2022-03-22T11:03:23+00:00\" \/>\n<meta property=\"og:image\" content=\"https:\/\/capmanymuntatges.cat\/wp-content\/uploads\/2022\/03\/TRIM-6.jpg\" \/>\n\t<meta property=\"og:image:width\" content=\"1280\" \/>\n\t<meta property=\"og:image:height\" content=\"905\" \/>\n\t<meta property=\"og:image:type\" content=\"image\/jpeg\" \/>\n<meta name=\"twitter:card\" content=\"summary_large_image\" \/>\n<script type=\"application\/ld+json\" class=\"yoast-schema-graph\">{\"@context\":\"https:\\\/\\\/schema.org\",\"@graph\":[{\"@type\":\"WebPage\",\"@id\":\"https:\\\/\\\/capmanymuntatges.cat\\\/es\\\/tienda\\\/sin-categorizar\\\/trim-serie-50\\\/\",\"url\":\"https:\\\/\\\/capmanymuntatges.cat\\\/es\\\/tienda\\\/sin-categorizar\\\/trim-serie-50\\\/\",\"name\":\"TRIM SERIE 50 - Capmany Muntatges\",\"isPartOf\":{\"@id\":\"https:\\\/\\\/capmanymuntatges.cat\\\/es\\\/#website\"},\"primaryImageOfPage\":{\"@id\":\"https:\\\/\\\/capmanymuntatges.cat\\\/es\\\/tienda\\\/sin-categorizar\\\/trim-serie-50\\\/#primaryimage\"},\"image\":{\"@id\":\"https:\\\/\\\/capmanymuntatges.cat\\\/es\\\/tienda\\\/sin-categorizar\\\/trim-serie-50\\\/#primaryimage\"},\"thumbnailUrl\":\"https:\\\/\\\/capmanymuntatges.cat\\\/wp-content\\\/uploads\\\/2022\\\/03\\\/TRIM-6.jpg\",\"datePublished\":\"2022-03-22T10:53:17+00:00\",\"dateModified\":\"2022-03-22T11:03:23+00:00\",\"breadcrumb\":{\"@id\":\"https:\\\/\\\/capmanymuntatges.cat\\\/es\\\/tienda\\\/sin-categorizar\\\/trim-serie-50\\\/#breadcrumb\"},\"inLanguage\":\"es\",\"potentialAction\":[{\"@type\":\"ReadAction\",\"target\":[\"https:\\\/\\\/capmanymuntatges.cat\\\/es\\\/tienda\\\/sin-categorizar\\\/trim-serie-50\\\/\"]}]},{\"@type\":\"ImageObject\",\"inLanguage\":\"es\",\"@id\":\"https:\\\/\\\/capmanymuntatges.cat\\\/es\\\/tienda\\\/sin-categorizar\\\/trim-serie-50\\\/#primaryimage\",\"url\":\"https:\\\/\\\/capmanymuntatges.cat\\\/wp-content\\\/uploads\\\/2022\\\/03\\\/TRIM-6.jpg\",\"contentUrl\":\"https:\\\/\\\/capmanymuntatges.cat\\\/wp-content\\\/uploads\\\/2022\\\/03\\\/TRIM-6.jpg\",\"width\":1280,\"height\":905},{\"@type\":\"BreadcrumbList\",\"@id\":\"https:\\\/\\\/capmanymuntatges.cat\\\/es\\\/tienda\\\/sin-categorizar\\\/trim-serie-50\\\/#breadcrumb\",\"itemListElement\":[{\"@type\":\"ListItem\",\"position\":1,\"name\":\"Portada\",\"item\":\"https:\\\/\\\/capmanymuntatges.cat\\\/es\\\/\"},{\"@type\":\"ListItem\",\"position\":2,\"name\":\"Tienda\",\"item\":\"https:\\\/\\\/capmanymuntatges.cat\\\/es\\\/?page_id=841\"},{\"@type\":\"ListItem\",\"position\":3,\"name\":\"TRIM SERIE 50\"}]},{\"@type\":\"WebSite\",\"@id\":\"https:\\\/\\\/capmanymuntatges.cat\\\/es\\\/#website\",\"url\":\"https:\\\/\\\/capmanymuntatges.cat\\\/es\\\/\",\"name\":\"Capmany Muntatges\",\"description\":\"Mobiliari d&#039;oficina\",\"publisher\":{\"@id\":\"https:\\\/\\\/capmanymuntatges.cat\\\/es\\\/#organization\"},\"potentialAction\":[{\"@type\":\"SearchAction\",\"target\":{\"@type\":\"EntryPoint\",\"urlTemplate\":\"https:\\\/\\\/capmanymuntatges.cat\\\/es\\\/?s={search_term_string}\"},\"query-input\":{\"@type\":\"PropertyValueSpecification\",\"valueRequired\":true,\"valueName\":\"search_term_string\"}}],\"inLanguage\":\"es\"},{\"@type\":\"Organization\",\"@id\":\"https:\\\/\\\/capmanymuntatges.cat\\\/es\\\/#organization\",\"name\":\"Capmany Muntatges\",\"url\":\"https:\\\/\\\/capmanymuntatges.cat\\\/es\\\/\",\"logo\":{\"@type\":\"ImageObject\",\"inLanguage\":\"es\",\"@id\":\"https:\\\/\\\/capmanymuntatges.cat\\\/es\\\/#\\\/schema\\\/logo\\\/image\\\/\",\"url\":\"https:\\\/\\\/capmanymuntatges.cat\\\/wp-content\\\/uploads\\\/2023\\\/03\\\/logo-capmany-muntatges.png\",\"contentUrl\":\"https:\\\/\\\/capmanymuntatges.cat\\\/wp-content\\\/uploads\\\/2023\\\/03\\\/logo-capmany-muntatges.png\",\"width\":818,\"height\":285,\"caption\":\"Capmany Muntatges\"},\"image\":{\"@id\":\"https:\\\/\\\/capmanymuntatges.cat\\\/es\\\/#\\\/schema\\\/logo\\\/image\\\/\"}}]}<\/script>\n<!-- \/ Yoast SEO plugin. -->","yoast_head_json":{"title":"TRIM SERIE 50 - Capmany Muntatges","robots":{"index":"index","follow":"follow","max-snippet":"max-snippet:-1","max-image-preview":"max-image-preview:large","max-video-preview":"max-video-preview:-1"},"canonical":"https:\/\/capmanymuntatges.cat\/es\/tienda\/sin-categorizar\/trim-serie-50\/","og_locale":"es_ES","og_type":"article","og_title":"TRIM SERIE 50 - Capmany Muntatges","og_description":"Soluci\u00f3n operativa v\u00e1lida para un uso continuado, con prestaciones t\u00e9cnicas, funcionales, de confortabilidad y de materiales que facilitan una postura id\u00f3nea. Estas prestaciones incluyen una sincronizaci\u00f3n avanzada, reguladores de tensi\u00f3n, curvas ergon\u00f3micas y regulaci\u00f3n de respaldo y de zona lumbar. &nbsp;","og_url":"https:\/\/capmanymuntatges.cat\/es\/tienda\/sin-categorizar\/trim-serie-50\/","og_site_name":"Capmany Muntatges","article_modified_time":"2022-03-22T11:03:23+00:00","og_image":[{"width":1280,"height":905,"url":"https:\/\/capmanymuntatges.cat\/wp-content\/uploads\/2022\/03\/TRIM-6.jpg","type":"image\/jpeg"}],"twitter_card":"summary_large_image","schema":{"@context":"https:\/\/schema.org","@graph":[{"@type":"WebPage","@id":"https:\/\/capmanymuntatges.cat\/es\/tienda\/sin-categorizar\/trim-serie-50\/","url":"https:\/\/capmanymuntatges.cat\/es\/tienda\/sin-categorizar\/trim-serie-50\/","name":"TRIM SERIE 50 - Capmany Muntatges","isPartOf":{"@id":"https:\/\/capmanymuntatges.cat\/es\/#website"},"primaryImageOfPage":{"@id":"https:\/\/capmanymuntatges.cat\/es\/tienda\/sin-categorizar\/trim-serie-50\/#primaryimage"},"image":{"@id":"https:\/\/capmanymuntatges.cat\/es\/tienda\/sin-categorizar\/trim-serie-50\/#primaryimage"},"thumbnailUrl":"https:\/\/capmanymuntatges.cat\/wp-content\/uploads\/2022\/03\/TRIM-6.jpg","datePublished":"2022-03-22T10:53:17+00:00","dateModified":"2022-03-22T11:03:23+00:00","breadcrumb":{"@id":"https:\/\/capmanymuntatges.cat\/es\/tienda\/sin-categorizar\/trim-serie-50\/#breadcrumb"},"inLanguage":"es","potentialAction":[{"@type":"ReadAction","target":["https:\/\/capmanymuntatges.cat\/es\/tienda\/sin-categorizar\/trim-serie-50\/"]}]},{"@type":"ImageObject","inLanguage":"es","@id":"https:\/\/capmanymuntatges.cat\/es\/tienda\/sin-categorizar\/trim-serie-50\/#primaryimage","url":"https:\/\/capmanymuntatges.cat\/wp-content\/uploads\/2022\/03\/TRIM-6.jpg","contentUrl":"https:\/\/capmanymuntatges.cat\/wp-content\/uploads\/2022\/03\/TRIM-6.jpg","width":1280,"height":905},{"@type":"BreadcrumbList","@id":"https:\/\/capmanymuntatges.cat\/es\/tienda\/sin-categorizar\/trim-serie-50\/#breadcrumb","itemListElement":[{"@type":"ListItem","position":1,"name":"Portada","item":"https:\/\/capmanymuntatges.cat\/es\/"},{"@type":"ListItem","position":2,"name":"Tienda","item":"https:\/\/capmanymuntatges.cat\/es\/?page_id=841"},{"@type":"ListItem","position":3,"name":"TRIM SERIE 50"}]},{"@type":"WebSite","@id":"https:\/\/capmanymuntatges.cat\/es\/#website","url":"https:\/\/capmanymuntatges.cat\/es\/","name":"Capmany Muntatges","description":"Mobiliari d&#039;oficina","publisher":{"@id":"https:\/\/capmanymuntatges.cat\/es\/#organization"},"potentialAction":[{"@type":"SearchAction","target":{"@type":"EntryPoint","urlTemplate":"https:\/\/capmanymuntatges.cat\/es\/?s={search_term_string}"},"query-input":{"@type":"PropertyValueSpecification","valueRequired":true,"valueName":"search_term_string"}}],"inLanguage":"es"},{"@type":"Organization","@id":"https:\/\/capmanymuntatges.cat\/es\/#organization","name":"Capmany Muntatges","url":"https:\/\/capmanymuntatges.cat\/es\/","logo":{"@type":"ImageObject","inLanguage":"es","@id":"https:\/\/capmanymuntatges.cat\/es\/#\/schema\/logo\/image\/","url":"https:\/\/capmanymuntatges.cat\/wp-content\/uploads\/2023\/03\/logo-capmany-muntatges.png","contentUrl":"https:\/\/capmanymuntatges.cat\/wp-content\/uploads\/2023\/03\/logo-capmany-muntatges.png","width":818,"height":285,"caption":"Capmany Muntatges"},"image":{"@id":"https:\/\/capmanymuntatges.cat\/es\/#\/schema\/logo\/image\/"}}]}},"_links":{"self":[{"href":"https:\/\/capmanymuntatges.cat\/es\/wp-json\/wp\/v2\/product\/3026","targetHints":{"allow":["GET"]}}],"collection":[{"href":"https:\/\/capmanymuntatges.cat\/es\/wp-json\/wp\/v2\/product"}],"about":[{"href":"https:\/\/capmanymuntatges.cat\/es\/wp-json\/wp\/v2\/types\/product"}],"wp:featuredmedia":[{"embeddable":true,"href":"https:\/\/capmanymuntatges.cat\/es\/wp-json\/wp\/v2\/media\/3042"}],"wp:attachment":[{"href":"https:\/\/capmanymuntatges.cat\/es\/wp-json\/wp\/v2\/media?parent=3026"}],"wp:term":[{"taxonomy":"product_brand","embeddable":true,"href":"https:\/\/capmanymuntatges.cat\/es\/wp-json\/wp\/v2\/product_brand?post=3026"},{"taxonomy":"product_cat","embeddable":true,"href":"https:\/\/capmanymuntatges.cat\/es\/wp-json\/wp\/v2\/product_cat?post=3026"},{"taxonomy":"product_tag","embeddable":true,"href":"https:\/\/capmanymuntatges.cat\/es\/wp-json\/wp\/v2\/product_tag?post=3026"}],"curies":[{"name":"wp","href":"https:\/\/api.w.org\/{rel}","templated":true}]}}