{"id":2967,"date":"2022-03-22T09:13:32","date_gmt":"2022-03-22T09:13:32","guid":{"rendered":"https:\/\/capmanymuntatges.cat\/?post_type=product&#038;p=2967"},"modified":"2022-03-22T10:39:45","modified_gmt":"2022-03-22T10:39:45","slug":"tnk-500","status":"publish","type":"product","link":"https:\/\/capmanymuntatges.cat\/es\/tienda\/sillas\/sillas-operativas\/tnk-500\/","title":{"rendered":"TNK 500"},"content":{"rendered":"<p>roSilla ergon\u00f3mica operativa. Estructura dise\u00f1ada a partir de aluminio inyectado que crea un producto ligero y elegante. Adaptabilidad total en altura, inclinaci\u00f3n y torsi\u00f3n. Cuenta con un respaldo de respuesta inteligente que de manera orbital y natural recoge la espalda, que permite el movimiento libre del cuerpo, reduciendo la fatiga, el esfuerzo y las tensiones.<\/p>\n<p>Base i marco de aluminio negro, ruedas negras, tapizado tipo T Poli\u00e9ster.<\/p>\n<p>&nbsp;<\/p>\n","protected":false},"excerpt":{"rendered":"<p>roSilla ergon\u00f3mica operativa. Estructura dise\u00f1ada a partir de aluminio inyectado que crea un producto ligero y elegante. Adaptabilidad total en altura, inclinaci\u00f3n y torsi\u00f3n. Cuenta con un respaldo de respuesta inteligente que de manera orbital y natural recoge la espalda, que permite el movimiento libre del cuerpo, reduciendo la fatiga, el esfuerzo y las tensiones. &#8230; <a title=\"TNK 500\" class=\"read-more\" href=\"https:\/\/capmanymuntatges.cat\/es\/tienda\/sillas\/sillas-operativas\/tnk-500\/\" aria-label=\"Leer m\u00e1s sobre TNK 500\">Leer m\u00e1s<\/a><\/p>\n","protected":false},"featured_media":2968,"template":"","meta":{"_acf_changed":false},"product_brand":[],"product_cat":[26,38],"product_tag":[],"class_list":{"0":"post-2967","1":"product","2":"type-product","3":"status-publish","4":"has-post-thumbnail","6":"product_cat-sillas","7":"product_cat-sillas-operativas","8":"","9":"woocommerce-text-align-center","10":"woocommerce-image-align-center","11":"do-quantity-buttons","12":"wc-has-gallery","14":"first","15":"instock","16":"taxable","17":"shipping-taxable","18":"purchasable","19":"product-type-variable"},"acf":[],"yoast_head":"<!-- This site is optimized with the Yoast SEO plugin v27.3 - https:\/\/yoast.com\/product\/yoast-seo-wordpress\/ -->\n<title>TNK 500 - Capmany Muntatges<\/title>\n<meta name=\"robots\" content=\"index, follow, max-snippet:-1, max-image-preview:large, max-video-preview:-1\" \/>\n<link rel=\"canonical\" href=\"https:\/\/capmanymuntatges.cat\/es\/tienda\/sillas\/sillas-operativas\/tnk-500\/\" \/>\n<meta property=\"og:locale\" content=\"es_ES\" \/>\n<meta property=\"og:type\" content=\"article\" \/>\n<meta property=\"og:title\" content=\"TNK 500 - Capmany Muntatges\" \/>\n<meta property=\"og:description\" content=\"roSilla ergon\u00f3mica operativa. Estructura dise\u00f1ada a partir de aluminio inyectado que crea un producto ligero y elegante. Adaptabilidad total en altura, inclinaci\u00f3n y torsi\u00f3n. Cuenta con un respaldo de respuesta inteligente que de manera orbital y natural recoge la espalda, que permite el movimiento libre del cuerpo, reduciendo la fatiga, el esfuerzo y las tensiones. ... Leer m\u00e1s\" \/>\n<meta property=\"og:url\" content=\"https:\/\/capmanymuntatges.cat\/es\/tienda\/sillas\/sillas-operativas\/tnk-500\/\" \/>\n<meta property=\"og:site_name\" content=\"Capmany Muntatges\" \/>\n<meta property=\"article:modified_time\" content=\"2022-03-22T10:39:45+00:00\" \/>\n<meta property=\"og:image\" content=\"https:\/\/capmanymuntatges.cat\/wp-content\/uploads\/2022\/03\/TNK-500-3.jpg\" \/>\n\t<meta property=\"og:image:width\" content=\"854\" \/>\n\t<meta property=\"og:image:height\" content=\"1280\" \/>\n\t<meta property=\"og:image:type\" content=\"image\/jpeg\" \/>\n<meta name=\"twitter:card\" content=\"summary_large_image\" \/>\n<meta name=\"twitter:label1\" content=\"Tiempo de lectura\" \/>\n\t<meta name=\"twitter:data1\" content=\"1 minuto\" \/>\n<script type=\"application\/ld+json\" class=\"yoast-schema-graph\">{\"@context\":\"https:\\\/\\\/schema.org\",\"@graph\":[{\"@type\":\"WebPage\",\"@id\":\"https:\\\/\\\/capmanymuntatges.cat\\\/es\\\/tienda\\\/sillas\\\/sillas-operativas\\\/tnk-500\\\/\",\"url\":\"https:\\\/\\\/capmanymuntatges.cat\\\/es\\\/tienda\\\/sillas\\\/sillas-operativas\\\/tnk-500\\\/\",\"name\":\"TNK 500 - Capmany Muntatges\",\"isPartOf\":{\"@id\":\"https:\\\/\\\/capmanymuntatges.cat\\\/es\\\/#website\"},\"primaryImageOfPage\":{\"@id\":\"https:\\\/\\\/capmanymuntatges.cat\\\/es\\\/tienda\\\/sillas\\\/sillas-operativas\\\/tnk-500\\\/#primaryimage\"},\"image\":{\"@id\":\"https:\\\/\\\/capmanymuntatges.cat\\\/es\\\/tienda\\\/sillas\\\/sillas-operativas\\\/tnk-500\\\/#primaryimage\"},\"thumbnailUrl\":\"https:\\\/\\\/capmanymuntatges.cat\\\/wp-content\\\/uploads\\\/2022\\\/03\\\/TNK-500-3.jpg\",\"datePublished\":\"2022-03-22T09:13:32+00:00\",\"dateModified\":\"2022-03-22T10:39:45+00:00\",\"breadcrumb\":{\"@id\":\"https:\\\/\\\/capmanymuntatges.cat\\\/es\\\/tienda\\\/sillas\\\/sillas-operativas\\\/tnk-500\\\/#breadcrumb\"},\"inLanguage\":\"es\",\"potentialAction\":[{\"@type\":\"ReadAction\",\"target\":[\"https:\\\/\\\/capmanymuntatges.cat\\\/es\\\/tienda\\\/sillas\\\/sillas-operativas\\\/tnk-500\\\/\"]}]},{\"@type\":\"ImageObject\",\"inLanguage\":\"es\",\"@id\":\"https:\\\/\\\/capmanymuntatges.cat\\\/es\\\/tienda\\\/sillas\\\/sillas-operativas\\\/tnk-500\\\/#primaryimage\",\"url\":\"https:\\\/\\\/capmanymuntatges.cat\\\/wp-content\\\/uploads\\\/2022\\\/03\\\/TNK-500-3.jpg\",\"contentUrl\":\"https:\\\/\\\/capmanymuntatges.cat\\\/wp-content\\\/uploads\\\/2022\\\/03\\\/TNK-500-3.jpg\",\"width\":854,\"height\":1280},{\"@type\":\"BreadcrumbList\",\"@id\":\"https:\\\/\\\/capmanymuntatges.cat\\\/es\\\/tienda\\\/sillas\\\/sillas-operativas\\\/tnk-500\\\/#breadcrumb\",\"itemListElement\":[{\"@type\":\"ListItem\",\"position\":1,\"name\":\"Portada\",\"item\":\"https:\\\/\\\/capmanymuntatges.cat\\\/es\\\/\"},{\"@type\":\"ListItem\",\"position\":2,\"name\":\"Tienda\",\"item\":\"https:\\\/\\\/capmanymuntatges.cat\\\/es\\\/?page_id=841\"},{\"@type\":\"ListItem\",\"position\":3,\"name\":\"TNK 500\"}]},{\"@type\":\"WebSite\",\"@id\":\"https:\\\/\\\/capmanymuntatges.cat\\\/es\\\/#website\",\"url\":\"https:\\\/\\\/capmanymuntatges.cat\\\/es\\\/\",\"name\":\"Capmany Muntatges\",\"description\":\"Mobiliari d&#039;oficina\",\"publisher\":{\"@id\":\"https:\\\/\\\/capmanymuntatges.cat\\\/es\\\/#organization\"},\"potentialAction\":[{\"@type\":\"SearchAction\",\"target\":{\"@type\":\"EntryPoint\",\"urlTemplate\":\"https:\\\/\\\/capmanymuntatges.cat\\\/es\\\/?s={search_term_string}\"},\"query-input\":{\"@type\":\"PropertyValueSpecification\",\"valueRequired\":true,\"valueName\":\"search_term_string\"}}],\"inLanguage\":\"es\"},{\"@type\":\"Organization\",\"@id\":\"https:\\\/\\\/capmanymuntatges.cat\\\/es\\\/#organization\",\"name\":\"Capmany Muntatges\",\"url\":\"https:\\\/\\\/capmanymuntatges.cat\\\/es\\\/\",\"logo\":{\"@type\":\"ImageObject\",\"inLanguage\":\"es\",\"@id\":\"https:\\\/\\\/capmanymuntatges.cat\\\/es\\\/#\\\/schema\\\/logo\\\/image\\\/\",\"url\":\"https:\\\/\\\/capmanymuntatges.cat\\\/wp-content\\\/uploads\\\/2023\\\/03\\\/logo-capmany-muntatges.png\",\"contentUrl\":\"https:\\\/\\\/capmanymuntatges.cat\\\/wp-content\\\/uploads\\\/2023\\\/03\\\/logo-capmany-muntatges.png\",\"width\":818,\"height\":285,\"caption\":\"Capmany Muntatges\"},\"image\":{\"@id\":\"https:\\\/\\\/capmanymuntatges.cat\\\/es\\\/#\\\/schema\\\/logo\\\/image\\\/\"}}]}<\/script>\n<!-- \/ Yoast SEO plugin. -->","yoast_head_json":{"title":"TNK 500 - Capmany Muntatges","robots":{"index":"index","follow":"follow","max-snippet":"max-snippet:-1","max-image-preview":"max-image-preview:large","max-video-preview":"max-video-preview:-1"},"canonical":"https:\/\/capmanymuntatges.cat\/es\/tienda\/sillas\/sillas-operativas\/tnk-500\/","og_locale":"es_ES","og_type":"article","og_title":"TNK 500 - Capmany Muntatges","og_description":"roSilla ergon\u00f3mica operativa. Estructura dise\u00f1ada a partir de aluminio inyectado que crea un producto ligero y elegante. Adaptabilidad total en altura, inclinaci\u00f3n y torsi\u00f3n. Cuenta con un respaldo de respuesta inteligente que de manera orbital y natural recoge la espalda, que permite el movimiento libre del cuerpo, reduciendo la fatiga, el esfuerzo y las tensiones. ... Leer m\u00e1s","og_url":"https:\/\/capmanymuntatges.cat\/es\/tienda\/sillas\/sillas-operativas\/tnk-500\/","og_site_name":"Capmany Muntatges","article_modified_time":"2022-03-22T10:39:45+00:00","og_image":[{"width":854,"height":1280,"url":"https:\/\/capmanymuntatges.cat\/wp-content\/uploads\/2022\/03\/TNK-500-3.jpg","type":"image\/jpeg"}],"twitter_card":"summary_large_image","twitter_misc":{"Tiempo de lectura":"1 minuto"},"schema":{"@context":"https:\/\/schema.org","@graph":[{"@type":"WebPage","@id":"https:\/\/capmanymuntatges.cat\/es\/tienda\/sillas\/sillas-operativas\/tnk-500\/","url":"https:\/\/capmanymuntatges.cat\/es\/tienda\/sillas\/sillas-operativas\/tnk-500\/","name":"TNK 500 - Capmany Muntatges","isPartOf":{"@id":"https:\/\/capmanymuntatges.cat\/es\/#website"},"primaryImageOfPage":{"@id":"https:\/\/capmanymuntatges.cat\/es\/tienda\/sillas\/sillas-operativas\/tnk-500\/#primaryimage"},"image":{"@id":"https:\/\/capmanymuntatges.cat\/es\/tienda\/sillas\/sillas-operativas\/tnk-500\/#primaryimage"},"thumbnailUrl":"https:\/\/capmanymuntatges.cat\/wp-content\/uploads\/2022\/03\/TNK-500-3.jpg","datePublished":"2022-03-22T09:13:32+00:00","dateModified":"2022-03-22T10:39:45+00:00","breadcrumb":{"@id":"https:\/\/capmanymuntatges.cat\/es\/tienda\/sillas\/sillas-operativas\/tnk-500\/#breadcrumb"},"inLanguage":"es","potentialAction":[{"@type":"ReadAction","target":["https:\/\/capmanymuntatges.cat\/es\/tienda\/sillas\/sillas-operativas\/tnk-500\/"]}]},{"@type":"ImageObject","inLanguage":"es","@id":"https:\/\/capmanymuntatges.cat\/es\/tienda\/sillas\/sillas-operativas\/tnk-500\/#primaryimage","url":"https:\/\/capmanymuntatges.cat\/wp-content\/uploads\/2022\/03\/TNK-500-3.jpg","contentUrl":"https:\/\/capmanymuntatges.cat\/wp-content\/uploads\/2022\/03\/TNK-500-3.jpg","width":854,"height":1280},{"@type":"BreadcrumbList","@id":"https:\/\/capmanymuntatges.cat\/es\/tienda\/sillas\/sillas-operativas\/tnk-500\/#breadcrumb","itemListElement":[{"@type":"ListItem","position":1,"name":"Portada","item":"https:\/\/capmanymuntatges.cat\/es\/"},{"@type":"ListItem","position":2,"name":"Tienda","item":"https:\/\/capmanymuntatges.cat\/es\/?page_id=841"},{"@type":"ListItem","position":3,"name":"TNK 500"}]},{"@type":"WebSite","@id":"https:\/\/capmanymuntatges.cat\/es\/#website","url":"https:\/\/capmanymuntatges.cat\/es\/","name":"Capmany Muntatges","description":"Mobiliari d&#039;oficina","publisher":{"@id":"https:\/\/capmanymuntatges.cat\/es\/#organization"},"potentialAction":[{"@type":"SearchAction","target":{"@type":"EntryPoint","urlTemplate":"https:\/\/capmanymuntatges.cat\/es\/?s={search_term_string}"},"query-input":{"@type":"PropertyValueSpecification","valueRequired":true,"valueName":"search_term_string"}}],"inLanguage":"es"},{"@type":"Organization","@id":"https:\/\/capmanymuntatges.cat\/es\/#organization","name":"Capmany Muntatges","url":"https:\/\/capmanymuntatges.cat\/es\/","logo":{"@type":"ImageObject","inLanguage":"es","@id":"https:\/\/capmanymuntatges.cat\/es\/#\/schema\/logo\/image\/","url":"https:\/\/capmanymuntatges.cat\/wp-content\/uploads\/2023\/03\/logo-capmany-muntatges.png","contentUrl":"https:\/\/capmanymuntatges.cat\/wp-content\/uploads\/2023\/03\/logo-capmany-muntatges.png","width":818,"height":285,"caption":"Capmany Muntatges"},"image":{"@id":"https:\/\/capmanymuntatges.cat\/es\/#\/schema\/logo\/image\/"}}]}},"_links":{"self":[{"href":"https:\/\/capmanymuntatges.cat\/es\/wp-json\/wp\/v2\/product\/2967","targetHints":{"allow":["GET"]}}],"collection":[{"href":"https:\/\/capmanymuntatges.cat\/es\/wp-json\/wp\/v2\/product"}],"about":[{"href":"https:\/\/capmanymuntatges.cat\/es\/wp-json\/wp\/v2\/types\/product"}],"wp:featuredmedia":[{"embeddable":true,"href":"https:\/\/capmanymuntatges.cat\/es\/wp-json\/wp\/v2\/media\/2968"}],"wp:attachment":[{"href":"https:\/\/capmanymuntatges.cat\/es\/wp-json\/wp\/v2\/media?parent=2967"}],"wp:term":[{"taxonomy":"product_brand","embeddable":true,"href":"https:\/\/capmanymuntatges.cat\/es\/wp-json\/wp\/v2\/product_brand?post=2967"},{"taxonomy":"product_cat","embeddable":true,"href":"https:\/\/capmanymuntatges.cat\/es\/wp-json\/wp\/v2\/product_cat?post=2967"},{"taxonomy":"product_tag","embeddable":true,"href":"https:\/\/capmanymuntatges.cat\/es\/wp-json\/wp\/v2\/product_tag?post=2967"}],"curies":[{"name":"wp","href":"https:\/\/api.w.org\/{rel}","templated":true}]}}