{"id":1622,"date":"2021-07-08T12:37:44","date_gmt":"2021-07-08T12:37:44","guid":{"rendered":"http:\/\/dev.capmanymuntatges.cat\/?post_type=product&#038;p=1622"},"modified":"2021-07-26T10:26:03","modified_gmt":"2021-07-26T10:26:03","slug":"telma","status":"publish","type":"product","link":"https:\/\/capmanymuntatges.cat\/es\/tienda\/sillas\/sillas-operativas\/telma\/","title":{"rendered":"Telma"},"content":{"rendered":"<p>Silla operativa con respaldo ergon\u00f3mico de malla. Carcasa con dos tipos de acabados negro o gris. Mecanismo Syncron con 5 posiciones. Asiento goma-espuma inyectada de alta densidad tapizado tejido Basic Plus One (hay otras posibilidades de tejido con incremento de precio). Brazos regulables 1d. Base en polipropileno negro. Regulaci\u00f3n lumbar. Opci\u00f3n traslaci\u00f3n asiento (con incremento de precio).<\/p>\n","protected":false},"excerpt":{"rendered":"<p>Silla operativa con respaldo ergon\u00f3mico de malla. Carcasa con dos tipos de acabados negro o gris. Mecanismo Syncron con 5 posiciones. Asiento goma-espuma inyectada de alta densidad tapizado tejido Basic Plus One (hay otras posibilidades de tejido con incremento de precio). Brazos regulables 1d. Base en polipropileno negro. Regulaci\u00f3n lumbar. Opci\u00f3n traslaci\u00f3n asiento (con incremento &#8230; <a title=\"Telma\" class=\"read-more\" href=\"https:\/\/capmanymuntatges.cat\/es\/tienda\/sillas\/sillas-operativas\/telma\/\" aria-label=\"Leer m\u00e1s sobre Telma\">Leer m\u00e1s<\/a><\/p>\n","protected":false},"featured_media":1625,"template":"","meta":{"_acf_changed":false},"product_brand":[],"product_cat":[26,38],"product_tag":[],"class_list":{"0":"post-1622","1":"product","2":"type-product","3":"status-publish","4":"has-post-thumbnail","6":"product_cat-sillas","7":"product_cat-sillas-operativas","8":"","9":"woocommerce-text-align-center","10":"woocommerce-image-align-center","11":"do-quantity-buttons","12":"wc-has-gallery","14":"first","15":"instock","16":"taxable","17":"shipping-taxable","18":"purchasable","19":"product-type-variable","20":"has-default-attributes"},"acf":[],"yoast_head":"<!-- This site is optimized with the Yoast SEO plugin v27.3 - https:\/\/yoast.com\/product\/yoast-seo-wordpress\/ -->\n<title>Telma - Capmany Muntatges<\/title>\n<meta name=\"robots\" content=\"index, follow, max-snippet:-1, max-image-preview:large, max-video-preview:-1\" \/>\n<link rel=\"canonical\" href=\"https:\/\/capmanymuntatges.cat\/es\/tienda\/sillas\/sillas-operativas\/telma\/\" \/>\n<meta property=\"og:locale\" content=\"es_ES\" \/>\n<meta property=\"og:type\" content=\"article\" \/>\n<meta property=\"og:title\" content=\"Telma - Capmany Muntatges\" \/>\n<meta property=\"og:description\" content=\"Silla operativa con respaldo ergon\u00f3mico de malla. Carcasa con dos tipos de acabados negro o gris. Mecanismo Syncron con 5 posiciones. Asiento goma-espuma inyectada de alta densidad tapizado tejido Basic Plus One (hay otras posibilidades de tejido con incremento de precio). Brazos regulables 1d. Base en polipropileno negro. Regulaci\u00f3n lumbar. Opci\u00f3n traslaci\u00f3n asiento (con incremento ... Leer m\u00e1s\" \/>\n<meta property=\"og:url\" content=\"https:\/\/capmanymuntatges.cat\/es\/tienda\/sillas\/sillas-operativas\/telma\/\" \/>\n<meta property=\"og:site_name\" content=\"Capmany Muntatges\" \/>\n<meta property=\"article:modified_time\" content=\"2021-07-26T10:26:03+00:00\" \/>\n<meta property=\"og:image\" content=\"https:\/\/capmanymuntatges.cat\/wp-content\/uploads\/2021\/07\/TELMA1_1.jpg\" \/>\n\t<meta property=\"og:image:width\" content=\"472\" \/>\n\t<meta property=\"og:image:height\" content=\"320\" \/>\n\t<meta property=\"og:image:type\" content=\"image\/jpeg\" \/>\n<meta name=\"twitter:card\" content=\"summary_large_image\" \/>\n<script type=\"application\/ld+json\" class=\"yoast-schema-graph\">{\"@context\":\"https:\\\/\\\/schema.org\",\"@graph\":[{\"@type\":\"WebPage\",\"@id\":\"https:\\\/\\\/capmanymuntatges.cat\\\/es\\\/tienda\\\/sillas\\\/sillas-operativas\\\/telma\\\/\",\"url\":\"https:\\\/\\\/capmanymuntatges.cat\\\/es\\\/tienda\\\/sillas\\\/sillas-operativas\\\/telma\\\/\",\"name\":\"Telma - Capmany Muntatges\",\"isPartOf\":{\"@id\":\"https:\\\/\\\/capmanymuntatges.cat\\\/es\\\/#website\"},\"primaryImageOfPage\":{\"@id\":\"https:\\\/\\\/capmanymuntatges.cat\\\/es\\\/tienda\\\/sillas\\\/sillas-operativas\\\/telma\\\/#primaryimage\"},\"image\":{\"@id\":\"https:\\\/\\\/capmanymuntatges.cat\\\/es\\\/tienda\\\/sillas\\\/sillas-operativas\\\/telma\\\/#primaryimage\"},\"thumbnailUrl\":\"https:\\\/\\\/capmanymuntatges.cat\\\/wp-content\\\/uploads\\\/2021\\\/07\\\/TELMA1_1.jpg\",\"datePublished\":\"2021-07-08T12:37:44+00:00\",\"dateModified\":\"2021-07-26T10:26:03+00:00\",\"breadcrumb\":{\"@id\":\"https:\\\/\\\/capmanymuntatges.cat\\\/es\\\/tienda\\\/sillas\\\/sillas-operativas\\\/telma\\\/#breadcrumb\"},\"inLanguage\":\"es\",\"potentialAction\":[{\"@type\":\"ReadAction\",\"target\":[\"https:\\\/\\\/capmanymuntatges.cat\\\/es\\\/tienda\\\/sillas\\\/sillas-operativas\\\/telma\\\/\"]}]},{\"@type\":\"ImageObject\",\"inLanguage\":\"es\",\"@id\":\"https:\\\/\\\/capmanymuntatges.cat\\\/es\\\/tienda\\\/sillas\\\/sillas-operativas\\\/telma\\\/#primaryimage\",\"url\":\"https:\\\/\\\/capmanymuntatges.cat\\\/wp-content\\\/uploads\\\/2021\\\/07\\\/TELMA1_1.jpg\",\"contentUrl\":\"https:\\\/\\\/capmanymuntatges.cat\\\/wp-content\\\/uploads\\\/2021\\\/07\\\/TELMA1_1.jpg\",\"width\":472,\"height\":320},{\"@type\":\"BreadcrumbList\",\"@id\":\"https:\\\/\\\/capmanymuntatges.cat\\\/es\\\/tienda\\\/sillas\\\/sillas-operativas\\\/telma\\\/#breadcrumb\",\"itemListElement\":[{\"@type\":\"ListItem\",\"position\":1,\"name\":\"Portada\",\"item\":\"https:\\\/\\\/capmanymuntatges.cat\\\/es\\\/\"},{\"@type\":\"ListItem\",\"position\":2,\"name\":\"Tienda\",\"item\":\"https:\\\/\\\/capmanymuntatges.cat\\\/es\\\/?page_id=841\"},{\"@type\":\"ListItem\",\"position\":3,\"name\":\"Telma\"}]},{\"@type\":\"WebSite\",\"@id\":\"https:\\\/\\\/capmanymuntatges.cat\\\/es\\\/#website\",\"url\":\"https:\\\/\\\/capmanymuntatges.cat\\\/es\\\/\",\"name\":\"Capmany Muntatges\",\"description\":\"Mobiliari d&#039;oficina\",\"publisher\":{\"@id\":\"https:\\\/\\\/capmanymuntatges.cat\\\/es\\\/#organization\"},\"potentialAction\":[{\"@type\":\"SearchAction\",\"target\":{\"@type\":\"EntryPoint\",\"urlTemplate\":\"https:\\\/\\\/capmanymuntatges.cat\\\/es\\\/?s={search_term_string}\"},\"query-input\":{\"@type\":\"PropertyValueSpecification\",\"valueRequired\":true,\"valueName\":\"search_term_string\"}}],\"inLanguage\":\"es\"},{\"@type\":\"Organization\",\"@id\":\"https:\\\/\\\/capmanymuntatges.cat\\\/es\\\/#organization\",\"name\":\"Capmany Muntatges\",\"url\":\"https:\\\/\\\/capmanymuntatges.cat\\\/es\\\/\",\"logo\":{\"@type\":\"ImageObject\",\"inLanguage\":\"es\",\"@id\":\"https:\\\/\\\/capmanymuntatges.cat\\\/es\\\/#\\\/schema\\\/logo\\\/image\\\/\",\"url\":\"https:\\\/\\\/capmanymuntatges.cat\\\/wp-content\\\/uploads\\\/2023\\\/03\\\/logo-capmany-muntatges.png\",\"contentUrl\":\"https:\\\/\\\/capmanymuntatges.cat\\\/wp-content\\\/uploads\\\/2023\\\/03\\\/logo-capmany-muntatges.png\",\"width\":818,\"height\":285,\"caption\":\"Capmany Muntatges\"},\"image\":{\"@id\":\"https:\\\/\\\/capmanymuntatges.cat\\\/es\\\/#\\\/schema\\\/logo\\\/image\\\/\"}}]}<\/script>\n<!-- \/ Yoast SEO plugin. -->","yoast_head_json":{"title":"Telma - Capmany Muntatges","robots":{"index":"index","follow":"follow","max-snippet":"max-snippet:-1","max-image-preview":"max-image-preview:large","max-video-preview":"max-video-preview:-1"},"canonical":"https:\/\/capmanymuntatges.cat\/es\/tienda\/sillas\/sillas-operativas\/telma\/","og_locale":"es_ES","og_type":"article","og_title":"Telma - Capmany Muntatges","og_description":"Silla operativa con respaldo ergon\u00f3mico de malla. Carcasa con dos tipos de acabados negro o gris. Mecanismo Syncron con 5 posiciones. Asiento goma-espuma inyectada de alta densidad tapizado tejido Basic Plus One (hay otras posibilidades de tejido con incremento de precio). Brazos regulables 1d. Base en polipropileno negro. Regulaci\u00f3n lumbar. Opci\u00f3n traslaci\u00f3n asiento (con incremento ... Leer m\u00e1s","og_url":"https:\/\/capmanymuntatges.cat\/es\/tienda\/sillas\/sillas-operativas\/telma\/","og_site_name":"Capmany Muntatges","article_modified_time":"2021-07-26T10:26:03+00:00","og_image":[{"width":472,"height":320,"url":"https:\/\/capmanymuntatges.cat\/wp-content\/uploads\/2021\/07\/TELMA1_1.jpg","type":"image\/jpeg"}],"twitter_card":"summary_large_image","schema":{"@context":"https:\/\/schema.org","@graph":[{"@type":"WebPage","@id":"https:\/\/capmanymuntatges.cat\/es\/tienda\/sillas\/sillas-operativas\/telma\/","url":"https:\/\/capmanymuntatges.cat\/es\/tienda\/sillas\/sillas-operativas\/telma\/","name":"Telma - Capmany Muntatges","isPartOf":{"@id":"https:\/\/capmanymuntatges.cat\/es\/#website"},"primaryImageOfPage":{"@id":"https:\/\/capmanymuntatges.cat\/es\/tienda\/sillas\/sillas-operativas\/telma\/#primaryimage"},"image":{"@id":"https:\/\/capmanymuntatges.cat\/es\/tienda\/sillas\/sillas-operativas\/telma\/#primaryimage"},"thumbnailUrl":"https:\/\/capmanymuntatges.cat\/wp-content\/uploads\/2021\/07\/TELMA1_1.jpg","datePublished":"2021-07-08T12:37:44+00:00","dateModified":"2021-07-26T10:26:03+00:00","breadcrumb":{"@id":"https:\/\/capmanymuntatges.cat\/es\/tienda\/sillas\/sillas-operativas\/telma\/#breadcrumb"},"inLanguage":"es","potentialAction":[{"@type":"ReadAction","target":["https:\/\/capmanymuntatges.cat\/es\/tienda\/sillas\/sillas-operativas\/telma\/"]}]},{"@type":"ImageObject","inLanguage":"es","@id":"https:\/\/capmanymuntatges.cat\/es\/tienda\/sillas\/sillas-operativas\/telma\/#primaryimage","url":"https:\/\/capmanymuntatges.cat\/wp-content\/uploads\/2021\/07\/TELMA1_1.jpg","contentUrl":"https:\/\/capmanymuntatges.cat\/wp-content\/uploads\/2021\/07\/TELMA1_1.jpg","width":472,"height":320},{"@type":"BreadcrumbList","@id":"https:\/\/capmanymuntatges.cat\/es\/tienda\/sillas\/sillas-operativas\/telma\/#breadcrumb","itemListElement":[{"@type":"ListItem","position":1,"name":"Portada","item":"https:\/\/capmanymuntatges.cat\/es\/"},{"@type":"ListItem","position":2,"name":"Tienda","item":"https:\/\/capmanymuntatges.cat\/es\/?page_id=841"},{"@type":"ListItem","position":3,"name":"Telma"}]},{"@type":"WebSite","@id":"https:\/\/capmanymuntatges.cat\/es\/#website","url":"https:\/\/capmanymuntatges.cat\/es\/","name":"Capmany Muntatges","description":"Mobiliari d&#039;oficina","publisher":{"@id":"https:\/\/capmanymuntatges.cat\/es\/#organization"},"potentialAction":[{"@type":"SearchAction","target":{"@type":"EntryPoint","urlTemplate":"https:\/\/capmanymuntatges.cat\/es\/?s={search_term_string}"},"query-input":{"@type":"PropertyValueSpecification","valueRequired":true,"valueName":"search_term_string"}}],"inLanguage":"es"},{"@type":"Organization","@id":"https:\/\/capmanymuntatges.cat\/es\/#organization","name":"Capmany Muntatges","url":"https:\/\/capmanymuntatges.cat\/es\/","logo":{"@type":"ImageObject","inLanguage":"es","@id":"https:\/\/capmanymuntatges.cat\/es\/#\/schema\/logo\/image\/","url":"https:\/\/capmanymuntatges.cat\/wp-content\/uploads\/2023\/03\/logo-capmany-muntatges.png","contentUrl":"https:\/\/capmanymuntatges.cat\/wp-content\/uploads\/2023\/03\/logo-capmany-muntatges.png","width":818,"height":285,"caption":"Capmany Muntatges"},"image":{"@id":"https:\/\/capmanymuntatges.cat\/es\/#\/schema\/logo\/image\/"}}]}},"_links":{"self":[{"href":"https:\/\/capmanymuntatges.cat\/es\/wp-json\/wp\/v2\/product\/1622","targetHints":{"allow":["GET"]}}],"collection":[{"href":"https:\/\/capmanymuntatges.cat\/es\/wp-json\/wp\/v2\/product"}],"about":[{"href":"https:\/\/capmanymuntatges.cat\/es\/wp-json\/wp\/v2\/types\/product"}],"wp:featuredmedia":[{"embeddable":true,"href":"https:\/\/capmanymuntatges.cat\/es\/wp-json\/wp\/v2\/media\/1625"}],"wp:attachment":[{"href":"https:\/\/capmanymuntatges.cat\/es\/wp-json\/wp\/v2\/media?parent=1622"}],"wp:term":[{"taxonomy":"product_brand","embeddable":true,"href":"https:\/\/capmanymuntatges.cat\/es\/wp-json\/wp\/v2\/product_brand?post=1622"},{"taxonomy":"product_cat","embeddable":true,"href":"https:\/\/capmanymuntatges.cat\/es\/wp-json\/wp\/v2\/product_cat?post=1622"},{"taxonomy":"product_tag","embeddable":true,"href":"https:\/\/capmanymuntatges.cat\/es\/wp-json\/wp\/v2\/product_tag?post=1622"}],"curies":[{"name":"wp","href":"https:\/\/api.w.org\/{rel}","templated":true}]}}