{"id":1615,"date":"2021-07-08T12:31:52","date_gmt":"2021-07-08T12:31:52","guid":{"rendered":"http:\/\/dev.capmanymuntatges.cat\/?post_type=product&#038;p=1615"},"modified":"2021-07-26T10:22:54","modified_gmt":"2021-07-26T10:22:54","slug":"polo","status":"publish","type":"product","link":"https:\/\/capmanymuntatges.cat\/es\/tienda\/sillas\/sillas-operativas\/polo\/","title":{"rendered":"Polo"},"content":{"rendered":"<p>Silla operativa con respaldo alto de malla con regulaci\u00f3n en altura. Asiento regulable en altura mediante pist\u00f3n gas, tapizado tejido Basic Plus One (hay otras posibilidades de tejido con incremento de precio). Asiento gomaespuma 30 kg dura. Mecanismo Syncron Eko. Brazos regulables en altura negros. Base de polipropileno negro. Opci\u00f3n mecanismo traslaci\u00f3n (con incremento de precio). Ruedas blandas di\u00e1metro 50 mm. Color malla: blanco, gris, negro, rojo o azul.<\/p>\n","protected":false},"excerpt":{"rendered":"<p>Silla operativa con respaldo alto de malla con regulaci\u00f3n en altura. Asiento regulable en altura mediante pist\u00f3n gas, tapizado tejido Basic Plus One (hay otras posibilidades de tejido con incremento de precio). Asiento gomaespuma 30 kg dura. Mecanismo Syncron Eko. Brazos regulables en altura negros. Base de polipropileno negro. Opci\u00f3n mecanismo traslaci\u00f3n (con incremento de &#8230; <a title=\"Polo\" class=\"read-more\" href=\"https:\/\/capmanymuntatges.cat\/es\/tienda\/sillas\/sillas-operativas\/polo\/\" aria-label=\"Leer m\u00e1s sobre Polo\">Leer m\u00e1s<\/a><\/p>\n","protected":false},"featured_media":1617,"template":"","meta":{"_acf_changed":false},"product_brand":[],"product_cat":[26,38],"product_tag":[],"class_list":{"0":"post-1615","1":"product","2":"type-product","3":"status-publish","4":"has-post-thumbnail","6":"product_cat-sillas","7":"product_cat-sillas-operativas","8":"","9":"woocommerce-text-align-center","10":"woocommerce-image-align-center","11":"do-quantity-buttons","12":"wc-has-gallery","14":"first","15":"instock","16":"taxable","17":"shipping-taxable","18":"purchasable","19":"product-type-variable","20":"has-default-attributes"},"acf":[],"yoast_head":"<!-- This site is optimized with the Yoast SEO plugin v27.3 - https:\/\/yoast.com\/product\/yoast-seo-wordpress\/ -->\n<title>Polo - Capmany Muntatges<\/title>\n<meta name=\"robots\" content=\"index, follow, max-snippet:-1, max-image-preview:large, max-video-preview:-1\" \/>\n<link rel=\"canonical\" href=\"https:\/\/capmanymuntatges.cat\/es\/tienda\/sillas\/sillas-operativas\/polo\/\" \/>\n<meta property=\"og:locale\" content=\"es_ES\" \/>\n<meta property=\"og:type\" content=\"article\" \/>\n<meta property=\"og:title\" content=\"Polo - Capmany Muntatges\" \/>\n<meta property=\"og:description\" content=\"Silla operativa con respaldo alto de malla con regulaci\u00f3n en altura. Asiento regulable en altura mediante pist\u00f3n gas, tapizado tejido Basic Plus One (hay otras posibilidades de tejido con incremento de precio). Asiento gomaespuma 30 kg dura. Mecanismo Syncron Eko. Brazos regulables en altura negros. Base de polipropileno negro. Opci\u00f3n mecanismo traslaci\u00f3n (con incremento de ... Leer m\u00e1s\" \/>\n<meta property=\"og:url\" content=\"https:\/\/capmanymuntatges.cat\/es\/tienda\/sillas\/sillas-operativas\/polo\/\" \/>\n<meta property=\"og:site_name\" content=\"Capmany Muntatges\" \/>\n<meta property=\"article:modified_time\" content=\"2021-07-26T10:22:54+00:00\" \/>\n<meta property=\"og:image\" content=\"https:\/\/capmanymuntatges.cat\/wp-content\/uploads\/2021\/07\/POLO1_1.jpg\" \/>\n\t<meta property=\"og:image:width\" content=\"472\" \/>\n\t<meta property=\"og:image:height\" content=\"320\" \/>\n\t<meta property=\"og:image:type\" content=\"image\/jpeg\" \/>\n<meta name=\"twitter:card\" content=\"summary_large_image\" \/>\n<script type=\"application\/ld+json\" class=\"yoast-schema-graph\">{\"@context\":\"https:\\\/\\\/schema.org\",\"@graph\":[{\"@type\":\"WebPage\",\"@id\":\"https:\\\/\\\/capmanymuntatges.cat\\\/es\\\/tienda\\\/sillas\\\/sillas-operativas\\\/polo\\\/\",\"url\":\"https:\\\/\\\/capmanymuntatges.cat\\\/es\\\/tienda\\\/sillas\\\/sillas-operativas\\\/polo\\\/\",\"name\":\"Polo - Capmany Muntatges\",\"isPartOf\":{\"@id\":\"https:\\\/\\\/capmanymuntatges.cat\\\/es\\\/#website\"},\"primaryImageOfPage\":{\"@id\":\"https:\\\/\\\/capmanymuntatges.cat\\\/es\\\/tienda\\\/sillas\\\/sillas-operativas\\\/polo\\\/#primaryimage\"},\"image\":{\"@id\":\"https:\\\/\\\/capmanymuntatges.cat\\\/es\\\/tienda\\\/sillas\\\/sillas-operativas\\\/polo\\\/#primaryimage\"},\"thumbnailUrl\":\"https:\\\/\\\/capmanymuntatges.cat\\\/wp-content\\\/uploads\\\/2021\\\/07\\\/POLO1_1.jpg\",\"datePublished\":\"2021-07-08T12:31:52+00:00\",\"dateModified\":\"2021-07-26T10:22:54+00:00\",\"breadcrumb\":{\"@id\":\"https:\\\/\\\/capmanymuntatges.cat\\\/es\\\/tienda\\\/sillas\\\/sillas-operativas\\\/polo\\\/#breadcrumb\"},\"inLanguage\":\"es\",\"potentialAction\":[{\"@type\":\"ReadAction\",\"target\":[\"https:\\\/\\\/capmanymuntatges.cat\\\/es\\\/tienda\\\/sillas\\\/sillas-operativas\\\/polo\\\/\"]}]},{\"@type\":\"ImageObject\",\"inLanguage\":\"es\",\"@id\":\"https:\\\/\\\/capmanymuntatges.cat\\\/es\\\/tienda\\\/sillas\\\/sillas-operativas\\\/polo\\\/#primaryimage\",\"url\":\"https:\\\/\\\/capmanymuntatges.cat\\\/wp-content\\\/uploads\\\/2021\\\/07\\\/POLO1_1.jpg\",\"contentUrl\":\"https:\\\/\\\/capmanymuntatges.cat\\\/wp-content\\\/uploads\\\/2021\\\/07\\\/POLO1_1.jpg\",\"width\":472,\"height\":320},{\"@type\":\"BreadcrumbList\",\"@id\":\"https:\\\/\\\/capmanymuntatges.cat\\\/es\\\/tienda\\\/sillas\\\/sillas-operativas\\\/polo\\\/#breadcrumb\",\"itemListElement\":[{\"@type\":\"ListItem\",\"position\":1,\"name\":\"Portada\",\"item\":\"https:\\\/\\\/capmanymuntatges.cat\\\/es\\\/\"},{\"@type\":\"ListItem\",\"position\":2,\"name\":\"Tienda\",\"item\":\"https:\\\/\\\/capmanymuntatges.cat\\\/es\\\/?page_id=841\"},{\"@type\":\"ListItem\",\"position\":3,\"name\":\"Polo\"}]},{\"@type\":\"WebSite\",\"@id\":\"https:\\\/\\\/capmanymuntatges.cat\\\/es\\\/#website\",\"url\":\"https:\\\/\\\/capmanymuntatges.cat\\\/es\\\/\",\"name\":\"Capmany Muntatges\",\"description\":\"Mobiliari d&#039;oficina\",\"publisher\":{\"@id\":\"https:\\\/\\\/capmanymuntatges.cat\\\/es\\\/#organization\"},\"potentialAction\":[{\"@type\":\"SearchAction\",\"target\":{\"@type\":\"EntryPoint\",\"urlTemplate\":\"https:\\\/\\\/capmanymuntatges.cat\\\/es\\\/?s={search_term_string}\"},\"query-input\":{\"@type\":\"PropertyValueSpecification\",\"valueRequired\":true,\"valueName\":\"search_term_string\"}}],\"inLanguage\":\"es\"},{\"@type\":\"Organization\",\"@id\":\"https:\\\/\\\/capmanymuntatges.cat\\\/es\\\/#organization\",\"name\":\"Capmany Muntatges\",\"url\":\"https:\\\/\\\/capmanymuntatges.cat\\\/es\\\/\",\"logo\":{\"@type\":\"ImageObject\",\"inLanguage\":\"es\",\"@id\":\"https:\\\/\\\/capmanymuntatges.cat\\\/es\\\/#\\\/schema\\\/logo\\\/image\\\/\",\"url\":\"https:\\\/\\\/capmanymuntatges.cat\\\/wp-content\\\/uploads\\\/2023\\\/03\\\/logo-capmany-muntatges.png\",\"contentUrl\":\"https:\\\/\\\/capmanymuntatges.cat\\\/wp-content\\\/uploads\\\/2023\\\/03\\\/logo-capmany-muntatges.png\",\"width\":818,\"height\":285,\"caption\":\"Capmany Muntatges\"},\"image\":{\"@id\":\"https:\\\/\\\/capmanymuntatges.cat\\\/es\\\/#\\\/schema\\\/logo\\\/image\\\/\"}}]}<\/script>\n<!-- \/ Yoast SEO plugin. -->","yoast_head_json":{"title":"Polo - Capmany Muntatges","robots":{"index":"index","follow":"follow","max-snippet":"max-snippet:-1","max-image-preview":"max-image-preview:large","max-video-preview":"max-video-preview:-1"},"canonical":"https:\/\/capmanymuntatges.cat\/es\/tienda\/sillas\/sillas-operativas\/polo\/","og_locale":"es_ES","og_type":"article","og_title":"Polo - Capmany Muntatges","og_description":"Silla operativa con respaldo alto de malla con regulaci\u00f3n en altura. Asiento regulable en altura mediante pist\u00f3n gas, tapizado tejido Basic Plus One (hay otras posibilidades de tejido con incremento de precio). Asiento gomaespuma 30 kg dura. Mecanismo Syncron Eko. Brazos regulables en altura negros. Base de polipropileno negro. Opci\u00f3n mecanismo traslaci\u00f3n (con incremento de ... Leer m\u00e1s","og_url":"https:\/\/capmanymuntatges.cat\/es\/tienda\/sillas\/sillas-operativas\/polo\/","og_site_name":"Capmany Muntatges","article_modified_time":"2021-07-26T10:22:54+00:00","og_image":[{"width":472,"height":320,"url":"https:\/\/capmanymuntatges.cat\/wp-content\/uploads\/2021\/07\/POLO1_1.jpg","type":"image\/jpeg"}],"twitter_card":"summary_large_image","schema":{"@context":"https:\/\/schema.org","@graph":[{"@type":"WebPage","@id":"https:\/\/capmanymuntatges.cat\/es\/tienda\/sillas\/sillas-operativas\/polo\/","url":"https:\/\/capmanymuntatges.cat\/es\/tienda\/sillas\/sillas-operativas\/polo\/","name":"Polo - Capmany Muntatges","isPartOf":{"@id":"https:\/\/capmanymuntatges.cat\/es\/#website"},"primaryImageOfPage":{"@id":"https:\/\/capmanymuntatges.cat\/es\/tienda\/sillas\/sillas-operativas\/polo\/#primaryimage"},"image":{"@id":"https:\/\/capmanymuntatges.cat\/es\/tienda\/sillas\/sillas-operativas\/polo\/#primaryimage"},"thumbnailUrl":"https:\/\/capmanymuntatges.cat\/wp-content\/uploads\/2021\/07\/POLO1_1.jpg","datePublished":"2021-07-08T12:31:52+00:00","dateModified":"2021-07-26T10:22:54+00:00","breadcrumb":{"@id":"https:\/\/capmanymuntatges.cat\/es\/tienda\/sillas\/sillas-operativas\/polo\/#breadcrumb"},"inLanguage":"es","potentialAction":[{"@type":"ReadAction","target":["https:\/\/capmanymuntatges.cat\/es\/tienda\/sillas\/sillas-operativas\/polo\/"]}]},{"@type":"ImageObject","inLanguage":"es","@id":"https:\/\/capmanymuntatges.cat\/es\/tienda\/sillas\/sillas-operativas\/polo\/#primaryimage","url":"https:\/\/capmanymuntatges.cat\/wp-content\/uploads\/2021\/07\/POLO1_1.jpg","contentUrl":"https:\/\/capmanymuntatges.cat\/wp-content\/uploads\/2021\/07\/POLO1_1.jpg","width":472,"height":320},{"@type":"BreadcrumbList","@id":"https:\/\/capmanymuntatges.cat\/es\/tienda\/sillas\/sillas-operativas\/polo\/#breadcrumb","itemListElement":[{"@type":"ListItem","position":1,"name":"Portada","item":"https:\/\/capmanymuntatges.cat\/es\/"},{"@type":"ListItem","position":2,"name":"Tienda","item":"https:\/\/capmanymuntatges.cat\/es\/?page_id=841"},{"@type":"ListItem","position":3,"name":"Polo"}]},{"@type":"WebSite","@id":"https:\/\/capmanymuntatges.cat\/es\/#website","url":"https:\/\/capmanymuntatges.cat\/es\/","name":"Capmany Muntatges","description":"Mobiliari d&#039;oficina","publisher":{"@id":"https:\/\/capmanymuntatges.cat\/es\/#organization"},"potentialAction":[{"@type":"SearchAction","target":{"@type":"EntryPoint","urlTemplate":"https:\/\/capmanymuntatges.cat\/es\/?s={search_term_string}"},"query-input":{"@type":"PropertyValueSpecification","valueRequired":true,"valueName":"search_term_string"}}],"inLanguage":"es"},{"@type":"Organization","@id":"https:\/\/capmanymuntatges.cat\/es\/#organization","name":"Capmany Muntatges","url":"https:\/\/capmanymuntatges.cat\/es\/","logo":{"@type":"ImageObject","inLanguage":"es","@id":"https:\/\/capmanymuntatges.cat\/es\/#\/schema\/logo\/image\/","url":"https:\/\/capmanymuntatges.cat\/wp-content\/uploads\/2023\/03\/logo-capmany-muntatges.png","contentUrl":"https:\/\/capmanymuntatges.cat\/wp-content\/uploads\/2023\/03\/logo-capmany-muntatges.png","width":818,"height":285,"caption":"Capmany Muntatges"},"image":{"@id":"https:\/\/capmanymuntatges.cat\/es\/#\/schema\/logo\/image\/"}}]}},"_links":{"self":[{"href":"https:\/\/capmanymuntatges.cat\/es\/wp-json\/wp\/v2\/product\/1615","targetHints":{"allow":["GET"]}}],"collection":[{"href":"https:\/\/capmanymuntatges.cat\/es\/wp-json\/wp\/v2\/product"}],"about":[{"href":"https:\/\/capmanymuntatges.cat\/es\/wp-json\/wp\/v2\/types\/product"}],"wp:featuredmedia":[{"embeddable":true,"href":"https:\/\/capmanymuntatges.cat\/es\/wp-json\/wp\/v2\/media\/1617"}],"wp:attachment":[{"href":"https:\/\/capmanymuntatges.cat\/es\/wp-json\/wp\/v2\/media?parent=1615"}],"wp:term":[{"taxonomy":"product_brand","embeddable":true,"href":"https:\/\/capmanymuntatges.cat\/es\/wp-json\/wp\/v2\/product_brand?post=1615"},{"taxonomy":"product_cat","embeddable":true,"href":"https:\/\/capmanymuntatges.cat\/es\/wp-json\/wp\/v2\/product_cat?post=1615"},{"taxonomy":"product_tag","embeddable":true,"href":"https:\/\/capmanymuntatges.cat\/es\/wp-json\/wp\/v2\/product_tag?post=1615"}],"curies":[{"name":"wp","href":"https:\/\/api.w.org\/{rel}","templated":true}]}}