{"id":832,"date":"2021-05-20T08:30:30","date_gmt":"2021-05-20T08:30:30","guid":{"rendered":"http:\/\/dev.capmanymuntatges.cat\/?page_id=832"},"modified":"2026-01-28T09:52:06","modified_gmt":"2026-01-28T09:52:06","slug":"empresa-gerona-montaje-oficinas","status":"publish","type":"page","link":"https:\/\/capmanymuntatges.cat\/es\/empresa-gerona-montaje-oficinas\/","title":{"rendered":"Sobre nosotros"},"content":{"rendered":"\t\t<div data-elementor-type=\"wp-page\" data-elementor-id=\"832\" class=\"elementor elementor-832\" data-elementor-post-type=\"page\">\n\t\t\t\t\t\t<section class=\"elementor-section elementor-top-section elementor-element elementor-element-e96708e elementor-section-full_width elementor-section-height-default elementor-section-height-default\" data-id=\"e96708e\" data-element_type=\"section\" data-e-type=\"section\">\n\t\t\t\t\t\t<div class=\"elementor-container elementor-column-gap-no\">\n\t\t\t\t\t<div class=\"elementor-column elementor-col-100 elementor-top-column elementor-element elementor-element-6b50ee6\" data-id=\"6b50ee6\" data-element_type=\"column\" data-e-type=\"column\">\n\t\t\t<div class=\"elementor-widget-wrap elementor-element-populated\">\n\t\t\t\t\t\t<div class=\"elementor-element elementor-element-0f38271 elementor--h-position-center elementor--v-position-middle elementor-arrows-position-inside elementor-pagination-position-inside elementor-widget elementor-widget-slides\" data-id=\"0f38271\" data-element_type=\"widget\" data-e-type=\"widget\" data-settings=\"{&quot;navigation&quot;:&quot;both&quot;,&quot;autoplay&quot;:&quot;yes&quot;,&quot;pause_on_hover&quot;:&quot;yes&quot;,&quot;pause_on_interaction&quot;:&quot;yes&quot;,&quot;autoplay_speed&quot;:5000,&quot;infinite&quot;:&quot;yes&quot;,&quot;transition&quot;:&quot;slide&quot;,&quot;transition_speed&quot;:500}\" data-widget_type=\"slides.default\">\n\t\t\t\t<div class=\"elementor-widget-container\">\n\t\t\t\t\t\t\t\t\t<div class=\"elementor-swiper\">\n\t\t\t\t\t<div class=\"elementor-slides-wrapper elementor-main-swiper swiper\" role=\"region\" aria-roledescription=\"carousel\" aria-label=\"Diapositives\" dir=\"ltr\" data-animation=\"fadeInUp\">\n\t\t\t\t<div class=\"swiper-wrapper elementor-slides\">\n\t\t\t\t\t\t\t\t\t\t<div class=\"elementor-repeater-item-744f502 swiper-slide\" role=\"group\" aria-roledescription=\"slide\"><div class=\"swiper-slide-bg\" role=\"img\" aria-label=\"mesas-twist-gallery-36\"><\/div><div class=\"swiper-slide-inner\" ><div class=\"swiper-slide-contents\"><div class=\"elementor-slide-heading\">Sobre nosotros<\/div><\/div><\/div><\/div>\t\t\t\t<\/div>\n\t\t\t\t\t\t\t<\/div>\n\t\t\t\t<\/div>\n\t\t\t\t\t\t\t\t<\/div>\n\t\t\t\t<\/div>\n\t\t\t\t\t<\/div>\n\t\t<\/div>\n\t\t\t\t\t<\/div>\n\t\t<\/section>\n\t\t\t\t<section class=\"elementor-section elementor-top-section elementor-element elementor-element-6ddf05e elementor-section-boxed elementor-section-height-default elementor-section-height-default\" data-id=\"6ddf05e\" data-element_type=\"section\" data-e-type=\"section\">\n\t\t\t\t\t\t<div class=\"elementor-container elementor-column-gap-default\">\n\t\t\t\t\t<div class=\"elementor-column elementor-col-100 elementor-top-column elementor-element elementor-element-f73de2b\" data-id=\"f73de2b\" data-element_type=\"column\" data-e-type=\"column\">\n\t\t\t<div class=\"elementor-widget-wrap elementor-element-populated\">\n\t\t\t\t\t\t<section class=\"elementor-section elementor-inner-section elementor-element elementor-element-6057617 elementor-section-boxed elementor-section-height-default elementor-section-height-default\" data-id=\"6057617\" data-element_type=\"section\" data-e-type=\"section\">\n\t\t\t\t\t\t<div class=\"elementor-container elementor-column-gap-default\">\n\t\t\t\t\t<div class=\"elementor-column elementor-col-50 elementor-inner-column elementor-element elementor-element-2d5d944\" data-id=\"2d5d944\" data-element_type=\"column\" data-e-type=\"column\">\n\t\t\t<div class=\"elementor-widget-wrap elementor-element-populated\">\n\t\t\t\t\t\t<div class=\"elementor-element elementor-element-8f94ae2 elementor-widget elementor-widget-text-editor\" data-id=\"8f94ae2\" data-element_type=\"widget\" data-e-type=\"widget\" data-widget_type=\"text-editor.default\">\n\t\t\t\t<div class=\"elementor-widget-container\">\n\t\t\t\t\t\t\t\t\t<h2><strong>\u00bfQUI\u00c9NES SOMOS?<\/strong><\/h2><p>Capmany Muntatges es una empresa ubicada en la provincia de Gerona, con m\u00e1s de 30 a\u00f1os de experiencia en el sector de instalaci\u00f3n y montaje de oficinas. Nuestra misi\u00f3n es crear ambientes de trabajo adecuados a las necesidades de los clientes. Ofrecemos distintos servicios y facilitamos, de este modo, la coordinaci\u00f3n de todos los trabajos a obra.<\/p>\t\t\t\t\t\t\t\t<\/div>\n\t\t\t\t<\/div>\n\t\t\t\t\t<\/div>\n\t\t<\/div>\n\t\t\t\t<div class=\"elementor-column elementor-col-50 elementor-inner-column elementor-element elementor-element-b82b49e\" data-id=\"b82b49e\" data-element_type=\"column\" data-e-type=\"column\">\n\t\t\t<div class=\"elementor-widget-wrap elementor-element-populated\">\n\t\t\t\t\t\t<div class=\"elementor-element elementor-element-6f7b2be elementor-widget elementor-widget-image\" data-id=\"6f7b2be\" data-element_type=\"widget\" data-e-type=\"widget\" data-widget_type=\"image.default\">\n\t\t\t\t<div class=\"elementor-widget-container\">\n\t\t\t\t\t\t\t\t\t\t\t\t\t\t\t<img fetchpriority=\"high\" decoding=\"async\" width=\"1200\" height=\"636\" src=\"https:\/\/capmanymuntatges.cat\/wp-content\/uploads\/2021\/07\/qui-som_capmanymuntatges.jpg\" class=\"attachment-full size-full wp-image-1736\" alt=\"\" srcset=\"https:\/\/capmanymuntatges.cat\/wp-content\/uploads\/2021\/07\/qui-som_capmanymuntatges.jpg 1200w, https:\/\/capmanymuntatges.cat\/wp-content\/uploads\/2021\/07\/qui-som_capmanymuntatges-300x159.jpg 300w, https:\/\/capmanymuntatges.cat\/wp-content\/uploads\/2021\/07\/qui-som_capmanymuntatges-1024x543.jpg 1024w, https:\/\/capmanymuntatges.cat\/wp-content\/uploads\/2021\/07\/qui-som_capmanymuntatges-768x407.jpg 768w, https:\/\/capmanymuntatges.cat\/wp-content\/uploads\/2021\/07\/qui-som_capmanymuntatges-600x318.jpg 600w\" sizes=\"(max-width: 1200px) 100vw, 1200px\" \/>\t\t\t\t\t\t\t\t\t\t\t\t\t\t\t<\/div>\n\t\t\t\t<\/div>\n\t\t\t\t\t<\/div>\n\t\t<\/div>\n\t\t\t\t\t<\/div>\n\t\t<\/section>\n\t\t\t\t<section class=\"elementor-section elementor-inner-section elementor-element elementor-element-ed52d47 elementor-section-boxed elementor-section-height-default elementor-section-height-default\" data-id=\"ed52d47\" data-element_type=\"section\" data-e-type=\"section\">\n\t\t\t\t\t\t<div class=\"elementor-container elementor-column-gap-default\">\n\t\t\t\t\t<div class=\"elementor-column elementor-col-50 elementor-inner-column elementor-element elementor-element-521a1b4\" data-id=\"521a1b4\" data-element_type=\"column\" data-e-type=\"column\">\n\t\t\t<div class=\"elementor-widget-wrap elementor-element-populated\">\n\t\t\t\t\t\t<div class=\"elementor-element elementor-element-e913ade elementor-widget elementor-widget-image\" data-id=\"e913ade\" data-element_type=\"widget\" data-e-type=\"widget\" data-widget_type=\"image.default\">\n\t\t\t\t<div class=\"elementor-widget-container\">\n\t\t\t\t\t\t\t\t\t\t\t\t\t\t\t<img decoding=\"async\" width=\"1024\" height=\"768\" src=\"https:\/\/capmanymuntatges.cat\/wp-content\/uploads\/2021\/07\/sobre-nosaltres_capmanymuntatges-1024x768.jpg\" class=\"attachment-large size-large wp-image-1737\" alt=\"\" srcset=\"https:\/\/capmanymuntatges.cat\/wp-content\/uploads\/2021\/07\/sobre-nosaltres_capmanymuntatges-1024x768.jpg 1024w, https:\/\/capmanymuntatges.cat\/wp-content\/uploads\/2021\/07\/sobre-nosaltres_capmanymuntatges-300x225.jpg 300w, https:\/\/capmanymuntatges.cat\/wp-content\/uploads\/2021\/07\/sobre-nosaltres_capmanymuntatges-768x576.jpg 768w, https:\/\/capmanymuntatges.cat\/wp-content\/uploads\/2021\/07\/sobre-nosaltres_capmanymuntatges-600x450.jpg 600w, https:\/\/capmanymuntatges.cat\/wp-content\/uploads\/2021\/07\/sobre-nosaltres_capmanymuntatges.jpg 1200w\" sizes=\"(max-width: 1024px) 100vw, 1024px\" \/>\t\t\t\t\t\t\t\t\t\t\t\t\t\t\t<\/div>\n\t\t\t\t<\/div>\n\t\t\t\t\t<\/div>\n\t\t<\/div>\n\t\t\t\t<div class=\"elementor-column elementor-col-50 elementor-inner-column elementor-element elementor-element-eefea9b\" data-id=\"eefea9b\" data-element_type=\"column\" data-e-type=\"column\">\n\t\t\t<div class=\"elementor-widget-wrap elementor-element-populated\">\n\t\t\t\t\t\t<div class=\"elementor-element elementor-element-666079b elementor-widget elementor-widget-text-editor\" data-id=\"666079b\" data-element_type=\"widget\" data-e-type=\"widget\" data-widget_type=\"text-editor.default\">\n\t\t\t\t<div class=\"elementor-widget-container\">\n\t\t\t\t\t\t\t\t\t<h2 style=\"text-align: right;\"><strong>\u00bfQU\u00c9 HACEMOS?<\/strong><\/h2><p>\u201cCreando espacios\u201d<\/p><p>Des del inicio hemos estado trabajando para garantizar el mejor servicio y satisfacer las necesidades de espacio de nuestros clientes.<\/p><p>Nuestro equipo est\u00e1 altamente calificado y especializado en el asesoramiento sobre la viabilidad de los proyectos y el montaje de oficinas.<\/p><p>Creemos que es muy importante crear un buen ambiente de Trabajo y adecuar los espacios a las necesidades de las persones, para potenciar una buena organizaci\u00f3n entre los trabajadores y el rendimiento en el trabajo.<\/p>\t\t\t\t\t\t\t\t<\/div>\n\t\t\t\t<\/div>\n\t\t\t\t\t<\/div>\n\t\t<\/div>\n\t\t\t\t\t<\/div>\n\t\t<\/section>\n\t\t\t\t\t<\/div>\n\t\t<\/div>\n\t\t\t\t\t<\/div>\n\t\t<\/section>\n\t\t\t\t<section class=\"elementor-section elementor-top-section elementor-element elementor-element-7f1f768 elementor-section-boxed elementor-section-height-default elementor-section-height-default\" data-id=\"7f1f768\" data-element_type=\"section\" data-e-type=\"section\">\n\t\t\t\t\t\t<div class=\"elementor-container elementor-column-gap-default\">\n\t\t\t\t\t<div class=\"elementor-column elementor-col-100 elementor-top-column elementor-element elementor-element-10bf42b\" data-id=\"10bf42b\" data-element_type=\"column\" data-e-type=\"column\">\n\t\t\t<div class=\"elementor-widget-wrap\">\n\t\t\t\t\t\t\t<\/div>\n\t\t<\/div>\n\t\t\t\t\t<\/div>\n\t\t<\/section>\n\t\t\t\t<section class=\"elementor-section elementor-top-section elementor-element elementor-element-6d87741 elementor-section-boxed elementor-section-height-default elementor-section-height-default\" data-id=\"6d87741\" data-element_type=\"section\" data-e-type=\"section\">\n\t\t\t\t\t\t<div class=\"elementor-container elementor-column-gap-default\">\n\t\t\t\t\t<div class=\"elementor-column elementor-col-100 elementor-top-column elementor-element elementor-element-f1e247d\" data-id=\"f1e247d\" data-element_type=\"column\" data-e-type=\"column\">\n\t\t\t<div class=\"elementor-widget-wrap elementor-element-populated\">\n\t\t\t\t\t\t<div class=\"elementor-element elementor-element-95c47c2 elementor-widget elementor-widget-image\" data-id=\"95c47c2\" data-element_type=\"widget\" data-e-type=\"widget\" data-widget_type=\"image.default\">\n\t\t\t\t<div class=\"elementor-widget-container\">\n\t\t\t\t\t\t\t\t\t\t\t\t\t\t\t<img decoding=\"async\" width=\"300\" height=\"212\" src=\"https:\/\/capmanymuntatges.cat\/wp-content\/uploads\/2023\/06\/placa-300x212.jpg\" class=\"attachment-medium size-medium wp-image-3160\" alt=\"\" srcset=\"https:\/\/capmanymuntatges.cat\/wp-content\/uploads\/2023\/06\/placa-300x212.jpg 300w, https:\/\/capmanymuntatges.cat\/wp-content\/uploads\/2023\/06\/placa-1024x724.jpg 1024w, https:\/\/capmanymuntatges.cat\/wp-content\/uploads\/2023\/06\/placa-768x543.jpg 768w, https:\/\/capmanymuntatges.cat\/wp-content\/uploads\/2023\/06\/placa-1536x1086.jpg 1536w, https:\/\/capmanymuntatges.cat\/wp-content\/uploads\/2023\/06\/placa-600x424.jpg 600w, https:\/\/capmanymuntatges.cat\/wp-content\/uploads\/2023\/06\/placa.jpg 1800w\" sizes=\"(max-width: 300px) 100vw, 300px\" \/>\t\t\t\t\t\t\t\t\t\t\t\t\t\t\t<\/div>\n\t\t\t\t<\/div>\n\t\t\t\t\t<\/div>\n\t\t<\/div>\n\t\t\t\t\t<\/div>\n\t\t<\/section>\n\t\t\t\t<section class=\"elementor-section elementor-top-section elementor-element elementor-element-bca7aaf elementor-section-boxed elementor-section-height-default elementor-section-height-default\" data-id=\"bca7aaf\" data-element_type=\"section\" data-e-type=\"section\">\n\t\t\t\t\t\t<div class=\"elementor-container elementor-column-gap-default\">\n\t\t\t\t\t<div class=\"elementor-column elementor-col-100 elementor-top-column elementor-element elementor-element-a8c2783\" data-id=\"a8c2783\" data-element_type=\"column\" data-e-type=\"column\">\n\t\t\t<div class=\"elementor-widget-wrap elementor-element-populated\">\n\t\t\t\t\t\t<div class=\"elementor-element elementor-element-2aa0bab elementor-widget elementor-widget-image\" data-id=\"2aa0bab\" data-element_type=\"widget\" data-e-type=\"widget\" data-widget_type=\"image.default\">\n\t\t\t\t<div class=\"elementor-widget-container\">\n\t\t\t\t\t\t\t\t\t\t\t\t\t\t\t<img loading=\"lazy\" decoding=\"async\" width=\"1024\" height=\"179\" src=\"https:\/\/capmanymuntatges.cat\/wp-content\/uploads\/2025\/10\/MOVES-III_h-1024x179.png\" class=\"attachment-large size-large wp-image-4025\" alt=\"\" srcset=\"https:\/\/capmanymuntatges.cat\/wp-content\/uploads\/2025\/10\/MOVES-III_h-1024x179.png 1024w, https:\/\/capmanymuntatges.cat\/wp-content\/uploads\/2025\/10\/MOVES-III_h-300x53.png 300w, https:\/\/capmanymuntatges.cat\/wp-content\/uploads\/2025\/10\/MOVES-III_h-768x134.png 768w, https:\/\/capmanymuntatges.cat\/wp-content\/uploads\/2025\/10\/MOVES-III_h-1536x269.png 1536w, https:\/\/capmanymuntatges.cat\/wp-content\/uploads\/2025\/10\/MOVES-III_h-600x105.png 600w, https:\/\/capmanymuntatges.cat\/wp-content\/uploads\/2025\/10\/MOVES-III_h.png 2000w\" sizes=\"(max-width: 1024px) 100vw, 1024px\" \/>\t\t\t\t\t\t\t\t\t\t\t\t\t\t\t<\/div>\n\t\t\t\t<\/div>\n\t\t\t\t\t<\/div>\n\t\t<\/div>\n\t\t\t\t\t<\/div>\n\t\t<\/section>\n\t\t\t\t<\/div>\n\t\t","protected":false},"excerpt":{"rendered":"<p>Sobre nosotros \u00bfQUI\u00c9NES SOMOS? Capmany Muntatges es una empresa ubicada en la provincia de Gerona, con m\u00e1s de 30 a\u00f1os de experiencia en el sector de instalaci\u00f3n y montaje de oficinas. Nuestra misi\u00f3n es crear ambientes de trabajo adecuados a las necesidades de los clientes. Ofrecemos distintos servicios y facilitamos, de este modo, la coordinaci\u00f3n &#8230; <a title=\"Sobre nosotros\" class=\"read-more\" href=\"https:\/\/capmanymuntatges.cat\/es\/empresa-gerona-montaje-oficinas\/\" aria-label=\"Leer m\u00e1s sobre Sobre nosotros\">Leer m\u00e1s<\/a><\/p>\n","protected":false},"author":1,"featured_media":0,"parent":0,"menu_order":0,"comment_status":"closed","ping_status":"closed","template":"","meta":{"_acf_changed":false,"footnotes":""},"class_list":["post-832","page","type-page","status-publish"],"acf":[],"yoast_head":"<!-- This site is optimized with the Yoast SEO plugin v27.3 - https:\/\/yoast.com\/product\/yoast-seo-wordpress\/ -->\n<title>Empresa Capmany Muntatges - Todo para su oficina<\/title>\n<meta name=\"description\" content=\"Empresa de la provincia de Gerona dedicada al montaje de oficinas. Mamparas divisorias, tabiques m\u00f3viles, mobiliario de oficina y despacho...\" \/>\n<meta name=\"robots\" content=\"index, follow, max-snippet:-1, max-image-preview:large, max-video-preview:-1\" \/>\n<link rel=\"canonical\" href=\"https:\/\/capmanymuntatges.cat\/es\/empresa-gerona-montaje-oficinas\/\" \/>\n<meta property=\"og:locale\" content=\"es_ES\" \/>\n<meta property=\"og:type\" content=\"article\" \/>\n<meta property=\"og:title\" content=\"Empresa Capmany Muntatges - Todo para su oficina\" \/>\n<meta property=\"og:description\" content=\"Empresa de la provincia de Gerona dedicada al montaje de oficinas. Mamparas divisorias, tabiques m\u00f3viles, mobiliario de oficina y despacho...\" \/>\n<meta property=\"og:url\" content=\"https:\/\/capmanymuntatges.cat\/es\/empresa-gerona-montaje-oficinas\/\" \/>\n<meta property=\"og:site_name\" content=\"Capmany Muntatges\" \/>\n<meta property=\"article:modified_time\" content=\"2026-01-28T09:52:06+00:00\" \/>\n<meta property=\"og:image\" content=\"https:\/\/capmanymuntatges.cat\/wp-content\/uploads\/2021\/07\/qui-som_capmanymuntatges.jpg\" \/>\n\t<meta property=\"og:image:width\" content=\"1200\" \/>\n\t<meta property=\"og:image:height\" content=\"636\" \/>\n\t<meta property=\"og:image:type\" content=\"image\/jpeg\" \/>\n<meta name=\"twitter:card\" content=\"summary_large_image\" \/>\n<meta name=\"twitter:label1\" content=\"Tiempo de lectura\" \/>\n\t<meta name=\"twitter:data1\" content=\"2 minutos\" \/>\n<script type=\"application\/ld+json\" class=\"yoast-schema-graph\">{\"@context\":\"https:\\\/\\\/schema.org\",\"@graph\":[{\"@type\":\"WebPage\",\"@id\":\"https:\\\/\\\/capmanymuntatges.cat\\\/es\\\/empresa-gerona-montaje-oficinas\\\/\",\"url\":\"https:\\\/\\\/capmanymuntatges.cat\\\/es\\\/empresa-gerona-montaje-oficinas\\\/\",\"name\":\"Empresa Capmany Muntatges - Todo para su oficina\",\"isPartOf\":{\"@id\":\"https:\\\/\\\/capmanymuntatges.cat\\\/es\\\/#website\"},\"primaryImageOfPage\":{\"@id\":\"https:\\\/\\\/capmanymuntatges.cat\\\/es\\\/empresa-gerona-montaje-oficinas\\\/#primaryimage\"},\"image\":{\"@id\":\"https:\\\/\\\/capmanymuntatges.cat\\\/es\\\/empresa-gerona-montaje-oficinas\\\/#primaryimage\"},\"thumbnailUrl\":\"https:\\\/\\\/capmanymuntatges.cat\\\/wp-content\\\/uploads\\\/2021\\\/07\\\/qui-som_capmanymuntatges.jpg\",\"datePublished\":\"2021-05-20T08:30:30+00:00\",\"dateModified\":\"2026-01-28T09:52:06+00:00\",\"description\":\"Empresa de la provincia de Gerona dedicada al montaje de oficinas. Mamparas divisorias, tabiques m\u00f3viles, mobiliario de oficina y despacho...\",\"breadcrumb\":{\"@id\":\"https:\\\/\\\/capmanymuntatges.cat\\\/es\\\/empresa-gerona-montaje-oficinas\\\/#breadcrumb\"},\"inLanguage\":\"es\",\"potentialAction\":[{\"@type\":\"ReadAction\",\"target\":[\"https:\\\/\\\/capmanymuntatges.cat\\\/es\\\/empresa-gerona-montaje-oficinas\\\/\"]}]},{\"@type\":\"ImageObject\",\"inLanguage\":\"es\",\"@id\":\"https:\\\/\\\/capmanymuntatges.cat\\\/es\\\/empresa-gerona-montaje-oficinas\\\/#primaryimage\",\"url\":\"https:\\\/\\\/capmanymuntatges.cat\\\/wp-content\\\/uploads\\\/2021\\\/07\\\/qui-som_capmanymuntatges.jpg\",\"contentUrl\":\"https:\\\/\\\/capmanymuntatges.cat\\\/wp-content\\\/uploads\\\/2021\\\/07\\\/qui-som_capmanymuntatges.jpg\"},{\"@type\":\"BreadcrumbList\",\"@id\":\"https:\\\/\\\/capmanymuntatges.cat\\\/es\\\/empresa-gerona-montaje-oficinas\\\/#breadcrumb\",\"itemListElement\":[{\"@type\":\"ListItem\",\"position\":1,\"name\":\"Portada\",\"item\":\"https:\\\/\\\/capmanymuntatges.cat\\\/es\\\/\"},{\"@type\":\"ListItem\",\"position\":2,\"name\":\"Sobre nosotros\"}]},{\"@type\":\"WebSite\",\"@id\":\"https:\\\/\\\/capmanymuntatges.cat\\\/es\\\/#website\",\"url\":\"https:\\\/\\\/capmanymuntatges.cat\\\/es\\\/\",\"name\":\"Capmany Muntatges\",\"description\":\"Mobiliari d&#039;oficina\",\"publisher\":{\"@id\":\"https:\\\/\\\/capmanymuntatges.cat\\\/es\\\/#organization\"},\"potentialAction\":[{\"@type\":\"SearchAction\",\"target\":{\"@type\":\"EntryPoint\",\"urlTemplate\":\"https:\\\/\\\/capmanymuntatges.cat\\\/es\\\/?s={search_term_string}\"},\"query-input\":{\"@type\":\"PropertyValueSpecification\",\"valueRequired\":true,\"valueName\":\"search_term_string\"}}],\"inLanguage\":\"es\"},{\"@type\":\"Organization\",\"@id\":\"https:\\\/\\\/capmanymuntatges.cat\\\/es\\\/#organization\",\"name\":\"Capmany Muntatges\",\"url\":\"https:\\\/\\\/capmanymuntatges.cat\\\/es\\\/\",\"logo\":{\"@type\":\"ImageObject\",\"inLanguage\":\"es\",\"@id\":\"https:\\\/\\\/capmanymuntatges.cat\\\/es\\\/#\\\/schema\\\/logo\\\/image\\\/\",\"url\":\"https:\\\/\\\/capmanymuntatges.cat\\\/wp-content\\\/uploads\\\/2023\\\/03\\\/logo-capmany-muntatges.png\",\"contentUrl\":\"https:\\\/\\\/capmanymuntatges.cat\\\/wp-content\\\/uploads\\\/2023\\\/03\\\/logo-capmany-muntatges.png\",\"width\":818,\"height\":285,\"caption\":\"Capmany Muntatges\"},\"image\":{\"@id\":\"https:\\\/\\\/capmanymuntatges.cat\\\/es\\\/#\\\/schema\\\/logo\\\/image\\\/\"}}]}<\/script>\n<!-- \/ Yoast SEO plugin. -->","yoast_head_json":{"title":"Empresa Capmany Muntatges - Todo para su oficina","description":"Empresa de la provincia de Gerona dedicada al montaje de oficinas. Mamparas divisorias, tabiques m\u00f3viles, mobiliario de oficina y despacho...","robots":{"index":"index","follow":"follow","max-snippet":"max-snippet:-1","max-image-preview":"max-image-preview:large","max-video-preview":"max-video-preview:-1"},"canonical":"https:\/\/capmanymuntatges.cat\/es\/empresa-gerona-montaje-oficinas\/","og_locale":"es_ES","og_type":"article","og_title":"Empresa Capmany Muntatges - Todo para su oficina","og_description":"Empresa de la provincia de Gerona dedicada al montaje de oficinas. Mamparas divisorias, tabiques m\u00f3viles, mobiliario de oficina y despacho...","og_url":"https:\/\/capmanymuntatges.cat\/es\/empresa-gerona-montaje-oficinas\/","og_site_name":"Capmany Muntatges","article_modified_time":"2026-01-28T09:52:06+00:00","og_image":[{"width":1200,"height":636,"url":"https:\/\/capmanymuntatges.cat\/wp-content\/uploads\/2021\/07\/qui-som_capmanymuntatges.jpg","type":"image\/jpeg"}],"twitter_card":"summary_large_image","twitter_misc":{"Tiempo de lectura":"2 minutos"},"schema":{"@context":"https:\/\/schema.org","@graph":[{"@type":"WebPage","@id":"https:\/\/capmanymuntatges.cat\/es\/empresa-gerona-montaje-oficinas\/","url":"https:\/\/capmanymuntatges.cat\/es\/empresa-gerona-montaje-oficinas\/","name":"Empresa Capmany Muntatges - Todo para su oficina","isPartOf":{"@id":"https:\/\/capmanymuntatges.cat\/es\/#website"},"primaryImageOfPage":{"@id":"https:\/\/capmanymuntatges.cat\/es\/empresa-gerona-montaje-oficinas\/#primaryimage"},"image":{"@id":"https:\/\/capmanymuntatges.cat\/es\/empresa-gerona-montaje-oficinas\/#primaryimage"},"thumbnailUrl":"https:\/\/capmanymuntatges.cat\/wp-content\/uploads\/2021\/07\/qui-som_capmanymuntatges.jpg","datePublished":"2021-05-20T08:30:30+00:00","dateModified":"2026-01-28T09:52:06+00:00","description":"Empresa de la provincia de Gerona dedicada al montaje de oficinas. Mamparas divisorias, tabiques m\u00f3viles, mobiliario de oficina y despacho...","breadcrumb":{"@id":"https:\/\/capmanymuntatges.cat\/es\/empresa-gerona-montaje-oficinas\/#breadcrumb"},"inLanguage":"es","potentialAction":[{"@type":"ReadAction","target":["https:\/\/capmanymuntatges.cat\/es\/empresa-gerona-montaje-oficinas\/"]}]},{"@type":"ImageObject","inLanguage":"es","@id":"https:\/\/capmanymuntatges.cat\/es\/empresa-gerona-montaje-oficinas\/#primaryimage","url":"https:\/\/capmanymuntatges.cat\/wp-content\/uploads\/2021\/07\/qui-som_capmanymuntatges.jpg","contentUrl":"https:\/\/capmanymuntatges.cat\/wp-content\/uploads\/2021\/07\/qui-som_capmanymuntatges.jpg"},{"@type":"BreadcrumbList","@id":"https:\/\/capmanymuntatges.cat\/es\/empresa-gerona-montaje-oficinas\/#breadcrumb","itemListElement":[{"@type":"ListItem","position":1,"name":"Portada","item":"https:\/\/capmanymuntatges.cat\/es\/"},{"@type":"ListItem","position":2,"name":"Sobre nosotros"}]},{"@type":"WebSite","@id":"https:\/\/capmanymuntatges.cat\/es\/#website","url":"https:\/\/capmanymuntatges.cat\/es\/","name":"Capmany Muntatges","description":"Mobiliari d&#039;oficina","publisher":{"@id":"https:\/\/capmanymuntatges.cat\/es\/#organization"},"potentialAction":[{"@type":"SearchAction","target":{"@type":"EntryPoint","urlTemplate":"https:\/\/capmanymuntatges.cat\/es\/?s={search_term_string}"},"query-input":{"@type":"PropertyValueSpecification","valueRequired":true,"valueName":"search_term_string"}}],"inLanguage":"es"},{"@type":"Organization","@id":"https:\/\/capmanymuntatges.cat\/es\/#organization","name":"Capmany Muntatges","url":"https:\/\/capmanymuntatges.cat\/es\/","logo":{"@type":"ImageObject","inLanguage":"es","@id":"https:\/\/capmanymuntatges.cat\/es\/#\/schema\/logo\/image\/","url":"https:\/\/capmanymuntatges.cat\/wp-content\/uploads\/2023\/03\/logo-capmany-muntatges.png","contentUrl":"https:\/\/capmanymuntatges.cat\/wp-content\/uploads\/2023\/03\/logo-capmany-muntatges.png","width":818,"height":285,"caption":"Capmany Muntatges"},"image":{"@id":"https:\/\/capmanymuntatges.cat\/es\/#\/schema\/logo\/image\/"}}]}},"_links":{"self":[{"href":"https:\/\/capmanymuntatges.cat\/es\/wp-json\/wp\/v2\/pages\/832","targetHints":{"allow":["GET"]}}],"collection":[{"href":"https:\/\/capmanymuntatges.cat\/es\/wp-json\/wp\/v2\/pages"}],"about":[{"href":"https:\/\/capmanymuntatges.cat\/es\/wp-json\/wp\/v2\/types\/page"}],"author":[{"embeddable":true,"href":"https:\/\/capmanymuntatges.cat\/es\/wp-json\/wp\/v2\/users\/1"}],"replies":[{"embeddable":true,"href":"https:\/\/capmanymuntatges.cat\/es\/wp-json\/wp\/v2\/comments?post=832"}],"version-history":[{"count":14,"href":"https:\/\/capmanymuntatges.cat\/es\/wp-json\/wp\/v2\/pages\/832\/revisions"}],"predecessor-version":[{"id":4267,"href":"https:\/\/capmanymuntatges.cat\/es\/wp-json\/wp\/v2\/pages\/832\/revisions\/4267"}],"wp:attachment":[{"href":"https:\/\/capmanymuntatges.cat\/es\/wp-json\/wp\/v2\/media?parent=832"}],"curies":[{"name":"wp","href":"https:\/\/api.w.org\/{rel}","templated":true}]}}