{"id":830,"date":"2021-05-20T08:07:24","date_gmt":"2021-05-20T08:07:24","guid":{"rendered":"http:\/\/dev.capmanymuntatges.cat\/?page_id=830"},"modified":"2021-08-10T06:44:18","modified_gmt":"2021-08-10T06:44:18","slug":"catalogo","status":"publish","type":"page","link":"https:\/\/capmanymuntatges.cat\/es\/catalogo\/","title":{"rendered":"Cat\u00e1logo"},"content":{"rendered":"\t\t<div data-elementor-type=\"wp-page\" data-elementor-id=\"830\" class=\"elementor elementor-830\" data-elementor-post-type=\"page\">\n\t\t\t\t\t\t<section class=\"elementor-section elementor-top-section elementor-element elementor-element-dfa5060 elementor-section-full_width elementor-section-height-default elementor-section-height-default\" data-id=\"dfa5060\" data-element_type=\"section\" data-e-type=\"section\">\n\t\t\t\t\t\t<div class=\"elementor-container elementor-column-gap-no\">\n\t\t\t\t\t<div class=\"elementor-column elementor-col-100 elementor-top-column elementor-element elementor-element-709ac3e\" data-id=\"709ac3e\" data-element_type=\"column\" data-e-type=\"column\">\n\t\t\t<div class=\"elementor-widget-wrap elementor-element-populated\">\n\t\t\t\t\t\t<div class=\"elementor-element elementor-element-6276379 elementor--h-position-center elementor--v-position-middle elementor-arrows-position-inside elementor-pagination-position-inside elementor-widget elementor-widget-slides\" data-id=\"6276379\" data-element_type=\"widget\" data-e-type=\"widget\" data-settings=\"{&quot;navigation&quot;:&quot;both&quot;,&quot;autoplay&quot;:&quot;yes&quot;,&quot;pause_on_hover&quot;:&quot;yes&quot;,&quot;pause_on_interaction&quot;:&quot;yes&quot;,&quot;autoplay_speed&quot;:5000,&quot;infinite&quot;:&quot;yes&quot;,&quot;transition&quot;:&quot;slide&quot;,&quot;transition_speed&quot;:500}\" data-widget_type=\"slides.default\">\n\t\t\t\t<div class=\"elementor-widget-container\">\n\t\t\t\t\t\t\t\t\t<div class=\"elementor-swiper\">\n\t\t\t\t\t<div class=\"elementor-slides-wrapper elementor-main-swiper swiper\" role=\"region\" aria-roledescription=\"carousel\" aria-label=\"Diapositivas\" dir=\"ltr\" data-animation=\"fadeInUp\">\n\t\t\t\t<div class=\"swiper-wrapper elementor-slides\">\n\t\t\t\t\t\t\t\t\t\t<div class=\"elementor-repeater-item-9a56c27 swiper-slide\" role=\"group\" aria-roledescription=\"slide\"><div class=\"swiper-slide-bg\" role=\"img\" aria-label=\"mobles_oficina_capmanymuntatges-1-\"><\/div><div class=\"swiper-slide-inner\" ><div class=\"swiper-slide-contents\"><div class=\"elementor-slide-heading\">Cat\u00e1logo<\/div><\/div><\/div><\/div>\t\t\t\t<\/div>\n\t\t\t\t\t\t\t<\/div>\n\t\t\t\t<\/div>\n\t\t\t\t\t\t\t\t<\/div>\n\t\t\t\t<\/div>\n\t\t\t\t\t<\/div>\n\t\t<\/div>\n\t\t\t\t\t<\/div>\n\t\t<\/section>\n\t\t\t\t<section class=\"elementor-section elementor-top-section elementor-element elementor-element-5462b40 elementor-section-boxed elementor-section-height-default elementor-section-height-default\" data-id=\"5462b40\" data-element_type=\"section\" data-e-type=\"section\">\n\t\t\t\t\t\t<div class=\"elementor-container elementor-column-gap-default\">\n\t\t\t\t\t<div class=\"elementor-column elementor-col-100 elementor-top-column elementor-element elementor-element-ea3ad6d\" data-id=\"ea3ad6d\" data-element_type=\"column\" data-e-type=\"column\">\n\t\t\t<div class=\"elementor-widget-wrap elementor-element-populated\">\n\t\t\t\t\t\t<div class=\"elementor-element elementor-element-4da2c5e elementor-arrows-position-outside cataleg elementor-widget elementor-widget-image-carousel\" data-id=\"4da2c5e\" data-element_type=\"widget\" data-e-type=\"widget\" data-settings=\"{&quot;slides_to_show&quot;:&quot;1&quot;,&quot;navigation&quot;:&quot;arrows&quot;,&quot;autoplay&quot;:&quot;no&quot;,&quot;infinite&quot;:&quot;yes&quot;,&quot;effect&quot;:&quot;slide&quot;,&quot;speed&quot;:500}\" data-widget_type=\"image-carousel.default\">\n\t\t\t\t<div class=\"elementor-widget-container\">\n\t\t\t\t\t\t\t<div class=\"elementor-image-carousel-wrapper swiper\" role=\"region\" aria-roledescription=\"carousel\" aria-label=\"Carrusel de im\u00e1genes\" dir=\"ltr\">\n\t\t\t<div class=\"elementor-image-carousel swiper-wrapper swiper-image-stretch\" aria-live=\"polite\">\n\t\t\t\t\t\t\t\t<div class=\"swiper-slide\" role=\"group\" aria-roledescription=\"slide\" aria-label=\"1 de 10\"><a data-elementor-open-lightbox=\"yes\" data-elementor-lightbox-slideshow=\"4da2c5e\" data-elementor-lightbox-title=\"Catalogo-Capmany-Muntatges_pagina_01\" data-e-action-hash=\"#elementor-action%3Aaction%3Dlightbox%26settings%3DeyJpZCI6MTQ5MywidXJsIjoiaHR0cHM6XC9cL2NhcG1hbnltdW50YXRnZXMuY2F0XC93cC1jb250ZW50XC91cGxvYWRzXC8yMDIxXC8wN1wvQ2F0YWxvZ28tQ2FwbWFueS1NdW50YXRnZXNfcGFnaW5hXzAxLmpwZyIsInNsaWRlc2hvdyI6IjRkYTJjNWUifQ%3D%3D\" href=\"https:\/\/capmanymuntatges.cat\/wp-content\/uploads\/2021\/07\/Catalogo-Capmany-Muntatges_pagina_01.jpg\"><figure class=\"swiper-slide-inner\"><img decoding=\"async\" class=\"swiper-slide-image\" src=\"https:\/\/capmanymuntatges.cat\/wp-content\/uploads\/2021\/07\/Catalogo-Capmany-Muntatges_pagina_01.jpg\" alt=\"Catalogo-Capmany-Muntatges_pagina_01\" \/><\/figure><\/a><\/div><div class=\"swiper-slide\" role=\"group\" aria-roledescription=\"slide\" aria-label=\"2 de 10\"><a data-elementor-open-lightbox=\"yes\" data-elementor-lightbox-slideshow=\"4da2c5e\" data-elementor-lightbox-title=\"Catalogo-Capmany-Muntatges_pagina_02\" data-e-action-hash=\"#elementor-action%3Aaction%3Dlightbox%26settings%3DeyJpZCI6MTQ5NCwidXJsIjoiaHR0cHM6XC9cL2NhcG1hbnltdW50YXRnZXMuY2F0XC93cC1jb250ZW50XC91cGxvYWRzXC8yMDIxXC8wN1wvQ2F0YWxvZ28tQ2FwbWFueS1NdW50YXRnZXNfcGFnaW5hXzAyLmpwZyIsInNsaWRlc2hvdyI6IjRkYTJjNWUifQ%3D%3D\" href=\"https:\/\/capmanymuntatges.cat\/wp-content\/uploads\/2021\/07\/Catalogo-Capmany-Muntatges_pagina_02.jpg\"><figure class=\"swiper-slide-inner\"><img decoding=\"async\" class=\"swiper-slide-image\" src=\"https:\/\/capmanymuntatges.cat\/wp-content\/uploads\/2021\/07\/Catalogo-Capmany-Muntatges_pagina_02.jpg\" alt=\"Catalogo-Capmany-Muntatges_pagina_02\" \/><\/figure><\/a><\/div><div class=\"swiper-slide\" role=\"group\" aria-roledescription=\"slide\" aria-label=\"3 de 10\"><a data-elementor-open-lightbox=\"yes\" data-elementor-lightbox-slideshow=\"4da2c5e\" data-elementor-lightbox-title=\"Catalogo-Capmany-Muntatges_pagina_03\" data-e-action-hash=\"#elementor-action%3Aaction%3Dlightbox%26settings%3DeyJpZCI6MTQ5NSwidXJsIjoiaHR0cHM6XC9cL2NhcG1hbnltdW50YXRnZXMuY2F0XC93cC1jb250ZW50XC91cGxvYWRzXC8yMDIxXC8wN1wvQ2F0YWxvZ28tQ2FwbWFueS1NdW50YXRnZXNfcGFnaW5hXzAzLmpwZyIsInNsaWRlc2hvdyI6IjRkYTJjNWUifQ%3D%3D\" href=\"https:\/\/capmanymuntatges.cat\/wp-content\/uploads\/2021\/07\/Catalogo-Capmany-Muntatges_pagina_03.jpg\"><figure class=\"swiper-slide-inner\"><img decoding=\"async\" class=\"swiper-slide-image\" src=\"https:\/\/capmanymuntatges.cat\/wp-content\/uploads\/2021\/07\/Catalogo-Capmany-Muntatges_pagina_03.jpg\" alt=\"Catalogo-Capmany-Muntatges_pagina_03\" \/><\/figure><\/a><\/div><div class=\"swiper-slide\" role=\"group\" aria-roledescription=\"slide\" aria-label=\"4 de 10\"><a data-elementor-open-lightbox=\"yes\" data-elementor-lightbox-slideshow=\"4da2c5e\" data-elementor-lightbox-title=\"Catalogo-Capmany-Muntatges_pagina_04\" data-e-action-hash=\"#elementor-action%3Aaction%3Dlightbox%26settings%3DeyJpZCI6MTQ5NiwidXJsIjoiaHR0cHM6XC9cL2NhcG1hbnltdW50YXRnZXMuY2F0XC93cC1jb250ZW50XC91cGxvYWRzXC8yMDIxXC8wN1wvQ2F0YWxvZ28tQ2FwbWFueS1NdW50YXRnZXNfcGFnaW5hXzA0LmpwZyIsInNsaWRlc2hvdyI6IjRkYTJjNWUifQ%3D%3D\" href=\"https:\/\/capmanymuntatges.cat\/wp-content\/uploads\/2021\/07\/Catalogo-Capmany-Muntatges_pagina_04.jpg\"><figure class=\"swiper-slide-inner\"><img decoding=\"async\" class=\"swiper-slide-image\" src=\"https:\/\/capmanymuntatges.cat\/wp-content\/uploads\/2021\/07\/Catalogo-Capmany-Muntatges_pagina_04.jpg\" alt=\"Catalogo-Capmany-Muntatges_pagina_04\" \/><\/figure><\/a><\/div><div class=\"swiper-slide\" role=\"group\" aria-roledescription=\"slide\" aria-label=\"5 de 10\"><a data-elementor-open-lightbox=\"yes\" data-elementor-lightbox-slideshow=\"4da2c5e\" data-elementor-lightbox-title=\"Catalogo-Capmany-Muntatges_pagina_05\" data-e-action-hash=\"#elementor-action%3Aaction%3Dlightbox%26settings%3DeyJpZCI6MTQ5NywidXJsIjoiaHR0cHM6XC9cL2NhcG1hbnltdW50YXRnZXMuY2F0XC93cC1jb250ZW50XC91cGxvYWRzXC8yMDIxXC8wN1wvQ2F0YWxvZ28tQ2FwbWFueS1NdW50YXRnZXNfcGFnaW5hXzA1LmpwZyIsInNsaWRlc2hvdyI6IjRkYTJjNWUifQ%3D%3D\" href=\"https:\/\/capmanymuntatges.cat\/wp-content\/uploads\/2021\/07\/Catalogo-Capmany-Muntatges_pagina_05.jpg\"><figure class=\"swiper-slide-inner\"><img decoding=\"async\" class=\"swiper-slide-image\" src=\"https:\/\/capmanymuntatges.cat\/wp-content\/uploads\/2021\/07\/Catalogo-Capmany-Muntatges_pagina_05.jpg\" alt=\"Catalogo-Capmany-Muntatges_pagina_05\" \/><\/figure><\/a><\/div><div class=\"swiper-slide\" role=\"group\" aria-roledescription=\"slide\" aria-label=\"6 de 10\"><a data-elementor-open-lightbox=\"yes\" data-elementor-lightbox-slideshow=\"4da2c5e\" data-elementor-lightbox-title=\"Catalogo-Capmany-Muntatges_pagina_06\" data-e-action-hash=\"#elementor-action%3Aaction%3Dlightbox%26settings%3DeyJpZCI6MTQ5OCwidXJsIjoiaHR0cHM6XC9cL2NhcG1hbnltdW50YXRnZXMuY2F0XC93cC1jb250ZW50XC91cGxvYWRzXC8yMDIxXC8wN1wvQ2F0YWxvZ28tQ2FwbWFueS1NdW50YXRnZXNfcGFnaW5hXzA2LmpwZyIsInNsaWRlc2hvdyI6IjRkYTJjNWUifQ%3D%3D\" href=\"https:\/\/capmanymuntatges.cat\/wp-content\/uploads\/2021\/07\/Catalogo-Capmany-Muntatges_pagina_06.jpg\"><figure class=\"swiper-slide-inner\"><img decoding=\"async\" class=\"swiper-slide-image\" src=\"https:\/\/capmanymuntatges.cat\/wp-content\/uploads\/2021\/07\/Catalogo-Capmany-Muntatges_pagina_06.jpg\" alt=\"Catalogo-Capmany-Muntatges_pagina_06\" \/><\/figure><\/a><\/div><div class=\"swiper-slide\" role=\"group\" aria-roledescription=\"slide\" aria-label=\"7 de 10\"><a data-elementor-open-lightbox=\"yes\" data-elementor-lightbox-slideshow=\"4da2c5e\" data-elementor-lightbox-title=\"Catalogo-Capmany-Muntatges_pagina_07\" data-e-action-hash=\"#elementor-action%3Aaction%3Dlightbox%26settings%3DeyJpZCI6MTQ5OSwidXJsIjoiaHR0cHM6XC9cL2NhcG1hbnltdW50YXRnZXMuY2F0XC93cC1jb250ZW50XC91cGxvYWRzXC8yMDIxXC8wN1wvQ2F0YWxvZ28tQ2FwbWFueS1NdW50YXRnZXNfcGFnaW5hXzA3LmpwZyIsInNsaWRlc2hvdyI6IjRkYTJjNWUifQ%3D%3D\" href=\"https:\/\/capmanymuntatges.cat\/wp-content\/uploads\/2021\/07\/Catalogo-Capmany-Muntatges_pagina_07.jpg\"><figure class=\"swiper-slide-inner\"><img decoding=\"async\" class=\"swiper-slide-image\" src=\"https:\/\/capmanymuntatges.cat\/wp-content\/uploads\/2021\/07\/Catalogo-Capmany-Muntatges_pagina_07.jpg\" alt=\"Catalogo-Capmany-Muntatges_pagina_07\" \/><\/figure><\/a><\/div><div class=\"swiper-slide\" role=\"group\" aria-roledescription=\"slide\" aria-label=\"8 de 10\"><a data-elementor-open-lightbox=\"yes\" data-elementor-lightbox-slideshow=\"4da2c5e\" data-elementor-lightbox-title=\"Catalogo-Capmany-Muntatges_pagina_08\" data-e-action-hash=\"#elementor-action%3Aaction%3Dlightbox%26settings%3DeyJpZCI6MTUwMCwidXJsIjoiaHR0cHM6XC9cL2NhcG1hbnltdW50YXRnZXMuY2F0XC93cC1jb250ZW50XC91cGxvYWRzXC8yMDIxXC8wN1wvQ2F0YWxvZ28tQ2FwbWFueS1NdW50YXRnZXNfcGFnaW5hXzA4LmpwZyIsInNsaWRlc2hvdyI6IjRkYTJjNWUifQ%3D%3D\" href=\"https:\/\/capmanymuntatges.cat\/wp-content\/uploads\/2021\/07\/Catalogo-Capmany-Muntatges_pagina_08.jpg\"><figure class=\"swiper-slide-inner\"><img decoding=\"async\" class=\"swiper-slide-image\" src=\"https:\/\/capmanymuntatges.cat\/wp-content\/uploads\/2021\/07\/Catalogo-Capmany-Muntatges_pagina_08.jpg\" alt=\"Catalogo-Capmany-Muntatges_pagina_08\" \/><\/figure><\/a><\/div><div class=\"swiper-slide\" role=\"group\" aria-roledescription=\"slide\" aria-label=\"9 de 10\"><a data-elementor-open-lightbox=\"yes\" data-elementor-lightbox-slideshow=\"4da2c5e\" data-elementor-lightbox-title=\"Catalogo-Capmany-Muntatges_pagina_09\" data-e-action-hash=\"#elementor-action%3Aaction%3Dlightbox%26settings%3DeyJpZCI6MTUwMSwidXJsIjoiaHR0cHM6XC9cL2NhcG1hbnltdW50YXRnZXMuY2F0XC93cC1jb250ZW50XC91cGxvYWRzXC8yMDIxXC8wN1wvQ2F0YWxvZ28tQ2FwbWFueS1NdW50YXRnZXNfcGFnaW5hXzA5LmpwZyIsInNsaWRlc2hvdyI6IjRkYTJjNWUifQ%3D%3D\" href=\"https:\/\/capmanymuntatges.cat\/wp-content\/uploads\/2021\/07\/Catalogo-Capmany-Muntatges_pagina_09.jpg\"><figure class=\"swiper-slide-inner\"><img decoding=\"async\" class=\"swiper-slide-image\" src=\"https:\/\/capmanymuntatges.cat\/wp-content\/uploads\/2021\/07\/Catalogo-Capmany-Muntatges_pagina_09.jpg\" alt=\"Catalogo-Capmany-Muntatges_pagina_09\" \/><\/figure><\/a><\/div><div class=\"swiper-slide\" role=\"group\" aria-roledescription=\"slide\" aria-label=\"10 de 10\"><a data-elementor-open-lightbox=\"yes\" data-elementor-lightbox-slideshow=\"4da2c5e\" data-elementor-lightbox-title=\"Catalogo-Capmany-Muntatges_pagina_10\" data-e-action-hash=\"#elementor-action%3Aaction%3Dlightbox%26settings%3DeyJpZCI6MTUwMiwidXJsIjoiaHR0cHM6XC9cL2NhcG1hbnltdW50YXRnZXMuY2F0XC93cC1jb250ZW50XC91cGxvYWRzXC8yMDIxXC8wN1wvQ2F0YWxvZ28tQ2FwbWFueS1NdW50YXRnZXNfcGFnaW5hXzEwLmpwZyIsInNsaWRlc2hvdyI6IjRkYTJjNWUifQ%3D%3D\" href=\"https:\/\/capmanymuntatges.cat\/wp-content\/uploads\/2021\/07\/Catalogo-Capmany-Muntatges_pagina_10.jpg\"><figure class=\"swiper-slide-inner\"><img decoding=\"async\" class=\"swiper-slide-image\" src=\"https:\/\/capmanymuntatges.cat\/wp-content\/uploads\/2021\/07\/Catalogo-Capmany-Muntatges_pagina_10.jpg\" alt=\"Catalogo-Capmany-Muntatges_pagina_10\" \/><\/figure><\/a><\/div>\t\t\t<\/div>\n\t\t\t\t\t\t\t\t\t\t\t\t<div class=\"elementor-swiper-button elementor-swiper-button-prev\" role=\"button\" tabindex=\"0\">\n\t\t\t\t\t\t<i aria-hidden=\"true\" class=\"eicon-chevron-left\"><\/i>\t\t\t\t\t<\/div>\n\t\t\t\t\t<div class=\"elementor-swiper-button elementor-swiper-button-next\" role=\"button\" tabindex=\"0\">\n\t\t\t\t\t\t<i aria-hidden=\"true\" class=\"eicon-chevron-right\"><\/i>\t\t\t\t\t<\/div>\n\t\t\t\t\n\t\t\t\t\t\t\t\t\t<\/div>\n\t\t\t\t\t\t<\/div>\n\t\t\t\t<\/div>\n\t\t\t\t\t<\/div>\n\t\t<\/div>\n\t\t\t\t\t<\/div>\n\t\t<\/section>\n\t\t\t\t<\/div>\n\t\t","protected":false},"excerpt":{"rendered":"<p>Cat\u00e1logo Anterior Siguiente<\/p>\n","protected":false},"author":1,"featured_media":0,"parent":0,"menu_order":0,"comment_status":"closed","ping_status":"closed","template":"","meta":{"_acf_changed":false,"footnotes":""},"class_list":["post-830","page","type-page","status-publish"],"acf":[],"yoast_head":"<!-- This site is optimized with the Yoast SEO plugin v27.3 - https:\/\/yoast.com\/product\/yoast-seo-wordpress\/ -->\n<title>Cat\u00e1logo - Capmany Muntatges<\/title>\n<meta name=\"description\" content=\"Consulta el cat\u00e1logo de Capmany Muntatges para ver todas nuestras \u00faltimas novedades y productos que ofrecemos.\" \/>\n<meta name=\"robots\" content=\"index, follow, max-snippet:-1, max-image-preview:large, max-video-preview:-1\" \/>\n<link rel=\"canonical\" href=\"https:\/\/capmanymuntatges.cat\/es\/catalogo\/\" \/>\n<meta property=\"og:locale\" content=\"es_ES\" \/>\n<meta property=\"og:type\" content=\"article\" \/>\n<meta property=\"og:title\" content=\"Cat\u00e1logo - Capmany Muntatges\" \/>\n<meta property=\"og:description\" content=\"Consulta el cat\u00e1logo de Capmany Muntatges para ver todas nuestras \u00faltimas novedades y productos que ofrecemos.\" \/>\n<meta property=\"og:url\" content=\"https:\/\/capmanymuntatges.cat\/es\/catalogo\/\" \/>\n<meta property=\"og:site_name\" content=\"Capmany Muntatges\" \/>\n<meta property=\"article:modified_time\" content=\"2021-08-10T06:44:18+00:00\" \/>\n<meta property=\"og:image\" content=\"https:\/\/capmanymuntatges.cat\/wp-content\/uploads\/2021\/07\/Catalogo-Capmany-Muntatges_pagina_01.jpg\" \/>\n<meta name=\"twitter:card\" content=\"summary_large_image\" \/>\n<meta name=\"twitter:label1\" content=\"Tiempo de lectura\" \/>\n\t<meta name=\"twitter:data1\" content=\"3 minutos\" \/>\n<script type=\"application\/ld+json\" class=\"yoast-schema-graph\">{\"@context\":\"https:\\\/\\\/schema.org\",\"@graph\":[{\"@type\":\"WebPage\",\"@id\":\"https:\\\/\\\/capmanymuntatges.cat\\\/es\\\/catalogo\\\/\",\"url\":\"https:\\\/\\\/capmanymuntatges.cat\\\/es\\\/catalogo\\\/\",\"name\":\"Cat\u00e1logo - Capmany Muntatges\",\"isPartOf\":{\"@id\":\"https:\\\/\\\/capmanymuntatges.cat\\\/es\\\/#website\"},\"primaryImageOfPage\":{\"@id\":\"https:\\\/\\\/capmanymuntatges.cat\\\/es\\\/catalogo\\\/#primaryimage\"},\"image\":{\"@id\":\"https:\\\/\\\/capmanymuntatges.cat\\\/es\\\/catalogo\\\/#primaryimage\"},\"thumbnailUrl\":\"https:\\\/\\\/capmanymuntatges.cat\\\/wp-content\\\/uploads\\\/2021\\\/07\\\/Catalogo-Capmany-Muntatges_pagina_01.jpg\",\"datePublished\":\"2021-05-20T08:07:24+00:00\",\"dateModified\":\"2021-08-10T06:44:18+00:00\",\"description\":\"Consulta el cat\u00e1logo de Capmany Muntatges para ver todas nuestras \u00faltimas novedades y productos que ofrecemos.\",\"breadcrumb\":{\"@id\":\"https:\\\/\\\/capmanymuntatges.cat\\\/es\\\/catalogo\\\/#breadcrumb\"},\"inLanguage\":\"es\",\"potentialAction\":[{\"@type\":\"ReadAction\",\"target\":[\"https:\\\/\\\/capmanymuntatges.cat\\\/es\\\/catalogo\\\/\"]}]},{\"@type\":\"ImageObject\",\"inLanguage\":\"es\",\"@id\":\"https:\\\/\\\/capmanymuntatges.cat\\\/es\\\/catalogo\\\/#primaryimage\",\"url\":\"https:\\\/\\\/capmanymuntatges.cat\\\/wp-content\\\/uploads\\\/2021\\\/07\\\/Catalogo-Capmany-Muntatges_pagina_01.jpg\",\"contentUrl\":\"https:\\\/\\\/capmanymuntatges.cat\\\/wp-content\\\/uploads\\\/2021\\\/07\\\/Catalogo-Capmany-Muntatges_pagina_01.jpg\"},{\"@type\":\"BreadcrumbList\",\"@id\":\"https:\\\/\\\/capmanymuntatges.cat\\\/es\\\/catalogo\\\/#breadcrumb\",\"itemListElement\":[{\"@type\":\"ListItem\",\"position\":1,\"name\":\"Portada\",\"item\":\"https:\\\/\\\/capmanymuntatges.cat\\\/es\\\/\"},{\"@type\":\"ListItem\",\"position\":2,\"name\":\"Cat\u00e1logo\"}]},{\"@type\":\"WebSite\",\"@id\":\"https:\\\/\\\/capmanymuntatges.cat\\\/es\\\/#website\",\"url\":\"https:\\\/\\\/capmanymuntatges.cat\\\/es\\\/\",\"name\":\"Capmany Muntatges\",\"description\":\"Mobiliari d&#039;oficina\",\"publisher\":{\"@id\":\"https:\\\/\\\/capmanymuntatges.cat\\\/es\\\/#organization\"},\"potentialAction\":[{\"@type\":\"SearchAction\",\"target\":{\"@type\":\"EntryPoint\",\"urlTemplate\":\"https:\\\/\\\/capmanymuntatges.cat\\\/es\\\/?s={search_term_string}\"},\"query-input\":{\"@type\":\"PropertyValueSpecification\",\"valueRequired\":true,\"valueName\":\"search_term_string\"}}],\"inLanguage\":\"es\"},{\"@type\":\"Organization\",\"@id\":\"https:\\\/\\\/capmanymuntatges.cat\\\/es\\\/#organization\",\"name\":\"Capmany Muntatges\",\"url\":\"https:\\\/\\\/capmanymuntatges.cat\\\/es\\\/\",\"logo\":{\"@type\":\"ImageObject\",\"inLanguage\":\"es\",\"@id\":\"https:\\\/\\\/capmanymuntatges.cat\\\/es\\\/#\\\/schema\\\/logo\\\/image\\\/\",\"url\":\"https:\\\/\\\/capmanymuntatges.cat\\\/wp-content\\\/uploads\\\/2023\\\/03\\\/logo-capmany-muntatges.png\",\"contentUrl\":\"https:\\\/\\\/capmanymuntatges.cat\\\/wp-content\\\/uploads\\\/2023\\\/03\\\/logo-capmany-muntatges.png\",\"width\":818,\"height\":285,\"caption\":\"Capmany Muntatges\"},\"image\":{\"@id\":\"https:\\\/\\\/capmanymuntatges.cat\\\/es\\\/#\\\/schema\\\/logo\\\/image\\\/\"}}]}<\/script>\n<!-- \/ Yoast SEO plugin. -->","yoast_head_json":{"title":"Cat\u00e1logo - Capmany Muntatges","description":"Consulta el cat\u00e1logo de Capmany Muntatges para ver todas nuestras \u00faltimas novedades y productos que ofrecemos.","robots":{"index":"index","follow":"follow","max-snippet":"max-snippet:-1","max-image-preview":"max-image-preview:large","max-video-preview":"max-video-preview:-1"},"canonical":"https:\/\/capmanymuntatges.cat\/es\/catalogo\/","og_locale":"es_ES","og_type":"article","og_title":"Cat\u00e1logo - Capmany Muntatges","og_description":"Consulta el cat\u00e1logo de Capmany Muntatges para ver todas nuestras \u00faltimas novedades y productos que ofrecemos.","og_url":"https:\/\/capmanymuntatges.cat\/es\/catalogo\/","og_site_name":"Capmany Muntatges","article_modified_time":"2021-08-10T06:44:18+00:00","og_image":[{"url":"https:\/\/capmanymuntatges.cat\/wp-content\/uploads\/2021\/07\/Catalogo-Capmany-Muntatges_pagina_01.jpg","type":"","width":"","height":""}],"twitter_card":"summary_large_image","twitter_misc":{"Tiempo de lectura":"3 minutos"},"schema":{"@context":"https:\/\/schema.org","@graph":[{"@type":"WebPage","@id":"https:\/\/capmanymuntatges.cat\/es\/catalogo\/","url":"https:\/\/capmanymuntatges.cat\/es\/catalogo\/","name":"Cat\u00e1logo - Capmany Muntatges","isPartOf":{"@id":"https:\/\/capmanymuntatges.cat\/es\/#website"},"primaryImageOfPage":{"@id":"https:\/\/capmanymuntatges.cat\/es\/catalogo\/#primaryimage"},"image":{"@id":"https:\/\/capmanymuntatges.cat\/es\/catalogo\/#primaryimage"},"thumbnailUrl":"https:\/\/capmanymuntatges.cat\/wp-content\/uploads\/2021\/07\/Catalogo-Capmany-Muntatges_pagina_01.jpg","datePublished":"2021-05-20T08:07:24+00:00","dateModified":"2021-08-10T06:44:18+00:00","description":"Consulta el cat\u00e1logo de Capmany Muntatges para ver todas nuestras \u00faltimas novedades y productos que ofrecemos.","breadcrumb":{"@id":"https:\/\/capmanymuntatges.cat\/es\/catalogo\/#breadcrumb"},"inLanguage":"es","potentialAction":[{"@type":"ReadAction","target":["https:\/\/capmanymuntatges.cat\/es\/catalogo\/"]}]},{"@type":"ImageObject","inLanguage":"es","@id":"https:\/\/capmanymuntatges.cat\/es\/catalogo\/#primaryimage","url":"https:\/\/capmanymuntatges.cat\/wp-content\/uploads\/2021\/07\/Catalogo-Capmany-Muntatges_pagina_01.jpg","contentUrl":"https:\/\/capmanymuntatges.cat\/wp-content\/uploads\/2021\/07\/Catalogo-Capmany-Muntatges_pagina_01.jpg"},{"@type":"BreadcrumbList","@id":"https:\/\/capmanymuntatges.cat\/es\/catalogo\/#breadcrumb","itemListElement":[{"@type":"ListItem","position":1,"name":"Portada","item":"https:\/\/capmanymuntatges.cat\/es\/"},{"@type":"ListItem","position":2,"name":"Cat\u00e1logo"}]},{"@type":"WebSite","@id":"https:\/\/capmanymuntatges.cat\/es\/#website","url":"https:\/\/capmanymuntatges.cat\/es\/","name":"Capmany Muntatges","description":"Mobiliari d&#039;oficina","publisher":{"@id":"https:\/\/capmanymuntatges.cat\/es\/#organization"},"potentialAction":[{"@type":"SearchAction","target":{"@type":"EntryPoint","urlTemplate":"https:\/\/capmanymuntatges.cat\/es\/?s={search_term_string}"},"query-input":{"@type":"PropertyValueSpecification","valueRequired":true,"valueName":"search_term_string"}}],"inLanguage":"es"},{"@type":"Organization","@id":"https:\/\/capmanymuntatges.cat\/es\/#organization","name":"Capmany Muntatges","url":"https:\/\/capmanymuntatges.cat\/es\/","logo":{"@type":"ImageObject","inLanguage":"es","@id":"https:\/\/capmanymuntatges.cat\/es\/#\/schema\/logo\/image\/","url":"https:\/\/capmanymuntatges.cat\/wp-content\/uploads\/2023\/03\/logo-capmany-muntatges.png","contentUrl":"https:\/\/capmanymuntatges.cat\/wp-content\/uploads\/2023\/03\/logo-capmany-muntatges.png","width":818,"height":285,"caption":"Capmany Muntatges"},"image":{"@id":"https:\/\/capmanymuntatges.cat\/es\/#\/schema\/logo\/image\/"}}]}},"_links":{"self":[{"href":"https:\/\/capmanymuntatges.cat\/es\/wp-json\/wp\/v2\/pages\/830","targetHints":{"allow":["GET"]}}],"collection":[{"href":"https:\/\/capmanymuntatges.cat\/es\/wp-json\/wp\/v2\/pages"}],"about":[{"href":"https:\/\/capmanymuntatges.cat\/es\/wp-json\/wp\/v2\/types\/page"}],"author":[{"embeddable":true,"href":"https:\/\/capmanymuntatges.cat\/es\/wp-json\/wp\/v2\/users\/1"}],"replies":[{"embeddable":true,"href":"https:\/\/capmanymuntatges.cat\/es\/wp-json\/wp\/v2\/comments?post=830"}],"version-history":[{"count":5,"href":"https:\/\/capmanymuntatges.cat\/es\/wp-json\/wp\/v2\/pages\/830\/revisions"}],"predecessor-version":[{"id":1778,"href":"https:\/\/capmanymuntatges.cat\/es\/wp-json\/wp\/v2\/pages\/830\/revisions\/1778"}],"wp:attachment":[{"href":"https:\/\/capmanymuntatges.cat\/es\/wp-json\/wp\/v2\/media?parent=830"}],"curies":[{"name":"wp","href":"https:\/\/api.w.org\/{rel}","templated":true}]}}